{"id":82,"date":"2012-02-29T11:35:23","date_gmt":"2012-02-29T14:35:23","guid":{"rendered":"https:\/\/www.infraestruturameioambiente.sp.gov.br\/institutogeologico\/?page_id=82"},"modified":"2023-04-27T12:33:02","modified_gmt":"2023-04-27T15:33:02","slug":"geologia-geral","status":"publish","type":"page","link":"https:\/\/www.infraestruturameioambiente.sp.gov.br\/institutogeologico\/pesquisas-em-geociencias\/geologia-geral\/","title":{"rendered":"Geologia Geral"},"content":{"rendered":"<p style=\"text-align: justify\">O N\u00facleo de Geologia Geral realiza pesquisas sobre a g\u00eanese e evolu\u00e7\u00e3o de unidades geol\u00f3gicas, contribuindo para a evolu\u00e7\u00e3o do conhecimento geol\u00f3gico do Estado de S\u00e3o Paulo. Tamb\u00e9m \u00e9 respons\u00e1vel por catalogar, organizar e preservar o acervo de amostras geol\u00f3gicas de superf\u00edcie e de subsuperf\u00edcie, de minerais, rochas, e cole\u00e7\u00f5es did\u00e1ticas de l\u00e2minas de rochas e minerais.<\/p>\n<p style=\"text-align: justify\"><strong>Linhas de Pesquisa:<\/strong> Geologia do Cenoz\u00f3ico; Paleoclima e Paleoambiente; Geoquimica; T\u00e9cnicas Anal\u00edticas Geol\u00f3gicas; Petrologia \u00edgnea; Petrologia metam\u00f3rfica; Is\u00f3topos est\u00e1veis; Intera\u00e7\u00e3o flu\u00eddo-rocha; Mapeamento geol\u00f3gico; Cartografia geol\u00f3gica de detalhe e digital; Estratigrafia e sedimenta\u00e7\u00e3o de bacias sedimentares; Tect\u00f4nica e evolu\u00e7\u00e3o de bacias sedimentares; Terrenos metam\u00f3rficos e magmatismo associado; Geotermobarometria; Paleontologia do Pr\u00e9 Cambriano; Geologia de terrenos c\u00e1rsticos.<\/p>\n<p><strong>A\u00e7\u00f5es em andamento:<\/strong> reforma e constru\u00e7\u00e3o do <a href=\"https:\/\/www.infraestruturameioambiente.sp.gov.br\/institutogeologico\/laboratorio-e-geotecnologia\/laboratorio-litoteca\/\">Laborat\u00f3rio Litoteca<\/a><\/p>\n","protected":false},"excerpt":{"rendered":"<p>O N\u00facleo de Geologia Geral realiza pesquisas sobre a g\u00eanese e evolu\u00e7\u00e3o de unidades geol\u00f3gicas, contribuindo para a evolu\u00e7\u00e3o do conhecimento geol\u00f3gico do Estado de S\u00e3o Paulo. Tamb\u00e9m \u00e9 respons\u00e1vel por catalogar, organizar e preservar o acervo de amostras geol\u00f3gicas de superf\u00edcie e de subsuperf\u00edcie, de minerais, rochas, e cole\u00e7\u00f5es did\u00e1ticas de l\u00e2minas de rochas [&hellip;]<\/p>\n","protected":false},"author":8,"featured_media":0,"parent":32,"menu_order":1,"comment_status":"open","ping_status":"open","template":"","meta":[],"_links":{"self":[{"href":"https:\/\/www.infraestruturameioambiente.sp.gov.br\/institutogeologico\/wp-json\/wp\/v2\/pages\/82"}],"collection":[{"href":"https:\/\/www.infraestruturameioambiente.sp.gov.br\/institutogeologico\/wp-json\/wp\/v2\/pages"}],"about":[{"href":"https:\/\/www.infraestruturameioambiente.sp.gov.br\/institutogeologico\/wp-json\/wp\/v2\/types\/page"}],"author":[{"embeddable":true,"href":"https:\/\/www.infraestruturameioambiente.sp.gov.br\/institutogeologico\/wp-json\/wp\/v2\/users\/8"}],"replies":[{"embeddable":true,"href":"https:\/\/www.infraestruturameioambiente.sp.gov.br\/institutogeologico\/wp-json\/wp\/v2\/comments?post=82"}],"version-history":[{"count":12,"href":"https:\/\/www.infraestruturameioambiente.sp.gov.br\/institutogeologico\/wp-json\/wp\/v2\/pages\/82\/revisions"}],"predecessor-version":[{"id":14052,"href":"https:\/\/www.infraestruturameioambiente.sp.gov.br\/institutogeologico\/wp-json\/wp\/v2\/pages\/82\/revisions\/14052"}],"up":[{"embeddable":true,"href":"https:\/\/www.infraestruturameioambiente.sp.gov.br\/institutogeologico\/wp-json\/wp\/v2\/pages\/32"}],"wp:attachment":[{"href":"https:\/\/www.infraestruturameioambiente.sp.gov.br\/institutogeologico\/wp-json\/wp\/v2\/media?parent=82"}],"curies":[{"name":"wp","href":"https:\/\/api.w.org\/{rel}","templated":true}]}}