{"id":790,"date":"2012-03-26T15:50:50","date_gmt":"2012-03-26T18:50:50","guid":{"rendered":"https:\/\/www.infraestruturameioambiente.sp.gov.br\/institutogeologico\/?page_id=790"},"modified":"2021-02-12T12:48:48","modified_gmt":"2021-02-12T14:48:48","slug":"relatorio-do-instituto-geologico","status":"publish","type":"page","link":"https:\/\/www.infraestruturameioambiente.sp.gov.br\/institutogeologico\/publicacoes\/relatorio-do-instituto-geologico\/","title":{"rendered":"Relat\u00f3rios"},"content":{"rendered":"<p style=\"text-align: justify\">O Relat\u00f3rio \u00e9 uma publica\u00e7\u00e3o seriada com atribui\u00e7\u00e3o de ISSN, que utiliza qualquer tipo de suporte, editada em partes sucessivas com designa\u00e7\u00f5es num\u00e9ricas e\/ou cronol\u00f3gicas e destinadas a ser continuada indefinidamente, sobre as atividades realizadas no Instituto Geol\u00f3gico.<\/p>\n<p><a href=\"https:\/\/www.infraestruturameioambiente.sp.gov.br\/institutogeologico\/category\/publicacoes\/relatorio-ig\/relatorio\/\"><img decoding=\"async\" loading=\"lazy\" class=\"aligncenter size-medium wp-image-9928\" src=\"https:\/\/www.infraestruturameioambiente.sp.gov.br\/wp-content\/uploads\/sites\/233\/2015\/10\/Relatorio_IG-200x300.jpg\" alt=\"Relatorio_IG\" width=\"200\" height=\"300\" srcset=\"https:\/\/www.infraestruturameioambiente.sp.gov.br\/institutogeologico\/wp-content\/uploads\/sites\/233\/2015\/10\/Relatorio_IG-200x300.jpg 200w, https:\/\/www.infraestruturameioambiente.sp.gov.br\/institutogeologico\/wp-content\/uploads\/sites\/233\/2015\/10\/Relatorio_IG-180x270.jpg 180w, https:\/\/www.infraestruturameioambiente.sp.gov.br\/institutogeologico\/wp-content\/uploads\/sites\/233\/2015\/10\/Relatorio_IG-103x155.jpg 103w, https:\/\/www.infraestruturameioambiente.sp.gov.br\/institutogeologico\/wp-content\/uploads\/sites\/233\/2015\/10\/Relatorio_IG-64x97.jpg 64w, https:\/\/www.infraestruturameioambiente.sp.gov.br\/institutogeologico\/wp-content\/uploads\/sites\/233\/2015\/10\/Relatorio_IG-45x68.jpg 45w, https:\/\/www.infraestruturameioambiente.sp.gov.br\/institutogeologico\/wp-content\/uploads\/sites\/233\/2015\/10\/Relatorio_IG-134x201.jpg 134w, https:\/\/www.infraestruturameioambiente.sp.gov.br\/institutogeologico\/wp-content\/uploads\/sites\/233\/2015\/10\/Relatorio_IG-86x129.jpg 86w, https:\/\/www.infraestruturameioambiente.sp.gov.br\/institutogeologico\/wp-content\/uploads\/sites\/233\/2015\/10\/Relatorio_IG-66x99.jpg 66w, https:\/\/www.infraestruturameioambiente.sp.gov.br\/institutogeologico\/wp-content\/uploads\/sites\/233\/2015\/10\/Relatorio_IG-46x70.jpg 46w, https:\/\/www.infraestruturameioambiente.sp.gov.br\/institutogeologico\/wp-content\/uploads\/sites\/233\/2015\/10\/Relatorio_IG.jpg 800w\" sizes=\"(max-width: 200px) 100vw, 200px\" \/><\/a><\/p>\n<p>Para acessar os relat\u00f3rios de projetos <a href=\"https:\/\/www.infraestruturameioambiente.sp.gov.br\/institutogeologico\/category\/relatorios\/relatorio-projetos\/\">CLIQUE AQUI<\/a>.<\/p>\n<p>Para acessar os relat\u00f3rios do IG <a href=\"https:\/\/www.infraestruturameioambiente.sp.gov.br\/institutogeologico\/category\/relatorios\/relatorio-ig\/\">CLIQUE AQUI<\/a>.<\/p>\n<p>&nbsp;<\/p>\n","protected":false},"excerpt":{"rendered":"<p>O Relat\u00f3rio \u00e9 uma publica\u00e7\u00e3o seriada com atribui\u00e7\u00e3o de ISSN, que utiliza qualquer tipo de suporte, editada em partes sucessivas com designa\u00e7\u00f5es num\u00e9ricas e\/ou cronol\u00f3gicas e destinadas a ser continuada indefinidamente, sobre as atividades realizadas no Instituto Geol\u00f3gico. Para acessar os relat\u00f3rios de projetos CLIQUE AQUI. Para acessar os relat\u00f3rios do IG CLIQUE AQUI. &nbsp;<\/p>\n","protected":false},"author":1,"featured_media":0,"parent":41,"menu_order":0,"comment_status":"open","ping_status":"open","template":"","meta":[],"_links":{"self":[{"href":"https:\/\/www.infraestruturameioambiente.sp.gov.br\/institutogeologico\/wp-json\/wp\/v2\/pages\/790"}],"collection":[{"href":"https:\/\/www.infraestruturameioambiente.sp.gov.br\/institutogeologico\/wp-json\/wp\/v2\/pages"}],"about":[{"href":"https:\/\/www.infraestruturameioambiente.sp.gov.br\/institutogeologico\/wp-json\/wp\/v2\/types\/page"}],"author":[{"embeddable":true,"href":"https:\/\/www.infraestruturameioambiente.sp.gov.br\/institutogeologico\/wp-json\/wp\/v2\/users\/1"}],"replies":[{"embeddable":true,"href":"https:\/\/www.infraestruturameioambiente.sp.gov.br\/institutogeologico\/wp-json\/wp\/v2\/comments?post=790"}],"version-history":[{"count":6,"href":"https:\/\/www.infraestruturameioambiente.sp.gov.br\/institutogeologico\/wp-json\/wp\/v2\/pages\/790\/revisions"}],"predecessor-version":[{"id":13750,"href":"https:\/\/www.infraestruturameioambiente.sp.gov.br\/institutogeologico\/wp-json\/wp\/v2\/pages\/790\/revisions\/13750"}],"up":[{"embeddable":true,"href":"https:\/\/www.infraestruturameioambiente.sp.gov.br\/institutogeologico\/wp-json\/wp\/v2\/pages\/41"}],"wp:attachment":[{"href":"https:\/\/www.infraestruturameioambiente.sp.gov.br\/institutogeologico\/wp-json\/wp\/v2\/media?parent=790"}],"curies":[{"name":"wp","href":"https:\/\/api.w.org\/{rel}","templated":true}]}}