{"id":786,"date":"2012-03-26T15:46:21","date_gmt":"2012-03-26T18:46:21","guid":{"rendered":"https:\/\/www.infraestruturameioambiente.sp.gov.br\/institutogeologico\/?page_id=786"},"modified":"2021-02-12T12:51:06","modified_gmt":"2021-02-12T14:51:06","slug":"mapas","status":"publish","type":"page","link":"https:\/\/www.infraestruturameioambiente.sp.gov.br\/institutogeologico\/publicacoes\/mapas\/","title":{"rendered":"Mapas"},"content":{"rendered":"<p>Para promover a dissemina\u00e7\u00e3o e a aplica\u00e7\u00e3o do conhecimento cient\u00edfico e tecnol\u00f3gico em Geoci\u00eancias, em prol da ci\u00eancia, do desenvolvimento social e da comunidade o Instituto Geol\u00f3gico faz a publica\u00e7\u00e3o de diversos tipos de mapas.<\/p>\n<p><a href=\"https:\/\/www.infraestruturameioambiente.sp.gov.br\/wp-content\/uploads\/sites\/233\/2012\/03\/Mapas_IG.jpg\"><img decoding=\"async\" loading=\"lazy\" class=\"aligncenter size-medium wp-image-9937\" src=\"https:\/\/www.infraestruturameioambiente.sp.gov.br\/wp-content\/uploads\/sites\/233\/2012\/03\/Mapas_IG-202x300.jpg\" alt=\"Mapas_IG\" width=\"202\" height=\"300\" srcset=\"https:\/\/www.infraestruturameioambiente.sp.gov.br\/institutogeologico\/wp-content\/uploads\/sites\/233\/2012\/03\/Mapas_IG-202x300.jpg 202w, https:\/\/www.infraestruturameioambiente.sp.gov.br\/institutogeologico\/wp-content\/uploads\/sites\/233\/2012\/03\/Mapas_IG-182x270.jpg 182w, https:\/\/www.infraestruturameioambiente.sp.gov.br\/institutogeologico\/wp-content\/uploads\/sites\/233\/2012\/03\/Mapas_IG-104x155.jpg 104w, https:\/\/www.infraestruturameioambiente.sp.gov.br\/institutogeologico\/wp-content\/uploads\/sites\/233\/2012\/03\/Mapas_IG-65x97.jpg 65w, https:\/\/www.infraestruturameioambiente.sp.gov.br\/institutogeologico\/wp-content\/uploads\/sites\/233\/2012\/03\/Mapas_IG-45x68.jpg 45w, https:\/\/www.infraestruturameioambiente.sp.gov.br\/institutogeologico\/wp-content\/uploads\/sites\/233\/2012\/03\/Mapas_IG-135x201.jpg 135w, https:\/\/www.infraestruturameioambiente.sp.gov.br\/institutogeologico\/wp-content\/uploads\/sites\/233\/2012\/03\/Mapas_IG-86x129.jpg 86w, https:\/\/www.infraestruturameioambiente.sp.gov.br\/institutogeologico\/wp-content\/uploads\/sites\/233\/2012\/03\/Mapas_IG-66x99.jpg 66w, https:\/\/www.infraestruturameioambiente.sp.gov.br\/institutogeologico\/wp-content\/uploads\/sites\/233\/2012\/03\/Mapas_IG-47x70.jpg 47w, https:\/\/www.infraestruturameioambiente.sp.gov.br\/institutogeologico\/wp-content\/uploads\/sites\/233\/2012\/03\/Mapas_IG.jpg 1000w\" sizes=\"(max-width: 202px) 100vw, 202px\" \/><\/a><\/p>\n<p>Para acessar os Mapas e Planos de Informa\u00e7\u00e3o <a href=\"https:\/\/www.infraestruturameioambiente.sp.gov.br\/institutogeologico\/category\/publicacoes\/mapas\/mapas-planos-informacao\/\">CLIQUE AQUI<\/a>.<\/p>\n<p>&nbsp;<\/p>\n","protected":false},"excerpt":{"rendered":"<p>Para promover a dissemina\u00e7\u00e3o e a aplica\u00e7\u00e3o do conhecimento cient\u00edfico e tecnol\u00f3gico em Geoci\u00eancias, em prol da ci\u00eancia, do desenvolvimento social e da comunidade o Instituto Geol\u00f3gico faz a publica\u00e7\u00e3o de diversos tipos de mapas. Para acessar os Mapas e Planos de Informa\u00e7\u00e3o CLIQUE AQUI. &nbsp;<\/p>\n","protected":false},"author":1,"featured_media":0,"parent":41,"menu_order":0,"comment_status":"open","ping_status":"open","template":"","meta":[],"_links":{"self":[{"href":"https:\/\/www.infraestruturameioambiente.sp.gov.br\/institutogeologico\/wp-json\/wp\/v2\/pages\/786"}],"collection":[{"href":"https:\/\/www.infraestruturameioambiente.sp.gov.br\/institutogeologico\/wp-json\/wp\/v2\/pages"}],"about":[{"href":"https:\/\/www.infraestruturameioambiente.sp.gov.br\/institutogeologico\/wp-json\/wp\/v2\/types\/page"}],"author":[{"embeddable":true,"href":"https:\/\/www.infraestruturameioambiente.sp.gov.br\/institutogeologico\/wp-json\/wp\/v2\/users\/1"}],"replies":[{"embeddable":true,"href":"https:\/\/www.infraestruturameioambiente.sp.gov.br\/institutogeologico\/wp-json\/wp\/v2\/comments?post=786"}],"version-history":[{"count":6,"href":"https:\/\/www.infraestruturameioambiente.sp.gov.br\/institutogeologico\/wp-json\/wp\/v2\/pages\/786\/revisions"}],"predecessor-version":[{"id":13752,"href":"https:\/\/www.infraestruturameioambiente.sp.gov.br\/institutogeologico\/wp-json\/wp\/v2\/pages\/786\/revisions\/13752"}],"up":[{"embeddable":true,"href":"https:\/\/www.infraestruturameioambiente.sp.gov.br\/institutogeologico\/wp-json\/wp\/v2\/pages\/41"}],"wp:attachment":[{"href":"https:\/\/www.infraestruturameioambiente.sp.gov.br\/institutogeologico\/wp-json\/wp\/v2\/media?parent=786"}],"curies":[{"name":"wp","href":"https:\/\/api.w.org\/{rel}","templated":true}]}}