{"id":75,"date":"2012-02-29T11:29:44","date_gmt":"2012-02-29T14:29:44","guid":{"rendered":"https:\/\/www.infraestruturameioambiente.sp.gov.br\/institutogeologico\/?page_id=75"},"modified":"2023-04-27T11:50:25","modified_gmt":"2023-04-27T14:50:25","slug":"geoloja","status":"publish","type":"page","link":"https:\/\/www.infraestruturameioambiente.sp.gov.br\/institutogeologico\/instituto\/geoloja\/","title":{"rendered":"Geoloja"},"content":{"rendered":"<p><strong>N\u00facleo de Publica\u00e7\u00f5es e Divulga\u00e7\u00e3o em Geoci\u00eancias<\/strong><\/p>\n<p>As Publica\u00e7\u00f5es e Mapas poder\u00e3o ser adquiridos no endere\u00e7o:<\/p>\n<p>Instituto Geol\u00f3gico<br \/>\nRua Joaquim T\u00e1vora, 822 &#8211; Vila Mariana<br \/>\n04015-011<br \/>\nS\u00e3o Paulo &#8211; SP<br \/>\nTelefone\/Fax: (11) 5077-1099 ou (11) 5077-2219.<\/p>\n<p>O pagamento da publica\u00e7\u00e3o dever\u00e1 ser efetuado a favor de:<\/p>\n<p>FUNDO ESPECIAL DE DESPESA &#8211; INSTITUTO GEOL\u00d3GICO<br \/>\nEm Territ\u00f3rio Nacional<br \/>\nNas ag\u00eancias: BANCO DO BRASIL &#8211; BANCO: 001<br \/>\nAG\u00caNCIA: 1897-X, C\/C: 13.538-6<br \/>\nCNPJ DO INSTITUTO GEOL\u00d3GICO: 56.089.790.0006\/92<\/p>\n<ul>\n<li><a href=\"https:\/\/smastr16.blob.core.windows.net\/igeo\/2019\/05\/relacao_publicacao_ig.pdf\">Rela\u00e7\u00e3o de Publica\u00e7\u00f5es<\/a><\/li>\n<li>Tabela de Pre\u00e7os (atualizando)<\/li>\n<\/ul>\n<p><strong>Institui\u00e7\u00f5es que possuem material cartogr\u00e1fico e outros para consulta e venda<\/strong><\/p>\n<ul>\n<li><a href=\"http:\/\/www.igc.sp.gov.br\/\" target=\"blank\" rel=\"noopener noreferrer\">Instituto Geogr\u00e1fico e Cartogr\u00e1fico &#8211; IGC<\/a><\/li>\n<li><a href=\"http:\/\/www.ibge.gov.br\/home\/\" target=\"blank\" rel=\"noopener noreferrer\">Instituto Brasileiro de Geografia e Estat\u00edstica &#8211; IBGE<\/a><\/li>\n<li><a href=\"http:\/\/www.iag.usp.br\/\" target=\"blank\" rel=\"noopener noreferrer\">Instituto de Astronomia, Geof\u00edsica e Ci\u00eancias Atmosf\u00e9ricas &#8211; IAG<\/a><\/li>\n<li><a href=\"http:\/\/www.arquivoestado.sp.gov.br\">Arquivo P\u00fablico do Estado de S\u00e3o Paulo<\/a><\/li>\n<\/ul>\n","protected":false},"excerpt":{"rendered":"<p>N\u00facleo de Publica\u00e7\u00f5es e Divulga\u00e7\u00e3o em Geoci\u00eancias As Publica\u00e7\u00f5es e Mapas poder\u00e3o ser adquiridos no endere\u00e7o: Instituto Geol\u00f3gico Rua Joaquim T\u00e1vora, 822 &#8211; Vila Mariana 04015-011 S\u00e3o Paulo &#8211; SP Telefone\/Fax: (11) 5077-1099 ou (11) 5077-2219. O pagamento da publica\u00e7\u00e3o dever\u00e1 ser efetuado a favor de: FUNDO ESPECIAL DE DESPESA &#8211; INSTITUTO GEOL\u00d3GICO Em Territ\u00f3rio [&hellip;]<\/p>\n","protected":false},"author":96,"featured_media":0,"parent":26,"menu_order":9,"comment_status":"open","ping_status":"open","template":"","meta":[],"_links":{"self":[{"href":"https:\/\/www.infraestruturameioambiente.sp.gov.br\/institutogeologico\/wp-json\/wp\/v2\/pages\/75"}],"collection":[{"href":"https:\/\/www.infraestruturameioambiente.sp.gov.br\/institutogeologico\/wp-json\/wp\/v2\/pages"}],"about":[{"href":"https:\/\/www.infraestruturameioambiente.sp.gov.br\/institutogeologico\/wp-json\/wp\/v2\/types\/page"}],"author":[{"embeddable":true,"href":"https:\/\/www.infraestruturameioambiente.sp.gov.br\/institutogeologico\/wp-json\/wp\/v2\/users\/96"}],"replies":[{"embeddable":true,"href":"https:\/\/www.infraestruturameioambiente.sp.gov.br\/institutogeologico\/wp-json\/wp\/v2\/comments?post=75"}],"version-history":[{"count":32,"href":"https:\/\/www.infraestruturameioambiente.sp.gov.br\/institutogeologico\/wp-json\/wp\/v2\/pages\/75\/revisions"}],"predecessor-version":[{"id":14017,"href":"https:\/\/www.infraestruturameioambiente.sp.gov.br\/institutogeologico\/wp-json\/wp\/v2\/pages\/75\/revisions\/14017"}],"up":[{"embeddable":true,"href":"https:\/\/www.infraestruturameioambiente.sp.gov.br\/institutogeologico\/wp-json\/wp\/v2\/pages\/26"}],"wp:attachment":[{"href":"https:\/\/www.infraestruturameioambiente.sp.gov.br\/institutogeologico\/wp-json\/wp\/v2\/media?parent=75"}],"curies":[{"name":"wp","href":"https:\/\/api.w.org\/{rel}","templated":true}]}}