{"id":747,"date":"2012-03-26T15:03:24","date_gmt":"2012-03-26T18:03:24","guid":{"rendered":"https:\/\/www.infraestruturameioambiente.sp.gov.br\/institutogeologico\/?page_id=747"},"modified":"2019-07-26T16:32:18","modified_gmt":"2019-07-26T19:32:18","slug":"revista-ig","status":"publish","type":"page","link":"https:\/\/www.infraestruturameioambiente.sp.gov.br\/institutogeologico\/publicacoes\/revista-ig\/","title":{"rendered":"Revista IG"},"content":{"rendered":"<h2 class=\"tl-sub\">Revista do Instituto Geol\u00f3gico (Online) &#8211; ISSN 2176-1892 (vers\u00e3o impressa &#8211; ISSN 0100-929X)<\/h2>\n<p style=\"text-align: justify\">A Revista do Instituto Geol\u00f3gico tem como principal finalidade publicar trabalhos de car\u00e1ter cient\u00edfico ou tecnol\u00f3gico, in\u00e9ditos e originais, relacionados \u00e0s ci\u00eancias da terra. Substitui, em 1980, ap\u00f3s um hiato de 12 anos, o antigo peri\u00f3dico do Instituto Geogr\u00e1fico e Geol\u00f3gico, o IGG, publicado de 1943 a 1968. A mudan\u00e7a do nome da revista foi acompanhada por algumas transforma\u00e7\u00f5es. Sua periodicidade passa de trimestral a semestral. Inicia-se nesta \u00e9poca um processo de abertura do espa\u00e7o para trabalhos da comunidade de geoci\u00eancias e \u00e1reas correlatas, sem prejudicar a divulga\u00e7\u00e3o das pesquisas do Instituto e dos trabalhos sobre o Estado de S\u00e3o Paulo, que sempre fizeram parte dos seus objetivos. Em 1990, novas altera\u00e7\u00f5es foram efetuadas na apresenta\u00e7\u00e3o e estrutura da Revista do Instituto Geol\u00f3gico; acentua-se a sua abertura \u00e0 comunidade, com o fim de fortalecer e ampliar o papel de divulgador da produ\u00e7\u00e3o cient\u00edfica. A partir de 1999 a revista passa a contar com um corpo consultivo permanente, composto por eminentes cientistas brasileiros e estrangeiros, especializados em diferentes ramos das geoci\u00eancias. O n\u00edvel dos artigos publicados nos quinze \u00faltimos n\u00fameros da revista evidencia o acerto dessas modifica\u00e7\u00f5es.<\/p>\n<p><a href=\"https:\/\/revistaig.emnuvens.com.br\/rig\"><img decoding=\"async\" loading=\"lazy\" class=\"aligncenter size-medium wp-image-748\" src=\"https:\/\/www.infraestruturameioambiente.sp.gov.br\/wp-content\/uploads\/sites\/233\/2012\/03\/capa-RevistaIG-211x300.jpg\" alt=\"\" width=\"211\" height=\"300\" srcset=\"https:\/\/www.infraestruturameioambiente.sp.gov.br\/institutogeologico\/wp-content\/uploads\/sites\/233\/2012\/03\/capa-RevistaIG-211x300.jpg 211w, https:\/\/www.infraestruturameioambiente.sp.gov.br\/institutogeologico\/wp-content\/uploads\/sites\/233\/2012\/03\/capa-RevistaIG-190x270.jpg 190w, https:\/\/www.infraestruturameioambiente.sp.gov.br\/institutogeologico\/wp-content\/uploads\/sites\/233\/2012\/03\/capa-RevistaIG-109x155.jpg 109w, https:\/\/www.infraestruturameioambiente.sp.gov.br\/institutogeologico\/wp-content\/uploads\/sites\/233\/2012\/03\/capa-RevistaIG-68x97.jpg 68w, https:\/\/www.infraestruturameioambiente.sp.gov.br\/institutogeologico\/wp-content\/uploads\/sites\/233\/2012\/03\/capa-RevistaIG-47x68.jpg 47w, https:\/\/www.infraestruturameioambiente.sp.gov.br\/institutogeologico\/wp-content\/uploads\/sites\/233\/2012\/03\/capa-RevistaIG-141x201.jpg 141w, https:\/\/www.infraestruturameioambiente.sp.gov.br\/institutogeologico\/wp-content\/uploads\/sites\/233\/2012\/03\/capa-RevistaIG-91x129.jpg 91w, https:\/\/www.infraestruturameioambiente.sp.gov.br\/institutogeologico\/wp-content\/uploads\/sites\/233\/2012\/03\/capa-RevistaIG-69x99.jpg 69w, https:\/\/www.infraestruturameioambiente.sp.gov.br\/institutogeologico\/wp-content\/uploads\/sites\/233\/2012\/03\/capa-RevistaIG-49x70.jpg 49w, https:\/\/www.infraestruturameioambiente.sp.gov.br\/institutogeologico\/wp-content\/uploads\/sites\/233\/2012\/03\/capa-RevistaIG.jpg 618w\" sizes=\"(max-width: 211px) 100vw, 211px\" \/><\/a><\/p>\n<p>Acesse: <a href=\"https:\/\/revistaig.emnuvens.com.br\/rig\">https:\/\/revistaig.emnuvens.com.br\/rig<\/a><\/p>\n","protected":false},"excerpt":{"rendered":"<p>Revista do Instituto Geol\u00f3gico (Online) &#8211; ISSN 2176-1892 (vers\u00e3o impressa &#8211; ISSN 0100-929X) A Revista do Instituto Geol\u00f3gico tem como principal finalidade publicar trabalhos de car\u00e1ter cient\u00edfico ou tecnol\u00f3gico, in\u00e9ditos e originais, relacionados \u00e0s ci\u00eancias da terra. Substitui, em 1980, ap\u00f3s um hiato de 12 anos, o antigo peri\u00f3dico do Instituto Geogr\u00e1fico e Geol\u00f3gico, o [&hellip;]<\/p>\n","protected":false},"author":1,"featured_media":0,"parent":41,"menu_order":0,"comment_status":"open","ping_status":"open","template":"","meta":[],"_links":{"self":[{"href":"https:\/\/www.infraestruturameioambiente.sp.gov.br\/institutogeologico\/wp-json\/wp\/v2\/pages\/747"}],"collection":[{"href":"https:\/\/www.infraestruturameioambiente.sp.gov.br\/institutogeologico\/wp-json\/wp\/v2\/pages"}],"about":[{"href":"https:\/\/www.infraestruturameioambiente.sp.gov.br\/institutogeologico\/wp-json\/wp\/v2\/types\/page"}],"author":[{"embeddable":true,"href":"https:\/\/www.infraestruturameioambiente.sp.gov.br\/institutogeologico\/wp-json\/wp\/v2\/users\/1"}],"replies":[{"embeddable":true,"href":"https:\/\/www.infraestruturameioambiente.sp.gov.br\/institutogeologico\/wp-json\/wp\/v2\/comments?post=747"}],"version-history":[{"count":12,"href":"https:\/\/www.infraestruturameioambiente.sp.gov.br\/institutogeologico\/wp-json\/wp\/v2\/pages\/747\/revisions"}],"predecessor-version":[{"id":13145,"href":"https:\/\/www.infraestruturameioambiente.sp.gov.br\/institutogeologico\/wp-json\/wp\/v2\/pages\/747\/revisions\/13145"}],"up":[{"embeddable":true,"href":"https:\/\/www.infraestruturameioambiente.sp.gov.br\/institutogeologico\/wp-json\/wp\/v2\/pages\/41"}],"wp:attachment":[{"href":"https:\/\/www.infraestruturameioambiente.sp.gov.br\/institutogeologico\/wp-json\/wp\/v2\/media?parent=747"}],"curies":[{"name":"wp","href":"https:\/\/api.w.org\/{rel}","templated":true}]}}