{"id":737,"date":"2012-03-26T14:46:11","date_gmt":"2012-03-26T17:46:11","guid":{"rendered":"https:\/\/www.infraestruturameioambiente.sp.gov.br\/institutogeologico\/?page_id=737"},"modified":"2017-03-13T15:40:08","modified_gmt":"2017-03-13T18:40:08","slug":"aplicativos","status":"publish","type":"page","link":"https:\/\/www.infraestruturameioambiente.sp.gov.br\/institutogeologico\/geodados\/aplicativos\/","title":{"rendered":"Aplicativos"},"content":{"rendered":"<p style=\"text-align: justify\">Divulgar a grande variabilidade de trabalhos t\u00e9cnicos e cient\u00edficos que s\u00e3o produzidos pelo Instituto Geol\u00f3gico nas \u00e1rea de Geoci\u00eancias \u00e9 uma miss\u00e3o institucional cont\u00ednua, permitindo ao p\u00fablico externo, de natureza diversa, o seu conhecimento e uso potencial. Aplicativos e Sistemas de informa\u00e7\u00e3o s\u00e3o disponibilizados para download, propondo que a informa\u00e7\u00e3o ser\u00e1 obtida de forma r\u00e1pida, com acessibilidade por um n\u00famero de usu\u00e1rios maior e grande disponibilidade, facilitando a reprodutividade da informa\u00e7\u00e3o.<\/p>\n<p>&nbsp;<\/p>\n<p><strong><a href=\"https:\/\/www.infraestruturameioambiente.sp.gov.br\/wp-content\/uploads\/sites\/233\/2013\/04\/SenseFaultAdjust.zip\">SenseFaultAdjust<\/a><\/strong><\/p>\n<p style=\"text-align: justify\"><span style=\"font-size: 13px\">A pasta de trabalho SenseFaultAdjust.xlsx foi concebida para auxiliar na caracteriza\u00e7\u00e3o do tipo de movimenta\u00e7\u00e3o relativa ocorrida em um plano de falha, considerando-se a atitude do plano e da estria de atrito e o tipo de falha previamente atribu\u00eddo no campo (Normal, Reversa, Dextral ou Sinistral). Os crit\u00e9rios para tal caracteriza\u00e7\u00e3o est\u00e3o de acordo com aqueles aplicados no software Tectonics FP. Devido \u00e0 relativa complexidade do c\u00e1lculo num\u00e9rico envolvido e o grande aninhamento de f\u00f3rmulas requerido, esta planilha \u00e9 compat\u00edvel apenas com a vers\u00e3o 2007 (ou superior) do Microsoft Excel. Em caso de d\u00favidas, entre em contato com Ant\u00f4nio Luiz Teixeira (e-mail: <a href=\"mailto:candeias@sp.gov.br\">candeias@sp.gov.br<\/a><\/span><span style=\"font-size: 13px\">)<\/span><br \/>\nThe spreadsheet SenseFaultAdjust.xlsx was designed to assist in characterizing the type of relative movement that occurred on a fault plane, considering the attitude of the plane and stria and the type of fault previously allocated in the field (Normal, Reverse, Dextral or Sinistral). The criteria for this characterization are consistent with those applied in the software Tectonics FP. Given the relative complexity of numerical calculation involved and the large nesting formulas required, the spreadsheet is only compatible with the 2007 version (or higher) of Microsoft Excel. Contact information: <a href=\"mailto:candeias@sp.gov.br\">candeias@sp.gov.br<\/a>\u00a0(Ant\u00f4nio Luiz Teixeira).<\/p>\n<p><strong><a href=\"https:\/\/www.infraestruturameioambiente.sp.gov.br\/wp-content\/uploads\/sites\/233\/2013\/04\/CalcLinFromRake.zip\">CalcLinFromRake<\/a><\/strong><\/p>\n<p style=\"text-align: justify\">CalcLinFromRake \u00e9 uma planilha do Microsoft Excel desenvolvida para se obter a atitude de uma linea\u00e7\u00e3o contida em um plano, conhecendo-se previamente a atitude (dire\u00e7\u00e3o e mergulho) do plano e o \u00e2ngulo de rake (ou pitch) da linea\u00e7\u00e3o, \u00e2ngulo este de caimento da linea\u00e7\u00e3o ao longo do plano com rela\u00e7\u00e3o \u00e0 horizontal (ou com a dire\u00e7\u00e3o do plano). (e-mail: <a href=\"mailto:candeias@igeologico.sp.gov.br\">candeias@igeologico.sp.gov.br<\/a>)<br \/>\nCalcLinFromRake is a Microsoft Excel worksheet intended to get the spatial position of a lineation contained in a plane, where strike and dip of plane and the rake or pitch of the line are previously known. Contact information: <a href=\"mailto:candeias@sp.gov.br\">candeias@sp.gov.br<\/a>\u00a0(Ant\u00f4nio Luiz Teixeira).<\/p>\n<p><strong><a href=\"https:\/\/www.infraestruturameioambiente.sp.gov.br\/wp-content\/uploads\/sites\/233\/2013\/04\/Excel-ArcGis_XY-data.zip\">Excel-ArcGis_XY data<\/a><\/strong><\/p>\n<p style=\"text-align: justify\">O pacote \u201cExcel-ArcGis_XY data.rar\u201d encerra um conjunto de arquivos articulados entre si, cujo objetivo \u00e9 transferir para o ambiente ArcGis as atitudes de fei\u00e7\u00f5es geol\u00f3gicas estruturais ou estratigr\u00e1ficas (lineares ou planares). Neste ambiente estar\u00e3o georreferenciadas atrav\u00e9s das coordenadas cartesianas X e Y, previamente obtidas atrav\u00e9s de planilhas de c\u00e1lculo do Excel, em um C\u00edrculo de Rebatimento com raio R=90 e constru\u00eddo de acordo com os crit\u00e9rios de Lambert para diagramas de Igual \u00c1rea. A vantagem de analisar dados geol\u00f3gicos no ambiente ArcGis reside no n\u00famero ilimitado de fei\u00e7\u00f5es que podem, simultaneamente, ser representadas com uma grande diversidade de s\u00edmbolos ou atributos e, al\u00e9m disso, a vantagem de poderem receber v\u00e1rios tratamentos estat\u00edsticos, isoladamente ou em seu conjunto. Conseq\u00fcentemente, a visualiza\u00e7\u00e3o e o processamento de uma trama complexa de fei\u00e7\u00f5es s\u00e3o facilitados. Uma aplica\u00e7\u00e3o dessa ferramenta pode ser vista no poster \u201c<a href=\"https:\/\/www.infraestruturameioambiente.sp.gov.br\/wp-content\/uploads\/sites\/233\/2013\/04\/Teixeira_2_2008_CBG44.pdf\">Visualiza\u00e7\u00e3o e tratamento de fei\u00e7\u00f5es geol\u00f3gicas lineares e planares em Diagramas de Igual \u00c1rea no ambiente ArcGis<\/a>\u201d de autoria de Antonio Luiz Teixeira, dispon\u00edvel na Se\u00e7\u00e3o de Downloads.<\/p>\n<p style=\"text-align: justify\">The package &#8220;Excel-ArcGis_XY data.rar&#8221; contains a number of files articulated among themselves, whose goal is to transfer to the environment ArcGIS attitudes of structural or stratigraphyc geological data (linear or planar). In this environment they are georeferenced through the Cartesian Coordinates, X and Y, previously obtained from the calculation of Excel spreadsheets in a circle with ray R = 90 and constructed in accordance with the criteria of Lambert for Equal Area&#8217;s diagrams. The advantage of analyzing geological data in ArcGIS environment is the number of features that can either be represented with a wide variety of symbols as well attributes and, what is more, the advantage they can receive various statistical treatments, alone or in whole. Consequently, the viewing and processing of a net of complex features are facilitated. An application of this tool can be viewed in the panel \u201c<a href=\"https:\/\/www.infraestruturameioambiente.sp.gov.br\/wp-content\/uploads\/sites\/233\/2013\/04\/Teixeira_2_2008_CBG44.pdf\">Visualiza\u00e7\u00e3o e tratamento de fei\u00e7\u00f5es geol\u00f3gicas lineares e planares em Diagramas de Igual \u00c1rea no ambiente ArcGis<\/a>\u201d from Antonio Luiz Teixeira, in Download section (posters) of this site.<\/p>\n","protected":false},"excerpt":{"rendered":"<p>Divulgar a grande variabilidade de trabalhos t\u00e9cnicos e cient\u00edficos que s\u00e3o produzidos pelo Instituto Geol\u00f3gico nas \u00e1rea de Geoci\u00eancias \u00e9 uma miss\u00e3o institucional cont\u00ednua, permitindo ao p\u00fablico externo, de natureza diversa, o seu conhecimento e uso potencial. Aplicativos e Sistemas de informa\u00e7\u00e3o s\u00e3o disponibilizados para download, propondo que a informa\u00e7\u00e3o ser\u00e1 obtida de forma r\u00e1pida, [&hellip;]<\/p>\n","protected":false},"author":1,"featured_media":0,"parent":39,"menu_order":0,"comment_status":"open","ping_status":"open","template":"","meta":[],"_links":{"self":[{"href":"https:\/\/www.infraestruturameioambiente.sp.gov.br\/institutogeologico\/wp-json\/wp\/v2\/pages\/737"}],"collection":[{"href":"https:\/\/www.infraestruturameioambiente.sp.gov.br\/institutogeologico\/wp-json\/wp\/v2\/pages"}],"about":[{"href":"https:\/\/www.infraestruturameioambiente.sp.gov.br\/institutogeologico\/wp-json\/wp\/v2\/types\/page"}],"author":[{"embeddable":true,"href":"https:\/\/www.infraestruturameioambiente.sp.gov.br\/institutogeologico\/wp-json\/wp\/v2\/users\/1"}],"replies":[{"embeddable":true,"href":"https:\/\/www.infraestruturameioambiente.sp.gov.br\/institutogeologico\/wp-json\/wp\/v2\/comments?post=737"}],"version-history":[{"count":6,"href":"https:\/\/www.infraestruturameioambiente.sp.gov.br\/institutogeologico\/wp-json\/wp\/v2\/pages\/737\/revisions"}],"predecessor-version":[{"id":10835,"href":"https:\/\/www.infraestruturameioambiente.sp.gov.br\/institutogeologico\/wp-json\/wp\/v2\/pages\/737\/revisions\/10835"}],"up":[{"embeddable":true,"href":"https:\/\/www.infraestruturameioambiente.sp.gov.br\/institutogeologico\/wp-json\/wp\/v2\/pages\/39"}],"wp:attachment":[{"href":"https:\/\/www.infraestruturameioambiente.sp.gov.br\/institutogeologico\/wp-json\/wp\/v2\/media?parent=737"}],"curies":[{"name":"wp","href":"https:\/\/api.w.org\/{rel}","templated":true}]}}