{"id":725,"date":"2012-03-26T14:35:20","date_gmt":"2012-03-26T17:35:20","guid":{"rendered":"https:\/\/www.infraestruturameioambiente.sp.gov.br\/institutogeologico\/?page_id=725"},"modified":"2023-04-27T13:18:03","modified_gmt":"2023-04-27T16:18:03","slug":"acervo-historico","status":"publish","type":"page","link":"https:\/\/www.infraestruturameioambiente.sp.gov.br\/institutogeologico\/geodados\/bases-online\/acervo-historico\/","title":{"rendered":"Acervo Hist\u00f3rico"},"content":{"rendered":"<p style=\"text-align: justify\">O Banco de Dados do Acervo Hist\u00f3rico \u00e9 gerenciado pelo N\u00facleo Curadoria do Acervo Hist\u00f3rico e possui informa\u00e7\u00f5es de uma importante documenta\u00e7\u00e3o relativa aos estudos geocient\u00edficos que nortearam a ocupa\u00e7\u00e3o do solo no Estado de S\u00e3o Paulo. O arquivo abrange o per\u00edodo entre 1886 e 1975 e seu objetivo maior \u00e9 permitir o f\u00e1cil acesso \u00e0s informa\u00e7\u00f5es contidas na documenta\u00e7\u00e3o para pleno uso dos cidad\u00e3os e dos pesquisadores. Os documentos foram divididos em fundos que representam as altera\u00e7\u00f5es estruturais pelas quais passou ao longo do tempo, desde quando era a Comiss\u00e3o Geogr\u00e1fica e Geol\u00f3gicas (CGG), at\u00e9 se tornar o atual Instituto Geol\u00f3gico (IG). Os fundos existentes s\u00e3o: Fundo Comiss\u00e3o Geogr\u00e1fica e Geol\u00f3gica \u2013 FCGG (1886-1931), Fundo Instituto Astron\u00f4mico e Geogr\u00e1fico \u2013 FIAG (1931-1935), Fundo Departamento Geogr\u00e1fico e Geol\u00f3gico \u2013 FDGG (1935-1938), Fundo Instituto Geogr\u00e1fico e Geol\u00f3gico (1938-1975). Os principais documentos s\u00e3o referentes ao final do s\u00e9culo XIX e in\u00edcio do XX do FCGG, englobando os g\u00eaneros cartogr\u00e1fico, bibliogr\u00e1fico, administrativo e fotogr\u00e1fico e equipamentos de trabalho.<\/p>\n<p style=\"text-align: justify\">Para acessar o Banco de Dados Acervo Hist\u00f3rico CLIQUE AQUI (breve).<\/p>\n<p style=\"text-align: justify\">Para acessar as Normas de Utiliza\u00e7\u00e3o do Acervo Hist\u00f3rico <a href=\"https:\/\/www.infraestruturameioambiente.sp.gov.br\/institutogeologico\/mugeo\/acervo-historico\/normas-de-utilizacao-do-acervo-historico\/\">CLIQUE AQUI<\/a>.<\/p>\n<p>&nbsp;<\/p>\n","protected":false},"excerpt":{"rendered":"<p>O Banco de Dados do Acervo Hist\u00f3rico \u00e9 gerenciado pelo N\u00facleo Curadoria do Acervo Hist\u00f3rico e possui informa\u00e7\u00f5es de uma importante documenta\u00e7\u00e3o relativa aos estudos geocient\u00edficos que nortearam a ocupa\u00e7\u00e3o do solo no Estado de S\u00e3o Paulo. O arquivo abrange o per\u00edodo entre 1886 e 1975 e seu objetivo maior \u00e9 permitir o f\u00e1cil acesso [&hellip;]<\/p>\n","protected":false},"author":1,"featured_media":0,"parent":252,"menu_order":0,"comment_status":"open","ping_status":"closed","template":"","meta":[],"_links":{"self":[{"href":"https:\/\/www.infraestruturameioambiente.sp.gov.br\/institutogeologico\/wp-json\/wp\/v2\/pages\/725"}],"collection":[{"href":"https:\/\/www.infraestruturameioambiente.sp.gov.br\/institutogeologico\/wp-json\/wp\/v2\/pages"}],"about":[{"href":"https:\/\/www.infraestruturameioambiente.sp.gov.br\/institutogeologico\/wp-json\/wp\/v2\/types\/page"}],"author":[{"embeddable":true,"href":"https:\/\/www.infraestruturameioambiente.sp.gov.br\/institutogeologico\/wp-json\/wp\/v2\/users\/1"}],"replies":[{"embeddable":true,"href":"https:\/\/www.infraestruturameioambiente.sp.gov.br\/institutogeologico\/wp-json\/wp\/v2\/comments?post=725"}],"version-history":[{"count":15,"href":"https:\/\/www.infraestruturameioambiente.sp.gov.br\/institutogeologico\/wp-json\/wp\/v2\/pages\/725\/revisions"}],"predecessor-version":[{"id":14086,"href":"https:\/\/www.infraestruturameioambiente.sp.gov.br\/institutogeologico\/wp-json\/wp\/v2\/pages\/725\/revisions\/14086"}],"up":[{"embeddable":true,"href":"https:\/\/www.infraestruturameioambiente.sp.gov.br\/institutogeologico\/wp-json\/wp\/v2\/pages\/252"}],"wp:attachment":[{"href":"https:\/\/www.infraestruturameioambiente.sp.gov.br\/institutogeologico\/wp-json\/wp\/v2\/media?parent=725"}],"curies":[{"name":"wp","href":"https:\/\/api.w.org\/{rel}","templated":true}]}}