{"id":7220,"date":"2012-10-30T16:18:23","date_gmt":"2012-10-30T18:18:23","guid":{"rendered":"https:\/\/www.infraestruturameioambiente.sp.gov.br\/institutogeologico\/?page_id=7220"},"modified":"2020-11-05T10:56:00","modified_gmt":"2020-11-05T12:56:00","slug":"boletins-ig","status":"publish","type":"page","link":"https:\/\/www.infraestruturameioambiente.sp.gov.br\/institutogeologico\/publicacoes\/boletim-ig\/boletins-ig\/","title":{"rendered":"Boletins IG"},"content":{"rendered":"<div class=\"wc-gallery\"><div id='gallery-1' data-gutter-width='5' data-columns='3' class='gallery wc-gallery-captions-onhover gallery-link-none gallery-grid galleryid-7220 gallery-columns-3 gallery-size-thumbnail wc-gallery-bottomspace-default wc-gallery-gutter-5 wc-gallery-clear'><div class='gallery-item-wrapper gallery-item-position-1 gallery-item-attachment-12392 gallery-item-column-1'><div class='gallery-item'>\n\t\t\t\t<div class='gallery-item-inner'>\n\t\t\t\t\t<div class='gallery-icon portrait'>\n\t\t\t\t\t\t<img width=\"150\" height=\"150\" src=\"https:\/\/www.infraestruturameioambiente.sp.gov.br\/institutogeologico\/wp-content\/uploads\/sites\/233\/2019\/02\/Boletim_IG_01-150x150.jpg\" class=\"attachment-thumbnail size-thumbnail\" alt=\"\" decoding=\"async\" loading=\"lazy\" \/>\n\t\t\t\t\t<\/div>\n\t\t\t\t\t\t\t<div class='wp-caption-text gallery-caption'>\n\t\t\t\t\t\t\t\t<p>\n\t\t\t\t\t\t\t\t<a href=\"https:\/\/www.infraestruturameioambiente.sp.gov.br\/institutogeologico\/publicacoes\/boletim-ig\/01-1976\">Boletim IG 01 &#8211; Defini\u00e7\u00e3o Petrol\u00f3gica Estrutural e Geotect\u00f4nica Litoral Norte &#8211; 1976 (PDF 28.3 MB)<\/a>\n\t\t\t\t\t\t\t\t<\/p>\n\t\t\t\t\t\t\t<\/div><\/div><\/div><\/div><div class='gallery-item-wrapper gallery-item-position-2 gallery-item-attachment-12393 gallery-item-column-2'><div class='gallery-item'>\n\t\t\t\t<div class='gallery-item-inner'>\n\t\t\t\t\t<div class='gallery-icon portrait'>\n\t\t\t\t\t\t<img width=\"150\" height=\"150\" src=\"https:\/\/www.infraestruturameioambiente.sp.gov.br\/institutogeologico\/wp-content\/uploads\/sites\/233\/2019\/02\/Boletim_IG_02-150x150.jpg\" class=\"attachment-thumbnail size-thumbnail\" alt=\"\" decoding=\"async\" loading=\"lazy\" \/>\n\t\t\t\t\t<\/div>\n\t\t\t\t\t\t\t<div class='wp-caption-text gallery-caption'>\n\t\t\t\t\t\t\t\t<p>\n\t\t\t\t\t\t\t\t<a href=\"https:\/\/www.infraestruturameioambiente.sp.gov.br\/institutogeologico\/publicacoes\/boletim-ig\/02-1977\">Boletim IG 02 &#8211; \u00c1guas Subterr\u00e2neas no Estado de S\u00e3o Paulo &#8211; 1977 (PDF 19.2 MB)<\/a>\n\t\t\t\t\t\t\t\t<\/p>\n\t\t\t\t\t\t\t<\/div><\/div><\/div><\/div><div class='gallery-item-wrapper gallery-item-position-3 gallery-item-attachment-12394 gallery-item-column-3 gallery-item-last-column'><div class='gallery-item'>\n\t\t\t\t<div class='gallery-item-inner'>\n\t\t\t\t\t<div class='gallery-icon portrait'>\n\t\t\t\t\t\t<img width=\"150\" height=\"150\" src=\"https:\/\/www.infraestruturameioambiente.sp.gov.br\/institutogeologico\/wp-content\/uploads\/sites\/233\/2019\/02\/Boletim_IG_03-150x150.jpg\" class=\"attachment-thumbnail size-thumbnail\" alt=\"\" decoding=\"async\" loading=\"lazy\" \/>\n\t\t\t\t\t<\/div>\n\t\t\t\t\t\t\t<div class='wp-caption-text gallery-caption'>\n\t\t\t\t\t\t\t\t<p>\n\t\t\t\t\t\t\t\t<a href=\"https:\/\/www.infraestruturameioambiente.sp.gov.br\/institutogeologico\/publicacoes\/boletim-ig\/03-1979\">Boletim IG 03 &#8211; Potencialidade e Utiliza\u00e7\u00e3o da \u00c1gua Subterr\u00e2nea na Bacia do Rio S\u00e3o Jos\u00e9 dos Dourados &#8211; 1979 (PDF 18.4 MB)<\/a>\n\t\t\t\t\t\t\t\t<\/p>\n\t\t\t\t\t\t\t<\/div><\/div><\/div><\/div><div class='gallery-item-wrapper gallery-item-position-4 gallery-item-attachment-12395 gallery-item-column-1'><div class='gallery-item'>\n\t\t\t\t<div class='gallery-item-inner'>\n\t\t\t\t\t<div class='gallery-icon portrait'>\n\t\t\t\t\t\t<img width=\"150\" height=\"150\" src=\"https:\/\/www.infraestruturameioambiente.sp.gov.br\/institutogeologico\/wp-content\/uploads\/sites\/233\/2019\/02\/Boletim_IG_04-150x150.jpg\" class=\"attachment-thumbnail size-thumbnail\" alt=\"\" decoding=\"async\" loading=\"lazy\" \/>\n\t\t\t\t\t<\/div>\n\t\t\t\t\t\t\t<div class='wp-caption-text gallery-caption'>\n\t\t\t\t\t\t\t\t<p>\n\t\t\t\t\t\t\t\t<a href=\"https:\/\/www.infraestruturameioambiente.sp.gov.br\/institutogeologico\/publicacoes\/boletim-ig\/04-1979\">Boletim IG 04 &#8211; Determina\u00e7\u00e3o da Largura Efetiva de Escoamento na Bacia do Rio Moji Gua\u00e7u &#8211; 1979 (PDF 18.4 MB)<\/a>\n\t\t\t\t\t\t\t\t<\/p>\n\t\t\t\t\t\t\t<\/div><\/div><\/div><\/div><div class='gallery-item-wrapper gallery-item-position-5 gallery-item-attachment-12396 gallery-item-column-2'><div class='gallery-item'>\n\t\t\t\t<div class='gallery-item-inner'>\n\t\t\t\t\t<div class='gallery-icon portrait'>\n\t\t\t\t\t\t<img width=\"150\" height=\"150\" src=\"https:\/\/www.infraestruturameioambiente.sp.gov.br\/institutogeologico\/wp-content\/uploads\/sites\/233\/2019\/02\/Boletim_IG_05-150x150.jpg\" class=\"attachment-thumbnail size-thumbnail\" alt=\"\" decoding=\"async\" loading=\"lazy\" \/>\n\t\t\t\t\t<\/div>\n\t\t\t\t\t\t\t<div class='wp-caption-text gallery-caption'>\n\t\t\t\t\t\t\t\t<p>\n\t\t\t\t\t\t\t\t<a href=\"https:\/\/www.infraestruturameioambiente.sp.gov.br\/institutogeologico\/publicacoes\/boletim-ig\/05-1981\">Boletim IG 05 &#8211; L\u00e9xico Estratigr\u00e1fico do Estado de S\u00e3o Paulo &#8211; 1981 (PDF 47.6 MB)<\/a>\n\t\t\t\t\t\t\t\t<\/p>\n\t\t\t\t\t\t\t<\/div><\/div><\/div><\/div><div class='gallery-item-wrapper gallery-item-position-6 gallery-item-attachment-12397 gallery-item-column-3 gallery-item-last-column'><div class='gallery-item'>\n\t\t\t\t<div class='gallery-item-inner'>\n\t\t\t\t\t<div class='gallery-icon portrait'>\n\t\t\t\t\t\t<img width=\"150\" height=\"150\" src=\"https:\/\/www.infraestruturameioambiente.sp.gov.br\/institutogeologico\/wp-content\/uploads\/sites\/233\/2019\/02\/Boletim_IG_06-150x150.jpg\" class=\"attachment-thumbnail size-thumbnail\" alt=\"\" decoding=\"async\" loading=\"lazy\" \/>\n\t\t\t\t\t<\/div>\n\t\t\t\t\t\t\t<div class='wp-caption-text gallery-caption'>\n\t\t\t\t\t\t\t\t<p>\n\t\t\t\t\t\t\t\t<a href=\"https:\/\/www.infraestruturameioambiente.sp.gov.br\/institutogeologico\/publicacoes\/boletim-ig\/06-1982\">Boletim IG 06 &#8211; Defini\u00e7\u00e3o Estratigr\u00e1fica Grupo Bauru Por Sedimentogramas &#8211; 1982 (PDF 27.7 MB)<\/a>\n\t\t\t\t\t\t\t\t<\/p>\n\t\t\t\t\t\t\t<\/div><\/div><\/div><\/div><div class='gallery-item-wrapper gallery-item-position-7 gallery-item-attachment-12398 gallery-item-column-1'><div class='gallery-item'>\n\t\t\t\t<div class='gallery-item-inner'>\n\t\t\t\t\t<div class='gallery-icon portrait'>\n\t\t\t\t\t\t<img width=\"150\" height=\"150\" src=\"https:\/\/www.infraestruturameioambiente.sp.gov.br\/institutogeologico\/wp-content\/uploads\/sites\/233\/2019\/02\/Boletim_IG_07-150x150.jpg\" class=\"attachment-thumbnail size-thumbnail\" alt=\"\" decoding=\"async\" loading=\"lazy\" \/>\n\t\t\t\t\t<\/div>\n\t\t\t\t\t\t\t<div class='wp-caption-text gallery-caption'>\n\t\t\t\t\t\t\t\t<p>\n\t\t\t\t\t\t\t\t<a href=\"https:\/\/www.infraestruturameioambiente.sp.gov.br\/institutogeologico\/publicacoes\/boletim-ig\/07-1988\"> Boletim IG 07 &#8211; Significados dos Dep\u00f3sitos Correlativos Quatern\u00e1rios em Campo do Jord\u00e3o &#8211; 1988 (PDF 44 MB)<\/a>\n\t\t\t\t\t\t\t\t<\/p>\n\t\t\t\t\t\t\t<\/div><\/div><\/div><\/div><div class='gallery-item-wrapper gallery-item-position-8 gallery-item-attachment-12399 gallery-item-column-2'><div class='gallery-item'>\n\t\t\t\t<div class='gallery-item-inner'>\n\t\t\t\t\t<div class='gallery-icon portrait'>\n\t\t\t\t\t\t<img width=\"150\" height=\"150\" src=\"https:\/\/www.infraestruturameioambiente.sp.gov.br\/institutogeologico\/wp-content\/uploads\/sites\/233\/2019\/02\/Boletim_IG_08-150x150.jpg\" class=\"attachment-thumbnail size-thumbnail\" alt=\"\" decoding=\"async\" loading=\"lazy\" \/>\n\t\t\t\t\t<\/div>\n\t\t\t\t\t\t\t<div class='wp-caption-text gallery-caption'>\n\t\t\t\t\t\t\t\t<p>\n\t\t\t\t\t\t\t\t<a href=\"https:\/\/www.infraestruturameioambiente.sp.gov.br\/institutogeologico\/publicacoes\/boletim-ig\/08-1989-part1\">Boletim IG 08 &#8211; Bibliografia Anal\u00edtica da Paleontologia do Estado de S\u00e3o Paulo parte I &#8211; 1989 (PDF 46.6 MB)<\/a>\n\t\t\t\t\t\t\t\t<\/p>\n\t\t\t\t\t\t\t<\/div><\/div><\/div><\/div><div class='gallery-item-wrapper gallery-item-position-9 gallery-item-attachment-12482 gallery-item-column-3 gallery-item-last-column'><div class='gallery-item'>\n\t\t\t\t<div class='gallery-item-inner'>\n\t\t\t\t\t<div class='gallery-icon portrait'>\n\t\t\t\t\t\t<img width=\"150\" height=\"150\" src=\"https:\/\/www.infraestruturameioambiente.sp.gov.br\/institutogeologico\/wp-content\/uploads\/sites\/233\/2019\/02\/Boletim_IG_08_2-150x150.jpg\" class=\"attachment-thumbnail size-thumbnail\" alt=\"\" decoding=\"async\" loading=\"lazy\" \/>\n\t\t\t\t\t<\/div>\n\t\t\t\t\t\t\t<div class='wp-caption-text gallery-caption'>\n\t\t\t\t\t\t\t\t<p>\n\t\t\t\t\t\t\t\t<a href=\"https:\/\/www.infraestruturameioambiente.sp.gov.br\/institutogeologico\/publicacoes\/boletim-ig\/08-1989-part2\">Boletim IG 08 &#8211; Bibliografia Anal\u00edtica da Paleontologia do Estado de S\u00e3o Paulo parte II &#8211; 1989 (PDF 34.3 MB)<\/a>\n\t\t\t\t\t\t\t\t<\/p>\n\t\t\t\t\t\t\t<\/div><\/div><\/div><\/div><div class='gallery-item-wrapper gallery-item-position-10 gallery-item-attachment-12400 gallery-item-column-1'><div class='gallery-item'>\n\t\t\t\t<div class='gallery-item-inner'>\n\t\t\t\t\t<div class='gallery-icon portrait'>\n\t\t\t\t\t\t<img width=\"150\" height=\"150\" src=\"https:\/\/www.infraestruturameioambiente.sp.gov.br\/institutogeologico\/wp-content\/uploads\/sites\/233\/2019\/02\/Boletim_IG_09-150x150.jpg\" class=\"attachment-thumbnail size-thumbnail\" alt=\"\" decoding=\"async\" loading=\"lazy\" \/>\n\t\t\t\t\t<\/div>\n\t\t\t\t\t\t\t<div class='wp-caption-text gallery-caption'>\n\t\t\t\t\t\t\t\t<p>\n\t\t\t\t\t\t\t\t<a href=\"https:\/\/www.infraestruturameioambiente.sp.gov.br\/institutogeologico\/publicacoes\/boletim-ig\/09-1992\">Boletim IG 09 &#8211; A Eros\u00e3o Acelerada em Ca\u00e7apava &#8211; 1992 (PDF 11.3 MB)<\/a>\n\t\t\t\t\t\t\t\t<\/p>\n\t\t\t\t\t\t\t<\/div><\/div><\/div><\/div><div class='gallery-item-wrapper gallery-item-position-11 gallery-item-attachment-12401 gallery-item-column-2'><div class='gallery-item'>\n\t\t\t\t<div class='gallery-item-inner'>\n\t\t\t\t\t<div class='gallery-icon portrait'>\n\t\t\t\t\t\t<img width=\"150\" height=\"150\" src=\"https:\/\/www.infraestruturameioambiente.sp.gov.br\/institutogeologico\/wp-content\/uploads\/sites\/233\/2019\/02\/Boletim_IG_10-150x150.jpg\" class=\"attachment-thumbnail size-thumbnail\" alt=\"\" decoding=\"async\" loading=\"lazy\" \/>\n\t\t\t\t\t<\/div>\n\t\t\t\t\t\t\t<div class='wp-caption-text gallery-caption'>\n\t\t\t\t\t\t\t\t<p>\n\t\t\t\t\t\t\t\t<a href=\"https:\/\/www.infraestruturameioambiente.sp.gov.br\/institutogeologico\/publicacoes\/boletim-ig\/10-1994\">Boletim IG 10 &#8211; Determina\u00e7\u00e3o de Riscos de Contamina\u00e7\u00e3o das \u00c1guas Subterr\u00e2neas &#8211; 1994 (PDF 26 MB)<\/a>\n\t\t\t\t\t\t\t\t<\/p>\n\t\t\t\t\t\t\t<\/div><\/div><\/div><\/div><div class='gallery-item-wrapper gallery-item-position-12 gallery-item-attachment-12402 gallery-item-column-3 gallery-item-last-column'><div class='gallery-item'>\n\t\t\t\t<div class='gallery-item-inner'>\n\t\t\t\t\t<div class='gallery-icon portrait'>\n\t\t\t\t\t\t<img width=\"150\" height=\"150\" src=\"https:\/\/www.infraestruturameioambiente.sp.gov.br\/institutogeologico\/wp-content\/uploads\/sites\/233\/2019\/02\/Boletim_IG_11-150x150.jpg\" class=\"attachment-thumbnail size-thumbnail\" alt=\"\" decoding=\"async\" loading=\"lazy\" \/>\n\t\t\t\t\t<\/div>\n\t\t\t\t\t\t\t<div class='wp-caption-text gallery-caption'>\n\t\t\t\t\t\t\t\t<p>\n\t\t\t\t\t\t\t\t<a href=\"https:\/\/www.infraestruturameioambiente.sp.gov.br\/institutogeologico\/publicacoes\/boletim-ig\/11-1994\">Boletim IG 11 &#8211; Fossil Molluscs of Brazil &#8211; 1994 (PDF 36.6 MB)<\/a>\n\t\t\t\t\t\t\t\t<\/p>\n\t\t\t\t\t\t\t<\/div><\/div><\/div><\/div><div class='gallery-item-wrapper gallery-item-position-13 gallery-item-attachment-12403 gallery-item-column-1'><div class='gallery-item'>\n\t\t\t\t<div class='gallery-item-inner'>\n\t\t\t\t\t<div class='gallery-icon portrait'>\n\t\t\t\t\t\t<img width=\"150\" height=\"150\" src=\"https:\/\/www.infraestruturameioambiente.sp.gov.br\/institutogeologico\/wp-content\/uploads\/sites\/233\/2019\/02\/Boletim_IG_12-150x150.jpg\" class=\"attachment-thumbnail size-thumbnail\" alt=\"\" decoding=\"async\" loading=\"lazy\" \/>\n\t\t\t\t\t<\/div>\n\t\t\t\t\t\t\t<div class='wp-caption-text gallery-caption'>\n\t\t\t\t\t\t\t\t<p>\n\t\t\t\t\t\t\t\t<a href=\"https:\/\/www.infraestruturameioambiente.sp.gov.br\/institutogeologico\/publicacoes\/boletim-ig\/12-1996\">Boletim IG 12 &#8211; Mapeamento da Suscetibilidade a Eros\u00e3o na Bacia do Rio Quilombo &#8211; 1996 (PDF 18 MB)<\/a>\n\t\t\t\t\t\t\t\t<\/p>\n\t\t\t\t\t\t\t<\/div><\/div><\/div><\/div><div class='gallery-item-wrapper gallery-item-position-14 gallery-item-attachment-12404 gallery-item-column-2'><div class='gallery-item'>\n\t\t\t\t<div class='gallery-item-inner'>\n\t\t\t\t\t<div class='gallery-icon portrait'>\n\t\t\t\t\t\t<img width=\"150\" height=\"150\" src=\"https:\/\/www.infraestruturameioambiente.sp.gov.br\/institutogeologico\/wp-content\/uploads\/sites\/233\/2019\/02\/Boletim_IG_13-150x150.jpg\" class=\"attachment-thumbnail size-thumbnail\" alt=\"\" decoding=\"async\" loading=\"lazy\" \/>\n\t\t\t\t\t<\/div>\n\t\t\t\t\t\t\t<div class='wp-caption-text gallery-caption'>\n\t\t\t\t\t\t\t\t<p>\n\t\t\t\t\t\t\t\t<a href=\"https:\/\/www.infraestruturameioambiente.sp.gov.br\/institutogeologico\/publicacoes\/boletim-ig\/13-1996\">Boletim IG 13 &#8211; Diagn\u00f3stico do Meio F\u00edsico da Media Bacia do Rio Piracicaba Gest\u00e3o Ambiental &#8211; 1996 (PDF 41.5 MB)<\/a>\n\t\t\t\t\t\t\t\t<\/p>\n\t\t\t\t\t\t\t<\/div><\/div><\/div><\/div><div class='gallery-item-wrapper gallery-item-position-15 gallery-item-attachment-12405 gallery-item-column-3 gallery-item-last-column'><div class='gallery-item'>\n\t\t\t\t<div class='gallery-item-inner'>\n\t\t\t\t\t<div class='gallery-icon portrait'>\n\t\t\t\t\t\t<img width=\"150\" height=\"150\" src=\"https:\/\/www.infraestruturameioambiente.sp.gov.br\/institutogeologico\/wp-content\/uploads\/sites\/233\/2019\/02\/Boletim_IG_14-150x150.jpg\" class=\"attachment-thumbnail size-thumbnail\" alt=\"\" decoding=\"async\" loading=\"lazy\" \/>\n\t\t\t\t\t<\/div>\n\t\t\t\t\t\t\t<div class='wp-caption-text gallery-caption'>\n\t\t\t\t\t\t\t\t<p>\n\t\t\t\t\t\t\t\t<a href=\"https:\/\/www.infraestruturameioambiente.sp.gov.br\/institutogeologico\/publicacoes\/boletim-ig\/14-1997\">Boletim IG 14 &#8211; Bibliografia Anal\u00edtica da Paleontologia do Estado de S\u00e3o Paulo Parte II &#8211; 1997 (PDF 15.5 MB)<\/a>\n\t\t\t\t\t\t\t\t<\/p>\n\t\t\t\t\t\t\t<\/div><\/div><\/div><\/div><div class='gallery-item-wrapper gallery-item-position-16 gallery-item-attachment-12406 gallery-item-column-1'><div class='gallery-item'>\n\t\t\t\t<div class='gallery-item-inner'>\n\t\t\t\t\t<div class='gallery-icon portrait'>\n\t\t\t\t\t\t<img width=\"150\" height=\"150\" src=\"https:\/\/www.infraestruturameioambiente.sp.gov.br\/institutogeologico\/wp-content\/uploads\/sites\/233\/2019\/02\/Boletim_IG_15-150x150.jpg\" class=\"attachment-thumbnail size-thumbnail\" alt=\"\" decoding=\"async\" loading=\"lazy\" \/>\n\t\t\t\t\t<\/div>\n\t\t\t\t\t\t\t<div class='wp-caption-text gallery-caption'>\n\t\t\t\t\t\t\t\t<p>\n\t\t\t\t\t\t\t\t<a href=\"https:\/\/www.infraestruturameioambiente.sp.gov.br\/institutogeologico\/publicacoes\/boletim-ig\/15-1996\">Boletim IG 15 &#8211; Os Fosseis do Estado de S\u00e3o Paulo Parte II &#8211; 1996 (PDF 31.3 MB)<\/a>\n\t\t\t\t\t\t\t\t<\/p>\n\t\t\t\t\t\t\t<\/div><\/div><\/div><\/div><div class='gallery-item-wrapper gallery-item-position-17 gallery-item-attachment-12407 gallery-item-column-2'><div class='gallery-item'>\n\t\t\t\t<div class='gallery-item-inner'>\n\t\t\t\t\t<div class='gallery-icon portrait'>\n\t\t\t\t\t\t<img width=\"150\" height=\"150\" src=\"https:\/\/www.infraestruturameioambiente.sp.gov.br\/institutogeologico\/wp-content\/uploads\/sites\/233\/2019\/02\/Boletim_IG_16-150x150.jpg\" class=\"attachment-thumbnail size-thumbnail\" alt=\"\" decoding=\"async\" loading=\"lazy\" \/>\n\t\t\t\t\t<\/div>\n\t\t\t\t\t\t\t<div class='wp-caption-text gallery-caption'>\n\t\t\t\t\t\t\t\t<p>\n\t\t\t\t\t\t\t\t<a href=\"https:\/\/www.infraestruturameioambiente.sp.gov.br\/institutogeologico\/publicacoes\/boletim-ig\/16-2002\">Boletim IG 16 &#8211; Interpreta\u00e7\u00e3o de Testes de Vaz\u00e3o Po\u00e7os e Bombas &#8211; 2002 (PDF 27.9 MB)<\/a>\n\t\t\t\t\t\t\t\t<\/p>\n\t\t\t\t\t\t\t<\/div><\/div><\/div><\/div><div class='gallery-item-wrapper gallery-item-position-18 gallery-item-attachment-12408 gallery-item-column-3 gallery-item-last-column'><div class='gallery-item'>\n\t\t\t\t<div class='gallery-item-inner'>\n\t\t\t\t\t<div class='gallery-icon portrait'>\n\t\t\t\t\t\t<img width=\"150\" height=\"150\" src=\"https:\/\/www.infraestruturameioambiente.sp.gov.br\/institutogeologico\/wp-content\/uploads\/sites\/233\/2019\/02\/Boletim_IG_17-150x150.jpg\" class=\"attachment-thumbnail size-thumbnail\" alt=\"\" decoding=\"async\" loading=\"lazy\" \/>\n\t\t\t\t\t<\/div>\n\t\t\t\t\t\t\t<div class='wp-caption-text gallery-caption'>\n\t\t\t\t\t\t\t\t<p>\n\t\t\t\t\t\t\t\t<a href=\"https:\/\/www.infraestruturameioambiente.sp.gov.br\/institutogeologico\/publicacoes\/boletim-ig\/17-2006\">Boletim IG 17 &#8211; Os Fosseis do Estado de S\u00e3o Paulo Parte III &#8211; 2006 (PDF 31.4 MB)<\/a>\n\t\t\t\t\t\t\t\t<\/p>\n\t\t\t\t\t\t\t<\/div><\/div><\/div><\/div><div class='gallery-item-wrapper gallery-item-position-19 gallery-item-attachment-12409 gallery-item-column-1'><div class='gallery-item'>\n\t\t\t\t<div class='gallery-item-inner'>\n\t\t\t\t\t<div class='gallery-icon portrait'>\n\t\t\t\t\t\t<img width=\"150\" height=\"150\" src=\"https:\/\/www.infraestruturameioambiente.sp.gov.br\/institutogeologico\/wp-content\/uploads\/sites\/233\/2019\/02\/Boletim_IG_18-150x150.jpg\" class=\"attachment-thumbnail size-thumbnail\" alt=\"\" decoding=\"async\" loading=\"lazy\" \/>\n\t\t\t\t\t<\/div>\n\t\t\t\t\t\t\t<div class='wp-caption-text gallery-caption'>\n\t\t\t\t\t\t\t\t<p>\n\t\t\t\t\t\t\t\t <a href=\"https:\/\/www.infraestruturameioambiente.sp.gov.br\/institutogeologico\/publicacoes\/boletim-ig\/18-2010\">Boletim IG 18 &#8211; Bibliografia Anal\u00edtica da Paleontologia do Estado de S\u00e3o Paulo Parte III &#8211; 2010 (PDF 4.5 MB)<\/a>\n\t\t\t\t\t\t\t\t<\/p>\n\t\t\t\t\t\t\t<\/div><\/div><\/div><\/div><div class='gallery-item-wrapper gallery-item-position-20 gallery-item-attachment-12410 gallery-item-column-2'><div class='gallery-item'>\n\t\t\t\t<div class='gallery-item-inner'>\n\t\t\t\t\t<div class='gallery-icon portrait'>\n\t\t\t\t\t\t<img width=\"150\" height=\"150\" src=\"https:\/\/www.infraestruturameioambiente.sp.gov.br\/institutogeologico\/wp-content\/uploads\/sites\/233\/2019\/02\/Boletim_IG_67-150x150.jpg\" class=\"attachment-thumbnail size-thumbnail\" alt=\"\" decoding=\"async\" loading=\"lazy\" \/>\n\t\t\t\t\t<\/div>\n\t\t\t\t\t\t\t<div class='wp-caption-text gallery-caption'>\n\t\t\t\t\t\t\t\t<p>\n\t\t\t\t\t\t\t\t<a href=\"https:\/\/www.infraestruturameioambiente.sp.gov.br\/wp-content\/uploads\/sites\/233\/2016\/10\/boletim_IG_vol_67.pdf\">Boletim IG 67 Desastres Devido a Fen\u00f4menos Geodin\u00e2micos no Estado de S\u00e3o Paulo (Cen\u00e1rio 2000-2015) &#8211; 2016 (PDF 17 MB)<\/a>\n\t\t\t\t\t\t\t\t<\/p>\n\t\t\t\t\t\t\t<\/div><\/div><\/div><\/div><\/div>\n<\/div>\n","protected":false},"excerpt":{"rendered":"Boletim IG 01 &#8211; Defini\u00e7\u00e3o Petrol\u00f3gica Estrutural e Geotect\u00f4nica Litoral Norte &#8211; 1976 (PDF 28.3 MB) Boletim IG 02 &#8211; \u00c1guas Subterr\u00e2neas no Estado de S\u00e3o Paulo &#8211; 1977 (PDF 19.2 MB) Boletim IG 03 &#8211; Potencialidade e Utiliza\u00e7\u00e3o da \u00c1gua Subterr\u00e2nea na Bacia do Rio S\u00e3o Jos\u00e9 dos Dourados &#8211; 1979 (PDF 18.4 MB) [...]","protected":false},"author":96,"featured_media":0,"parent":752,"menu_order":0,"comment_status":"open","ping_status":"open","template":"","meta":[],"_links":{"self":[{"href":"https:\/\/www.infraestruturameioambiente.sp.gov.br\/institutogeologico\/wp-json\/wp\/v2\/pages\/7220"}],"collection":[{"href":"https:\/\/www.infraestruturameioambiente.sp.gov.br\/institutogeologico\/wp-json\/wp\/v2\/pages"}],"about":[{"href":"https:\/\/www.infraestruturameioambiente.sp.gov.br\/institutogeologico\/wp-json\/wp\/v2\/types\/page"}],"author":[{"embeddable":true,"href":"https:\/\/www.infraestruturameioambiente.sp.gov.br\/institutogeologico\/wp-json\/wp\/v2\/users\/96"}],"replies":[{"embeddable":true,"href":"https:\/\/www.infraestruturameioambiente.sp.gov.br\/institutogeologico\/wp-json\/wp\/v2\/comments?post=7220"}],"version-history":[{"count":10,"href":"https:\/\/www.infraestruturameioambiente.sp.gov.br\/institutogeologico\/wp-json\/wp\/v2\/pages\/7220\/revisions"}],"predecessor-version":[{"id":13633,"href":"https:\/\/www.infraestruturameioambiente.sp.gov.br\/institutogeologico\/wp-json\/wp\/v2\/pages\/7220\/revisions\/13633"}],"up":[{"embeddable":true,"href":"https:\/\/www.infraestruturameioambiente.sp.gov.br\/institutogeologico\/wp-json\/wp\/v2\/pages\/752"}],"wp:attachment":[{"href":"https:\/\/www.infraestruturameioambiente.sp.gov.br\/institutogeologico\/wp-json\/wp\/v2\/media?parent=7220"}],"curies":[{"name":"wp","href":"https:\/\/api.w.org\/{rel}","templated":true}]}}