{"id":6854,"date":"2012-04-05T17:17:12","date_gmt":"2012-04-05T20:17:12","guid":{"rendered":"https:\/\/www.infraestruturameioambiente.sp.gov.br\/institutogeologico\/?page_id=6854"},"modified":"2023-04-27T13:34:56","modified_gmt":"2023-04-27T16:34:56","slug":"hidrogeologia-online","status":"publish","type":"page","link":"https:\/\/www.infraestruturameioambiente.sp.gov.br\/institutogeologico\/geodados\/bases-online\/hidrogeologia-online\/","title":{"rendered":"Hidrogeologia Online"},"content":{"rendered":"<p>[vc_row][vc_column width=&#8221;2\/3&#8243;][vc_column_text]<\/p>\n<p style=\"text-align: justify\">O Banco de Dados da Hidrogeologia do Estado de S\u00e3o Paulo \u00e9 resultado de levantamentos sistem\u00e1ticos executados pelo N\u00facleo de Hidrogeologia. Neste banco s\u00e3o cadastrados peri\u00f3dicos nacionais e estrangeiros, boletins, livros, teses e relat\u00f3rios de projetos de pesquisa de ampla circula\u00e7\u00e3o. A atualiza\u00e7\u00e3o dos dados \u00e9 feita de modo cont\u00ednuo, com a incorpora\u00e7\u00e3o da nova produ\u00e7\u00e3o cient\u00edfica.<\/p>\n<p><span style=\"line-height: 1.5em\">Para acessar o Banco de Dados HIDROGEOLOGIA Online <\/span>CLIQUE AQUI<span style=\"line-height: 1.5em\">. (em breve)<\/span>[\/vc_column_text][\/vc_column][vc_column width=&#8221;1\/3&#8243;][vc_column_text]<strong>Bases Online<\/strong><\/p>\n<ul>\n<li><a href=\"https:\/\/www.infraestruturameioambiente.sp.gov.br\/institutogeologico\/geodados\/bases-online\/geomorfologia-online\/\">Geomorfologia Online<\/a><\/li>\n<li><a href=\"https:\/\/www.infraestruturameioambiente.sp.gov.br\/institutogeologico\/geodados\/bases-online\/climatologia-online\/\">Climatologia Online<\/a><\/li>\n<li><a href=\"https:\/\/www.infraestruturameioambiente.sp.gov.br\/institutogeologico\/geodados\/bases-online\/prevencao-de-desastres-naturais-online\/\">Gest\u00e3o de Risco de Desastres<\/a><\/li>\n<li><strong>Hidrogeologia Online<\/strong><\/li>\n<li><a href=\"https:\/\/www.infraestruturameioambiente.sp.gov.br\/institutogeologico\/geodados\/bases-online\/monumentos-geologicos-online\/\">Monumentos Geol\u00f3gicos Online<\/a><\/li>\n<li><a href=\"https:\/\/www.infraestruturameioambiente.sp.gov.br\/institutogeologico\/laboratorio-e-geotecnologia\/laboratorio-litoteca\/colecao-cientifica-petrografica\/\">Cole\u00e7\u00e3o Cient\u00edfica Petrogr\u00e1fica<\/a><\/li>\n<li><a href=\"https:\/\/www.infraestruturameioambiente.sp.gov.br\/institutogeologico\/laboratorio-e-geotecnologia\/laboratorio-litoteca\/colecao-cientifica-geologica-do-estado-de-sao-paulo\/\">Cole\u00e7\u00e3o Cient\u00edfica Geol\u00f3gica<\/a><\/li>\n<li><a href=\"https:\/\/www.infraestruturameioambiente.sp.gov.br\/institutogeologico\/laboratorio-e-geotecnologia\/laboratorio-paleontologico\/acervo-paleontologico-do-instituto-geologico\/\">Acervo Paleontol\u00f3gico<\/a><\/li>\n<li><a href=\"https:\/\/www.infraestruturameioambiente.sp.gov.br\/institutogeologico\/laboratorio-e-geotecnologia\/geoprocessamento\/acervo-de-produtos-cartograficos\/\">Acervo de Produtos Cartogr\u00e1ficos<\/a><\/li>\n<li><a href=\"https:\/\/www.infraestruturameioambiente.sp.gov.br\/institutogeologico\/geodados\/bases-online\/acervo-mugeo\/\">Acervo MUGEO<\/a><\/li>\n<li><a href=\"https:\/\/www.infraestruturameioambiente.sp.gov.br\/institutogeologico\/geodados\/bases-online\/acervo-historico\/\">Acervo Hist\u00f3rico<\/a><\/li>\n<\/ul>\n<p>[\/vc_column_text][\/vc_column][\/vc_row]<\/p>\n","protected":false},"excerpt":{"rendered":"<p>[vc_row][vc_column width=&#8221;2\/3&#8243;][vc_column_text] O Banco de Dados da Hidrogeologia do Estado de S\u00e3o Paulo \u00e9 resultado de levantamentos sistem\u00e1ticos executados pelo N\u00facleo de Hidrogeologia. Neste banco s\u00e3o cadastrados peri\u00f3dicos nacionais e estrangeiros, boletins, livros, teses e relat\u00f3rios de projetos de pesquisa de ampla circula\u00e7\u00e3o. A atualiza\u00e7\u00e3o dos dados \u00e9 feita de modo cont\u00ednuo, com a incorpora\u00e7\u00e3o [&hellip;]<\/p>\n","protected":false},"author":1,"featured_media":0,"parent":252,"menu_order":0,"comment_status":"open","ping_status":"open","template":"","meta":[],"_links":{"self":[{"href":"https:\/\/www.infraestruturameioambiente.sp.gov.br\/institutogeologico\/wp-json\/wp\/v2\/pages\/6854"}],"collection":[{"href":"https:\/\/www.infraestruturameioambiente.sp.gov.br\/institutogeologico\/wp-json\/wp\/v2\/pages"}],"about":[{"href":"https:\/\/www.infraestruturameioambiente.sp.gov.br\/institutogeologico\/wp-json\/wp\/v2\/types\/page"}],"author":[{"embeddable":true,"href":"https:\/\/www.infraestruturameioambiente.sp.gov.br\/institutogeologico\/wp-json\/wp\/v2\/users\/1"}],"replies":[{"embeddable":true,"href":"https:\/\/www.infraestruturameioambiente.sp.gov.br\/institutogeologico\/wp-json\/wp\/v2\/comments?post=6854"}],"version-history":[{"count":12,"href":"https:\/\/www.infraestruturameioambiente.sp.gov.br\/institutogeologico\/wp-json\/wp\/v2\/pages\/6854\/revisions"}],"predecessor-version":[{"id":14094,"href":"https:\/\/www.infraestruturameioambiente.sp.gov.br\/institutogeologico\/wp-json\/wp\/v2\/pages\/6854\/revisions\/14094"}],"up":[{"embeddable":true,"href":"https:\/\/www.infraestruturameioambiente.sp.gov.br\/institutogeologico\/wp-json\/wp\/v2\/pages\/252"}],"wp:attachment":[{"href":"https:\/\/www.infraestruturameioambiente.sp.gov.br\/institutogeologico\/wp-json\/wp\/v2\/media?parent=6854"}],"curies":[{"name":"wp","href":"https:\/\/api.w.org\/{rel}","templated":true}]}}