{"id":6851,"date":"2012-04-05T17:16:01","date_gmt":"2012-04-05T20:16:01","guid":{"rendered":"https:\/\/www.infraestruturameioambiente.sp.gov.br\/institutogeologico\/?page_id=6851"},"modified":"2023-07-05T12:20:14","modified_gmt":"2023-07-05T15:20:14","slug":"prevencao-de-desastres-naturais-online","status":"publish","type":"page","link":"https:\/\/www.infraestruturameioambiente.sp.gov.br\/institutogeologico\/geodados\/bases-online\/prevencao-de-desastres-naturais-online\/","title":{"rendered":"Gest\u00e3o de Risco de Desastres"},"content":{"rendered":"<p><img decoding=\"async\" loading=\"lazy\" class=\"wp-image-11877 aligncenter\" src=\"https:\/\/www.infraestruturameioambiente.sp.gov.br\/wp-content\/uploads\/sites\/233\/2012\/04\/Logo_PDN2-274x300.jpg\" alt=\"\" width=\"400\" height=\"438\" srcset=\"https:\/\/www.infraestruturameioambiente.sp.gov.br\/institutogeologico\/wp-content\/uploads\/sites\/233\/2012\/04\/Logo_PDN2-274x300.jpg 274w, https:\/\/www.infraestruturameioambiente.sp.gov.br\/institutogeologico\/wp-content\/uploads\/sites\/233\/2012\/04\/Logo_PDN2-246x270.jpg 246w, https:\/\/www.infraestruturameioambiente.sp.gov.br\/institutogeologico\/wp-content\/uploads\/sites\/233\/2012\/04\/Logo_PDN2-141x155.jpg 141w, https:\/\/www.infraestruturameioambiente.sp.gov.br\/institutogeologico\/wp-content\/uploads\/sites\/233\/2012\/04\/Logo_PDN2-89x97.jpg 89w, https:\/\/www.infraestruturameioambiente.sp.gov.br\/institutogeologico\/wp-content\/uploads\/sites\/233\/2012\/04\/Logo_PDN2-62x68.jpg 62w, https:\/\/www.infraestruturameioambiente.sp.gov.br\/institutogeologico\/wp-content\/uploads\/sites\/233\/2012\/04\/Logo_PDN2-183x201.jpg 183w, https:\/\/www.infraestruturameioambiente.sp.gov.br\/institutogeologico\/wp-content\/uploads\/sites\/233\/2012\/04\/Logo_PDN2-118x129.jpg 118w, https:\/\/www.infraestruturameioambiente.sp.gov.br\/institutogeologico\/wp-content\/uploads\/sites\/233\/2012\/04\/Logo_PDN2-90x99.jpg 90w, https:\/\/www.infraestruturameioambiente.sp.gov.br\/institutogeologico\/wp-content\/uploads\/sites\/233\/2012\/04\/Logo_PDN2-64x70.jpg 64w, https:\/\/www.infraestruturameioambiente.sp.gov.br\/institutogeologico\/wp-content\/uploads\/sites\/233\/2012\/04\/Logo_PDN2.jpg 500w\" sizes=\"(max-width: 400px) 100vw, 400px\" \/><\/p>\n<p>&nbsp;<\/p>\n<p>Esta \u00e1rea estrat\u00e9gica tem como finalidade realizar pesquisa cient\u00edfica e tecnol\u00f3gica sobre riscos e desastres, promovendo sua articula\u00e7\u00e3o com pol\u00edticas p\u00fablicas e sua aplica\u00e7\u00e3o em benef\u00edcio da sociedade.<\/p>\n<p><strong>Principais linhas de a\u00e7\u00e3o:<\/strong><\/p>\n<ol>\n<li><a href=\"https:\/\/www.infraestruturameioambiente.sp.gov.br\/institutogeologico\/gestao_de_risco_de_desastres\/avaliacao-de-areas-de-riscos\/\">Avalia\u00e7\u00e3o de \u00e1reas de riscos &#8211; Mapeamento de \u00e1reas de risco de escorregamentos, inunda\u00e7\u00f5es, eros\u00e3o, solapamento de margens de drenagem, corridas de massa<\/a><\/li>\n<li><a href=\"https:\/\/www.infraestruturameioambiente.sp.gov.br\/institutogeologico\/gestao_de_risco_de_desastres\/avaliacao-de-areas-de-riscos-vistorias-tecnicas-e-analises-locais-em-areas-de-risco\/\">Avalia\u00e7\u00e3o de \u00e1reas de riscos &#8211; Vistorias t\u00e9cnicas e an\u00e1lises locais em \u00e1reas de risco<\/a><\/li>\n<li><a href=\"https:\/\/www.infraestruturameioambiente.sp.gov.br\/institutogeologico\/gestao_de_risco_de_desastres\/geotecnologias-aplicados-ao-monitoramento-de-indicadores-e-gestao-de-riscos-de-desastres\/\">Geotecnologia aplicada a gest\u00e3o de riscos de desastres<\/a><\/li>\n<li><a href=\"https:\/\/www.infraestruturameioambiente.sp.gov.br\/institutogeologico\/sem-categoria\/comunicacao-disseminacao-e-educacao-em-percepcao-de-riscos-de-desastres\/\">Comunica\u00e7\u00e3o, dissemina\u00e7\u00e3o e educa\u00e7\u00e3o em percep\u00e7\u00e3o de riscos de desastres<\/a><\/li>\n<li><a href=\"https:\/\/www.infraestruturameioambiente.sp.gov.br\/institutogeologico\/gestao_de_risco_de_desastres\/apoio-a-politicas-publicas-relacionadas-a-prevencao-de-riscos-de-desastres\/\">Apoio a pol\u00edticas p\u00fablicas relacionadas a preven\u00e7\u00e3o de riscos de desastres<\/a><\/li>\n<\/ol>\n<p>&nbsp;<\/p>\n<p><strong>A equipe t\u00e9cnica \u00e9 multidisciplinar e envolve profissionais de diferentes setores institucionais:<\/strong><\/p>\n<ul>\n<li><a href=\"https:\/\/www.infraestruturameioambiente.sp.gov.br\/institutogeologico\/pesquisas-em-geociencias\/geologia-de-engenharia-e-ambiental\/equipe\/\">N\u00facleo de Geologia de Engenharia e Ambiental<\/a> &#8211; Coordena\u00e7\u00e3o<\/li>\n<li><a href=\"https:\/\/www.infraestruturameioambiente.sp.gov.br\/institutogeologico\/pesquisas-em-geociencias\/dinamica-de-uso-e-ocupacao-territorial\/equipe\/\">N\u00facleo de Din\u00e2mica de Uso e Ocupa\u00e7\u00e3o Territorial<\/a><\/li>\n<li><a href=\"https:\/\/www.infraestruturameioambiente.sp.gov.br\/institutogeologico\/pesquisas-em-geociencias\/climatologia\/equipe\/\">N\u00facleo de Climatologia<\/a><\/li>\n<li><a href=\"https:\/\/www.infraestruturameioambiente.sp.gov.br\/institutogeologico\/pesquisas-em-geociencias\/geomorfologia\/equipe\/\">N\u00facleo de Geomorfologia<\/a><\/li>\n<li><a href=\"http:\/\/monumentosgeologicos.mugeo.sp.gov.br\/o-nucleo\/equipe\/\">N\u00facleo de Monumentos Geol\u00f3gicos<\/a><\/li>\n<li><a href=\"https:\/\/www.infraestruturameioambiente.sp.gov.br\/institutogeologico\/laboratorio-e-geotecnologia\/geoprocessamento\/equipe\/\">N\u00facleo de Geoprocessamento<\/a><\/li>\n<\/ul>\n","protected":false},"excerpt":{"rendered":"<p>&nbsp; Esta \u00e1rea estrat\u00e9gica tem como finalidade realizar pesquisa cient\u00edfica e tecnol\u00f3gica sobre riscos e desastres, promovendo sua articula\u00e7\u00e3o com pol\u00edticas p\u00fablicas e sua aplica\u00e7\u00e3o em benef\u00edcio da sociedade. Principais linhas de a\u00e7\u00e3o: Avalia\u00e7\u00e3o de \u00e1reas de riscos &#8211; Mapeamento de \u00e1reas de risco de escorregamentos, inunda\u00e7\u00f5es, eros\u00e3o, solapamento de margens de drenagem, corridas de [&hellip;]<\/p>\n","protected":false},"author":1,"featured_media":0,"parent":252,"menu_order":0,"comment_status":"open","ping_status":"open","template":"","meta":[],"_links":{"self":[{"href":"https:\/\/www.infraestruturameioambiente.sp.gov.br\/institutogeologico\/wp-json\/wp\/v2\/pages\/6851"}],"collection":[{"href":"https:\/\/www.infraestruturameioambiente.sp.gov.br\/institutogeologico\/wp-json\/wp\/v2\/pages"}],"about":[{"href":"https:\/\/www.infraestruturameioambiente.sp.gov.br\/institutogeologico\/wp-json\/wp\/v2\/types\/page"}],"author":[{"embeddable":true,"href":"https:\/\/www.infraestruturameioambiente.sp.gov.br\/institutogeologico\/wp-json\/wp\/v2\/users\/1"}],"replies":[{"embeddable":true,"href":"https:\/\/www.infraestruturameioambiente.sp.gov.br\/institutogeologico\/wp-json\/wp\/v2\/comments?post=6851"}],"version-history":[{"count":22,"href":"https:\/\/www.infraestruturameioambiente.sp.gov.br\/institutogeologico\/wp-json\/wp\/v2\/pages\/6851\/revisions"}],"predecessor-version":[{"id":11878,"href":"https:\/\/www.infraestruturameioambiente.sp.gov.br\/institutogeologico\/wp-json\/wp\/v2\/pages\/6851\/revisions\/11878"}],"up":[{"embeddable":true,"href":"https:\/\/www.infraestruturameioambiente.sp.gov.br\/institutogeologico\/wp-json\/wp\/v2\/pages\/252"}],"wp:attachment":[{"href":"https:\/\/www.infraestruturameioambiente.sp.gov.br\/institutogeologico\/wp-json\/wp\/v2\/media?parent=6851"}],"curies":[{"name":"wp","href":"https:\/\/api.w.org\/{rel}","templated":true}]}}