{"id":65,"date":"2012-02-29T11:26:02","date_gmt":"2012-02-29T14:26:02","guid":{"rendered":"https:\/\/www.infraestruturameioambiente.sp.gov.br\/institutogeologico\/?page_id=65"},"modified":"2023-04-27T14:46:38","modified_gmt":"2023-04-27T17:46:38","slug":"concurso-publico","status":"publish","type":"page","link":"https:\/\/www.infraestruturameioambiente.sp.gov.br\/institutogeologico\/instituto\/administrativo\/concurso-publico\/","title":{"rendered":"Concurso P\u00fablico"},"content":{"rendered":"<p style=\"text-align: justify\">Os concursos p\u00fablicos para ingresso nas carreiras de Pesquisador Cient\u00edfico e de Apoio \u00e0 Pesquisa Cient\u00edfica e Tecnol\u00f3gica s\u00e3o solicitados sempre que existe a necessidade de reposi\u00e7\u00e3o de pessoal ou abertura de novas linhas de atua\u00e7\u00e3o. Os concursos do Instituto Geol\u00f3gico s\u00e3o divulgados pelo Di\u00e1rio Oficial do Estado de S\u00e3o Paulo e em diversas universidades e entidades ligadas \u00e0 geoci\u00eancias. Verifique periodicamente este site para novas informa\u00e7\u00f5es sobre o andamento e abertura de concursos. No quadro abaixo s\u00e3o apresentadas as not\u00edcias dos \u00faltimos concursos realizados pelo Instituto Geol\u00f3gico*.<\/p>\n<p><em>*O Instituto ainda n\u00e3o tem previs\u00e3o de abertura de novos concursos.<\/em><\/p>\n<h2 class=\"tl-sub\">Noticias de Concursos<\/h2>\n<ul>\n<li><a href=\"https:\/\/www.infraestruturameioambiente.sp.gov.br\/wp-content\/uploads\/sites\/233\/2013\/03\/EDITAL-IG001-2009.pdf\">Edital IG n\u00ba 001\/2009<\/a><\/li>\n<\/ul>\n<p style=\"padding-left: 30px\">Publicado no DOE 23\/07\/2009, Poder Executivo &#8211; Se\u00e7\u00e3o I &#8211; pg. 92 a 96.<br \/>\nConcurso P\u00fablico &#8211; Carreira de Apoio \u00e0 Pesquisa Cient\u00edfica e Tecnol\u00f3gica<\/p>\n<ul>\n<li>Redu\u00e7\u00e3o de Taxa &#8211; Deferidos e Indeferidos<\/li>\n<\/ul>\n<p style=\"padding-left: 30px\">Publicado no DOE 15\/08\/2009, Poder Executivo &#8211; Se\u00e7\u00e3o I &#8211; pg. 233.<br \/>\nConcurso P\u00fablico &#8211; Carreira de Apoio \u00e0 Pesquisa Cient\u00edfica e Tecnol\u00f3gica<\/p>\n<ul>\n<li><a href=\"https:\/\/www.infraestruturameioambiente.sp.gov.br\/wp-content\/uploads\/sites\/233\/2013\/03\/Prorroga\u00e7\u00e3o-das-inscri\u00e7\u00f5es-DOE-18-08-09.pdf\">Prorroga\u00e7\u00e3o de inscri\u00e7\u00f5es<\/a><\/li>\n<\/ul>\n<p style=\"padding-left: 30px\">Publicado no DOE 18\/08\/2009, Poder Executivo &#8211; Se\u00e7\u00e3o I &#8211; pg. 115.<br \/>\nConcurso P\u00fablico &#8211; Carreira de Apoio \u00e0 Pesquisa Cient\u00edfica e Tecnol\u00f3gica<\/p>\n<ul>\n<li><a href=\"https:\/\/www.infraestruturameioambiente.sp.gov.br\/wp-content\/uploads\/sites\/233\/2013\/03\/Reducao_de-Taxa-_-DOE-29-08-09.pdf\">Redu\u00e7\u00e3o de taxa &#8211; per\u00edodo de prorroga\u00e7\u00e3o<\/a><\/li>\n<\/ul>\n<p style=\"padding-left: 30px\">Publicado no DOE 29\/08\/2009, Poder Executivo &#8211; Se\u00e7\u00e3o I &#8211; pg. 109.<br \/>\nConcurso P\u00fablico &#8211; Carreira de Apoio \u00e0 Pesquisa Cient\u00edfica e Tecnol\u00f3gica<\/p>\n<ul>\n<li><a href=\"https:\/\/www.infraestruturameioambiente.sp.gov.br\/wp-content\/uploads\/sites\/233\/2013\/03\/Lista_candidatos_DOE-09-09-09.pdf\">Rela\u00e7\u00e3o dos candidatos inscritos<\/a><\/li>\n<\/ul>\n<p style=\"padding-left: 30px\">Publicado no DOE 09\/09\/2009, Poder Executivo &#8211; Se\u00e7\u00e3o I &#8211; pg. 116 a 118.<br \/>\nConcurso P\u00fablico &#8211; Carreira de Apoio \u00e0 Pesquisa Cient\u00edfica e Tecnol\u00f3gica<\/p>\n<ul>\n<li><a href=\"https:\/\/www.infraestruturameioambiente.sp.gov.br\/wp-content\/uploads\/sites\/233\/2013\/03\/Convoca_provas_DOE_3_10_2009.pdf\">Edital de Convoca\u00e7\u00e3o para as Provas<\/a><\/li>\n<\/ul>\n<p style=\"padding-left: 30px\">Publicado no DOE 03\/10\/2009, Poder Executivo- Se\u00e7\u00e3o I &#8211; pg. 163.<br \/>\nConcurso P\u00fablico &#8211; Carreira de Apoio \u00e0 Pesquisa Cient\u00edfica e Tecnol\u00f3gica<\/p>\n<ul>\n<li>Gabarito Final das Provas<\/li>\n<\/ul>\n<p style=\"padding-left: 30px\">Divulgado no site do Instituto Cetro, o gabarito final das provas referentes ao Concurso P\u00fablico &#8211; Carreira de Apoio \u00e0 Pesquisa Cient\u00edfica e Tecnol\u00f3gica<\/p>\n<ul>\n<li><a href=\"https:\/\/www.infraestruturameioambiente.sp.gov.br\/wp-content\/uploads\/sites\/233\/2013\/03\/Edital-Resultado-Provis\u00f3rio-II_site-IG.pdf\">Resultado das provas objetivas e reda\u00e7\u00e3o (1\u00aa fase)<\/a><\/li>\n<\/ul>\n<p style=\"padding-left: 30px\">Publicado no DOE 25\/11\/2009, Poder Executivo &#8211; Se\u00e7\u00e3o I &#8211; pgs. 242 a 243. Resultado das provas objetivas e reda\u00e7\u00e3o (1\u00aa fase) do Concurso P\u00fablico da Carreira de Apoio \u00e0 Pesquisa Cient\u00edfica e Tecnol\u00f3gica.<\/p>\n<ul>\n<li><a href=\"https:\/\/www.infraestruturameioambiente.sp.gov.br\/wp-content\/uploads\/sites\/233\/2013\/03\/Edital_habilitados_definitivos.pdf\">Resultado DEFINITIVO das provas objetivas e reda\u00e7\u00e3o (1\u00aa fase)<\/a><\/li>\n<\/ul>\n<p style=\"padding-left: 30px\">Publicado no DOE 11\/12\/2009, Poder Executivo &#8211; Se\u00e7\u00e3o I &#8211; pg. 157. Resultado definitivo, ap\u00f3s an\u00e1lise de recursos, das provas objetivas e reda\u00e7\u00e3o (1\u00aa fase) do Concurso P\u00fablico da Carreira de Apoio \u00e0 Pesquisa Cient\u00edfica e Tecnol\u00f3gica.<\/p>\n<ul>\n<li><a href=\"https:\/\/www.infraestruturameioambiente.sp.gov.br\/wp-content\/uploads\/sites\/233\/2013\/03\/Edital-Resultado-Provis\u00f3rio-2\u00aa-Fase-II.pdf\">Resultado provis\u00f3rio das provas de t\u00edtulos (2\u00aa fase)<\/a><\/li>\n<\/ul>\n<p style=\"padding-left: 30px\">Publicado no DOE 18\/12\/2009 no DOE &#8211; Poder Executivo &#8211; Se\u00e7\u00e3o I &#8211; pg. 178 e 179 o resultado provis\u00f3rio das provas de t\u00edtulos (2\u00aa fase), do Concurso P\u00fablico da Carreira de Apoio \u00e0 Pesquisa Cient\u00edfica e Tecnol\u00f3gica<\/p>\n<ul>\n<li><a href=\"https:\/\/www.infraestruturameioambiente.sp.gov.br\/wp-content\/uploads\/sites\/233\/2013\/03\/Recursos.pdf\">Recursos relativos \u00e0 2\u00aa Fase do Concurso P\u00fablico<\/a><\/li>\n<\/ul>\n<p style=\"padding-left: 30px\">Publicado no DOE 06\/01\/2010 no DOE &#8211; Poder Executivo &#8211; Se\u00e7\u00e3o I &#8211; pg. 117 o resultado dos recursos relativos \u00e0 2\u00aa Fase do Concurso P\u00fablico da Carreira de Apoio \u00e0 Pesquisa Cient\u00edfica e Tecnol\u00f3gica<\/p>\n<ul>\n<li><a href=\"https:\/\/www.infraestruturameioambiente.sp.gov.br\/wp-content\/uploads\/sites\/233\/2013\/03\/Retifica.pdf\">Retifica\u00e7\u00e3o do comunicado publicado no DOE de 06\/01\/2010<\/a><\/li>\n<\/ul>\n<p style=\"padding-left: 30px\">Publicado no DOE 12\/01\/2010 &#8211; Poder Executivo &#8211; Se\u00e7\u00e3o I &#8211; pg. 87 a Retifica\u00e7\u00e3o do Comunicado referente aos Recursos da 2\u00aa Fase do Concurso P\u00fablico da Carreira de Apoio \u00e0 Pesquisa Cient\u00edfica e Tecnol\u00f3gica.<\/p>\n<ul>\n<li><a href=\"https:\/\/www.infraestruturameioambiente.sp.gov.br\/wp-content\/uploads\/sites\/233\/2013\/03\/Pericia.pdf\">Convoca\u00e7\u00e3o para Per\u00edcia M\u00e9dica de candidata inscrita como portadora de necessidades especiais<\/a><\/li>\n<\/ul>\n<p style=\"padding-left: 30px\">Publicado no DOE 15\/01\/2010 &#8211; Poder Executivo &#8211; Se\u00e7\u00e3o I &#8211; pg. 105 a Convoca\u00e7\u00e3o para Per\u00edcia M\u00e9dica de candidata inscrita como portadora de necessidades especiais no Concurso P\u00fablico da Carreira de Apoio \u00e0 Pesquisa Cient\u00edfica e Tecnol\u00f3gica.<\/p>\n<ul>\n<li><a href=\"https:\/\/www.infraestruturameioambiente.sp.gov.br\/wp-content\/uploads\/sites\/233\/2013\/03\/Periciamed_Comunicado.pdf\">Divulga\u00e7\u00e3o do resultado de per\u00edcia m\u00e9dica<\/a><\/li>\n<\/ul>\n<p style=\"padding-left: 30px\">Publicada no DOE de 30\/01\/2010, Poder Executivo &#8211; Se\u00e7\u00e3o I &#8211; pg. 141 o resultado da Per\u00edcia M\u00e9dica de candidata inscrita como portadora de necessidades especiais no Concurso P\u00fablico da Carreira de Apoio \u00e0 Pesquisa Cient\u00edfica e Tecnol\u00f3gica.<\/p>\n<ul>\n<li><a href=\"https:\/\/www.infraestruturameioambiente.sp.gov.br\/wp-content\/uploads\/sites\/233\/2013\/03\/Resultado-Final.pdf\">Divulga\u00e7\u00e3o da Classifica\u00e7\u00e3o Final Geral e Especial do Concurso P\u00fablico<\/a><\/li>\n<\/ul>\n<p style=\"padding-left: 30px\">Publicada no DOE de 03\/02\/2010, Poder Executivo &#8211; Se\u00e7\u00e3o I &#8211; pg. 83- 84 a Classifica\u00e7\u00e3o Final Geral e Especial dos candidatos no Concurso P\u00fablico da Carreira de Apoio \u00e0 Pesquisa Cient\u00edfica e Tecnol\u00f3gica<\/p>\n<ul>\n<li><a href=\"https:\/\/www.infraestruturameioambiente.sp.gov.br\/wp-content\/uploads\/sites\/233\/2013\/03\/Retifica\u00e7\u00e3o-da-Classifica\u00e7\u00e3o-Final.pdf\">Divulga\u00e7\u00e3o da RETIFICA\u00c7\u00c3O da Classifica\u00e7\u00e3o Final Geral e Especial do Concurso P\u00fablico<\/a><\/li>\n<\/ul>\n<p style=\"padding-left: 30px\">Publicada no DOE de 19\/02\/2010, Poder Executivo &#8211; Se\u00e7\u00e3o I &#8211; pg. 105-105 a Retifica\u00e7\u00e3o da Classifica\u00e7\u00e3o Final Geral e Especial dos candidatos no Concurso P\u00fablico da Carreira de Apoio \u00e0 Pesquisa Cient\u00edfica e Tecnol\u00f3gica<\/p>\n<ul>\n<li>Publica\u00e7\u00e3o da HOMOLOGA\u00c7\u00c3O do Concurso P\u00fablico<\/li>\n<\/ul>\n<p style=\"padding-left: 30px\">Publicada no DOE de 12\/03\/10, Poder Executivo, Se\u00e7\u00e3o I, p. 135, a Homologa\u00e7\u00e3o do Concurso P\u00fablico para preenchimento de cargos de Auxiliar de Apoio \u00e0 Pesquisa Cient\u00edfica e Tecnol\u00f3gica, Oficial de Apoio \u00e0 Pesquisa Cient\u00edfica e Tecnol\u00f3gica, Agente de Apoio \u00e0 Pesquisa Cient\u00edfica e Tecnol\u00f3gica, T\u00e9cnico de Apoio \u00e0 Pesquisa Cient\u00edfica e Tecnol\u00f3gica e Assistente T\u00e9cnico de Pesquisa Cient\u00edfica e Tecnol\u00f3gica, do Instituto Geol\u00f3gico, assinada pelo Sr. Secret\u00e1rio do Meio Ambiente.<\/p>\n<ul>\n<li><a href=\"https:\/\/www.infraestruturameioambiente.sp.gov.br\/wp-content\/uploads\/sites\/233\/2013\/03\/Nomea\u00e7\u00e3o.pdf\">Publica\u00e7\u00e3o da NOMEA\u00c7\u00c3O dos candidatos do Concurso P\u00fablico<\/a><\/li>\n<\/ul>\n<p style=\"padding-left: 30px\">Publicada em 30\/03\/2010 no DOE &#8211; Poder Executivo &#8211; Se\u00e7\u00e3o II &#8211; pg. 1 a Nomea\u00e7\u00e3o dos candidatos do Concurso P\u00fablico da Carreira de Apoio \u00e0 Pesquisa Cient\u00edfica e Tecnol\u00f3gica<\/p>\n<ul>\n<li><a href=\"https:\/\/www.infraestruturameioambiente.sp.gov.br\/wp-content\/uploads\/sites\/233\/2013\/03\/2a-nomea\u00e7\u00e3o.pdf\">Publica\u00e7\u00e3o da Segunda Lista de NOMEA\u00c7\u00d5ES dos candidatos do Concurso P\u00fablico<\/a><\/li>\n<\/ul>\n<p style=\"padding-left: 30px\">Publicada em 25\/05\/2010 no DOE &#8211; Poder Executivo &#8211; Se\u00e7\u00e3o II &#8211; pg. 3 a Segunda Lista de Nomea\u00e7\u00f5es dos candidatos do Concurso P\u00fablico da Carreira de Apoio \u00e0 Pesquisa Cient\u00edfica e Tecnol\u00f3gica<\/p>\n<ul>\n<li><a href=\"https:\/\/www.infraestruturameioambiente.sp.gov.br\/wp-content\/uploads\/sites\/233\/2013\/03\/3a-nomea\u00e7\u00e3o_DOE-25-05-11.pdf\">Publica\u00e7\u00e3o da Terceira Lista de NOMEA\u00c7\u00d5ES dos candidatos do Concurso P\u00fablico<\/a><\/li>\n<\/ul>\n<p style=\"padding-left: 30px\">Publicada em 25\/05\/2011 no DOE &#8211; Poder Executivo &#8211; Se\u00e7\u00e3o II &#8211; pg. 3 a Terceira Lista de Nomea\u00e7\u00f5es dos candidatos do Concurso P\u00fablico da Carreira de Apoio \u00e0 Pesquisa Cient\u00edfica e Tecnol\u00f3gica<\/p>\n<ul>\n<li><a href=\"https:\/\/www.infraestruturameioambiente.sp.gov.br\/wp-content\/uploads\/sites\/233\/2013\/03\/4a-nomea\u00e7\u00e3o_-DOE-29-09-11.pdf\">Publica\u00e7\u00e3o da Quarta Lista de NOMEA\u00c7\u00d5ES dos candidatos do Concurso P\u00fablico<\/a><\/li>\n<\/ul>\n<p style=\"padding-left: 30px\">Publicada em 29\/09\/2011 no DOE &#8211; Poder Executivo &#8211; Se\u00e7\u00e3o II &#8211; a Quarta Lista de Nomea\u00e7\u00f5es dos candidatos do Concurso P\u00fablico da Carreira de Apoio \u00e0 Pesquisa Cient\u00edfica e Tecnol\u00f3gica<\/p>\n<ul>\n<li><a href=\"https:\/\/www.infraestruturameioambiente.sp.gov.br\/wp-content\/uploads\/sites\/233\/2013\/03\/5a-nomea\u00e7\u00e3o_DOE-07-01-12.pdf\">Publica\u00e7\u00e3o da Quinta Lista de NOMEA\u00c7\u00d5ES dos candidatos do Concurso P\u00fablico<\/a><\/li>\n<\/ul>\n<p style=\"padding-left: 30px\">Publicada em 07\/01\/2012 no DOE &#8211; Poder Executivo &#8211; Se\u00e7\u00e3o II &#8211; pg. 3 a Quinta Lista de Nomea\u00e7\u00f5es dos candidatos do Concurso P\u00fablico da Carreira de Apoio \u00e0 Pesquisa Cient\u00edfica e Tecnol\u00f3gica<\/p>\n<ul>\n<li><a href=\"https:\/\/www.infraestruturameioambiente.sp.gov.br\/wp-content\/uploads\/sites\/233\/2013\/04\/6-nomeacao.pdf\">Publica\u00e7\u00e3o da Sexta lista de NOMEA\u00c7\u00d5ES dos candidatos do Consurso P\u00fablico<\/a><\/li>\n<\/ul>\n<p style=\"padding-left: 30px\">Publicada em 12\/12\/2012 no DOE &#8211; Poder Executivo &#8211; Se\u00e7\u00e3o II &#8211; pg. 1 a Sexta\u00a0Lista de Nomea\u00e7\u00f5es dos candidatos do Concurso P\u00fablico da Carreira de Apoio \u00e0 Pesquisa Cient\u00edfica e Tecnol\u00f3gica<\/p>\n<p style=\"padding-left: 30px\">O Concurso da Carreira de Apoio \u00e0 Pesquisa, realizado por meio do Edital IG n\u00ba 001\/2009, foi homologado em 12\/03\/2010 e teve seu prazo m\u00e1ximo de validade expirado em 12\/03\/2014.<\/p>\n<p>&nbsp;<\/p>\n<p style=\"padding-left: 30px\">\n","protected":false},"excerpt":{"rendered":"<p>Os concursos p\u00fablicos para ingresso nas carreiras de Pesquisador Cient\u00edfico e de Apoio \u00e0 Pesquisa Cient\u00edfica e Tecnol\u00f3gica s\u00e3o solicitados sempre que existe a necessidade de reposi\u00e7\u00e3o de pessoal ou abertura de novas linhas de atua\u00e7\u00e3o. Os concursos do Instituto Geol\u00f3gico s\u00e3o divulgados pelo Di\u00e1rio Oficial do Estado de S\u00e3o Paulo e em diversas universidades [&hellip;]<\/p>\n","protected":false},"author":96,"featured_media":0,"parent":59,"menu_order":3,"comment_status":"open","ping_status":"open","template":"","meta":[],"_links":{"self":[{"href":"https:\/\/www.infraestruturameioambiente.sp.gov.br\/institutogeologico\/wp-json\/wp\/v2\/pages\/65"}],"collection":[{"href":"https:\/\/www.infraestruturameioambiente.sp.gov.br\/institutogeologico\/wp-json\/wp\/v2\/pages"}],"about":[{"href":"https:\/\/www.infraestruturameioambiente.sp.gov.br\/institutogeologico\/wp-json\/wp\/v2\/types\/page"}],"author":[{"embeddable":true,"href":"https:\/\/www.infraestruturameioambiente.sp.gov.br\/institutogeologico\/wp-json\/wp\/v2\/users\/96"}],"replies":[{"embeddable":true,"href":"https:\/\/www.infraestruturameioambiente.sp.gov.br\/institutogeologico\/wp-json\/wp\/v2\/comments?post=65"}],"version-history":[{"count":19,"href":"https:\/\/www.infraestruturameioambiente.sp.gov.br\/institutogeologico\/wp-json\/wp\/v2\/pages\/65\/revisions"}],"predecessor-version":[{"id":14137,"href":"https:\/\/www.infraestruturameioambiente.sp.gov.br\/institutogeologico\/wp-json\/wp\/v2\/pages\/65\/revisions\/14137"}],"up":[{"embeddable":true,"href":"https:\/\/www.infraestruturameioambiente.sp.gov.br\/institutogeologico\/wp-json\/wp\/v2\/pages\/59"}],"wp:attachment":[{"href":"https:\/\/www.infraestruturameioambiente.sp.gov.br\/institutogeologico\/wp-json\/wp\/v2\/media?parent=65"}],"curies":[{"name":"wp","href":"https:\/\/api.w.org\/{rel}","templated":true}]}}