{"id":63,"date":"2012-02-29T11:25:37","date_gmt":"2012-02-29T14:25:37","guid":{"rendered":"https:\/\/www.infraestruturameioambiente.sp.gov.br\/institutogeologico\/?page_id=63"},"modified":"2023-04-27T14:45:24","modified_gmt":"2023-04-27T17:45:24","slug":"licitacoes","status":"publish","type":"page","link":"https:\/\/www.infraestruturameioambiente.sp.gov.br\/institutogeologico\/instituto\/administrativo\/licitacoes\/","title":{"rendered":"Licita\u00e7\u00f5es"},"content":{"rendered":"<p style=\"text-align: justify\">Licita\u00e7\u00e3o \u00e9\u00a0um processo administrativo, ison\u00f4mico, na qual a administra\u00e7\u00e3o seleciona a proposta mais vantajosa, menos onerosa e com melhor qualidade poss\u00edvel, para a contrata\u00e7\u00e3o de uma obra, de um servi\u00e7o, da compra de um produto, loca\u00e7\u00e3o ou aliena\u00e7\u00e3o. A licita\u00e7\u00e3o n\u00e3o pode acontecer de forma sigilosa, sempre dever\u00e1 ser p\u00fablica, respeitando o direito da publicidade, acess\u00edvel a qualquer cidad\u00e3o.<\/p>\n","protected":false},"excerpt":{"rendered":"<p>Licita\u00e7\u00e3o \u00e9\u00a0um processo administrativo, ison\u00f4mico, na qual a administra\u00e7\u00e3o seleciona a proposta mais vantajosa, menos onerosa e com melhor qualidade poss\u00edvel, para a contrata\u00e7\u00e3o de uma obra, de um servi\u00e7o, da compra de um produto, loca\u00e7\u00e3o ou aliena\u00e7\u00e3o. A licita\u00e7\u00e3o n\u00e3o pode acontecer de forma sigilosa, sempre dever\u00e1 ser p\u00fablica, respeitando o direito da publicidade, [&hellip;]<\/p>\n","protected":false},"author":96,"featured_media":0,"parent":59,"menu_order":2,"comment_status":"open","ping_status":"open","template":"","meta":[],"_links":{"self":[{"href":"https:\/\/www.infraestruturameioambiente.sp.gov.br\/institutogeologico\/wp-json\/wp\/v2\/pages\/63"}],"collection":[{"href":"https:\/\/www.infraestruturameioambiente.sp.gov.br\/institutogeologico\/wp-json\/wp\/v2\/pages"}],"about":[{"href":"https:\/\/www.infraestruturameioambiente.sp.gov.br\/institutogeologico\/wp-json\/wp\/v2\/types\/page"}],"author":[{"embeddable":true,"href":"https:\/\/www.infraestruturameioambiente.sp.gov.br\/institutogeologico\/wp-json\/wp\/v2\/users\/96"}],"replies":[{"embeddable":true,"href":"https:\/\/www.infraestruturameioambiente.sp.gov.br\/institutogeologico\/wp-json\/wp\/v2\/comments?post=63"}],"version-history":[{"count":39,"href":"https:\/\/www.infraestruturameioambiente.sp.gov.br\/institutogeologico\/wp-json\/wp\/v2\/pages\/63\/revisions"}],"predecessor-version":[{"id":14136,"href":"https:\/\/www.infraestruturameioambiente.sp.gov.br\/institutogeologico\/wp-json\/wp\/v2\/pages\/63\/revisions\/14136"}],"up":[{"embeddable":true,"href":"https:\/\/www.infraestruturameioambiente.sp.gov.br\/institutogeologico\/wp-json\/wp\/v2\/pages\/59"}],"wp:attachment":[{"href":"https:\/\/www.infraestruturameioambiente.sp.gov.br\/institutogeologico\/wp-json\/wp\/v2\/media?parent=63"}],"curies":[{"name":"wp","href":"https:\/\/api.w.org\/{rel}","templated":true}]}}