{"id":61,"date":"2012-02-29T11:25:12","date_gmt":"2012-02-29T14:25:12","guid":{"rendered":"https:\/\/www.infraestruturameioambiente.sp.gov.br\/institutogeologico\/?page_id=61"},"modified":"2023-04-27T12:31:13","modified_gmt":"2023-04-27T15:31:13","slug":"recursos-humanos","status":"publish","type":"page","link":"https:\/\/www.infraestruturameioambiente.sp.gov.br\/institutogeologico\/instituto\/administrativo\/recursos-humanos\/","title":{"rendered":"Recursos Humanos"},"content":{"rendered":"<p style=\"text-align: justify\">A pesquisa cient\u00edfica no Instituto Geol\u00f3gico \u00e9 desenvolvida por profissionais de diferentes \u00e1reas das geoci\u00eancias, que ingressaram por concurso p\u00fablico na carreira de Pesquisador Cient\u00edfico, criada pela Lei Complementar n\u00ba 125 de 18 de novembro de 1975. O Pesquisador Cient\u00edfico executa ou orienta trabalhos de investiga\u00e7\u00e3o cient\u00edfica ou tecnol\u00f3gica, em Regime de Tempo Integral, nos termos da <a href=\"https:\/\/www.al.sp.gov.br\/repositorio\/legislacao\/lei\/1957\/lei-4477-24.12.1957.html\">Lei n\u00ba\u00a0 4477, de 24 de dezembro de 1957<\/a>. A pesquisa e as atividades administrativas do Instituto Geol\u00f3gico dependem da atua\u00e7\u00e3o de profissionais ligados \u00e0 Carreira de Apoio \u00e0 Pesquisa Cient\u00edfica e Tecnol\u00f3gica, criada pelas leis complementares <a href=\"https:\/\/www.al.sp.gov.br\/repositorio\/legislacao\/lei.complementar\/1991\/lei.complementar-661-11.07.1991.html\">661<\/a> e <a href=\"https:\/\/www.al.sp.gov.br\/repositorio\/legislacao\/lei.complementar\/1991\/lei.complementar-662-11.07.1991.html\">662<\/a> de 12\/07\/1991. Os funcion\u00e1rios dessa carreira s\u00e3o admitidos mediante aprova\u00e7\u00e3o em concurso p\u00fablico.<\/p>\n","protected":false},"excerpt":{"rendered":"<p>A pesquisa cient\u00edfica no Instituto Geol\u00f3gico \u00e9 desenvolvida por profissionais de diferentes \u00e1reas das geoci\u00eancias, que ingressaram por concurso p\u00fablico na carreira de Pesquisador Cient\u00edfico, criada pela Lei Complementar n\u00ba 125 de 18 de novembro de 1975. O Pesquisador Cient\u00edfico executa ou orienta trabalhos de investiga\u00e7\u00e3o cient\u00edfica ou tecnol\u00f3gica, em Regime de Tempo Integral, nos [&hellip;]<\/p>\n","protected":false},"author":96,"featured_media":0,"parent":59,"menu_order":1,"comment_status":"open","ping_status":"open","template":"","meta":[],"_links":{"self":[{"href":"https:\/\/www.infraestruturameioambiente.sp.gov.br\/institutogeologico\/wp-json\/wp\/v2\/pages\/61"}],"collection":[{"href":"https:\/\/www.infraestruturameioambiente.sp.gov.br\/institutogeologico\/wp-json\/wp\/v2\/pages"}],"about":[{"href":"https:\/\/www.infraestruturameioambiente.sp.gov.br\/institutogeologico\/wp-json\/wp\/v2\/types\/page"}],"author":[{"embeddable":true,"href":"https:\/\/www.infraestruturameioambiente.sp.gov.br\/institutogeologico\/wp-json\/wp\/v2\/users\/96"}],"replies":[{"embeddable":true,"href":"https:\/\/www.infraestruturameioambiente.sp.gov.br\/institutogeologico\/wp-json\/wp\/v2\/comments?post=61"}],"version-history":[{"count":20,"href":"https:\/\/www.infraestruturameioambiente.sp.gov.br\/institutogeologico\/wp-json\/wp\/v2\/pages\/61\/revisions"}],"predecessor-version":[{"id":14050,"href":"https:\/\/www.infraestruturameioambiente.sp.gov.br\/institutogeologico\/wp-json\/wp\/v2\/pages\/61\/revisions\/14050"}],"up":[{"embeddable":true,"href":"https:\/\/www.infraestruturameioambiente.sp.gov.br\/institutogeologico\/wp-json\/wp\/v2\/pages\/59"}],"wp:attachment":[{"href":"https:\/\/www.infraestruturameioambiente.sp.gov.br\/institutogeologico\/wp-json\/wp\/v2\/media?parent=61"}],"curies":[{"name":"wp","href":"https:\/\/api.w.org\/{rel}","templated":true}]}}