{"id":59,"date":"2012-02-29T11:24:42","date_gmt":"2012-02-29T14:24:42","guid":{"rendered":"https:\/\/www.infraestruturameioambiente.sp.gov.br\/institutogeologico\/?page_id=59"},"modified":"2016-05-05T11:26:36","modified_gmt":"2016-05-05T14:26:36","slug":"administrativo","status":"publish","type":"page","link":"https:\/\/www.infraestruturameioambiente.sp.gov.br\/institutogeologico\/instituto\/administrativo\/","title":{"rendered":"Administrativo"},"content":{"rendered":"<p style=\"text-align: justify\">As atividades administrativas do Instituto Geol\u00f3gico s\u00e3o realizadas por Centros e N\u00facleos de apoio as atividades t\u00e9cnico-cient\u00edficas, constitu\u00eddos por: Conselho T\u00e9cnico-Administrativo (CTA), Assist\u00eancia T\u00e9cnica (AT), N\u00facleo de Apoio Operacional e Administrativo, Centro de Atividades Tecnol\u00f3gicas e Laboratoriais (N\u00facleo de Infraestrutura de Inform\u00e1tica), Centro de Comunica\u00e7\u00f5es T\u00e9cnico-Cient\u00edficas (N\u00facleo de Biblioteca e Mapoteca e N\u00facleo de Publica\u00e7\u00f5es e Divulga\u00e7\u00e3o em Geoci\u00eancias) e Centro Administrativo (N\u00facleo de Gest\u00e3o de Pessoal, N\u00facleo de Finan\u00e7as, N\u00facleo de Compras e Suprimentos, N\u00facleo de Infraestrutura, N\u00facleo de Comunica\u00e7\u00f5es Administrativas e N\u00facleo de Administra\u00e7\u00e3o de Subfrota).<\/p>\n<ul>\n<li><a href=\"https:\/\/www.infraestruturameioambiente.sp.gov.br\/institutogeologico\/instituto\/administrativo\/conselho-tecnico-administrativo\/\">Conhe\u00e7a o Conselho T\u00e9cnico-Administrativo<\/a><\/li>\n<li><a href=\"https:\/\/www.infraestruturameioambiente.sp.gov.br\/institutogeologico\/instituto\/administrativo\/assistencia-tecnica\/\">Conhe\u00e7a a Assist\u00eancia T\u00e9cnica<\/a><\/li>\n<li><a href=\"https:\/\/www.infraestruturameioambiente.sp.gov.br\/institutogeologico\/instituto\/administrativo\/nucleo_apoio_operacional_administrativo\/\">Conhe\u00e7a o N\u00facleo de Apoio Operacional e Administrativo<\/a><\/li>\n<li><a href=\"https:\/\/www.infraestruturameioambiente.sp.gov.br\/institutogeologico\/instituto\/administrativo\/nucleo-de-infraestrutura-de-informatica\/\">Conhe\u00e7a o N\u00facleo de Infraestrutura de Inform\u00e1tica<\/a><\/li>\n<li><a href=\"https:\/\/www.infraestruturameioambiente.sp.gov.br\/institutogeologico\/instituto\/administrativo\/nucleo-de-biblioteca-e-mapoteca\/\">Conhe\u00e7a o N\u00facleo de Biblioteca e Mapoteca<\/a><\/li>\n<li><a href=\"https:\/\/www.infraestruturameioambiente.sp.gov.br\/institutogeologico\/instituto\/administrativo\/nucleo-de-publicacoes-e-divulgacao-em-geociencias-npdg\/\">N\u00facleo de Publica\u00e7\u00f5es e Divulga\u00e7\u00e3o em Geoci\u00eancias<\/a><\/li>\n<li><a href=\"https:\/\/www.infraestruturameioambiente.sp.gov.br\/institutogeologico\/instituto\/administrativo\/centro-administrativo\/\">Conhe\u00e7a o Centro Administrativo<\/a><\/li>\n<\/ul>\n","protected":false},"excerpt":{"rendered":"<p>As atividades administrativas do Instituto Geol\u00f3gico s\u00e3o realizadas por Centros e N\u00facleos de apoio as atividades t\u00e9cnico-cient\u00edficas, constitu\u00eddos por: Conselho T\u00e9cnico-Administrativo (CTA), Assist\u00eancia T\u00e9cnica (AT), N\u00facleo de Apoio Operacional e Administrativo, Centro de Atividades Tecnol\u00f3gicas e Laboratoriais (N\u00facleo de Infraestrutura de Inform\u00e1tica), Centro de Comunica\u00e7\u00f5es T\u00e9cnico-Cient\u00edficas (N\u00facleo de Biblioteca e Mapoteca e N\u00facleo de Publica\u00e7\u00f5es [&hellip;]<\/p>\n","protected":false},"author":8,"featured_media":0,"parent":26,"menu_order":7,"comment_status":"open","ping_status":"open","template":"","meta":[],"_links":{"self":[{"href":"https:\/\/www.infraestruturameioambiente.sp.gov.br\/institutogeologico\/wp-json\/wp\/v2\/pages\/59"}],"collection":[{"href":"https:\/\/www.infraestruturameioambiente.sp.gov.br\/institutogeologico\/wp-json\/wp\/v2\/pages"}],"about":[{"href":"https:\/\/www.infraestruturameioambiente.sp.gov.br\/institutogeologico\/wp-json\/wp\/v2\/types\/page"}],"author":[{"embeddable":true,"href":"https:\/\/www.infraestruturameioambiente.sp.gov.br\/institutogeologico\/wp-json\/wp\/v2\/users\/8"}],"replies":[{"embeddable":true,"href":"https:\/\/www.infraestruturameioambiente.sp.gov.br\/institutogeologico\/wp-json\/wp\/v2\/comments?post=59"}],"version-history":[{"count":17,"href":"https:\/\/www.infraestruturameioambiente.sp.gov.br\/institutogeologico\/wp-json\/wp\/v2\/pages\/59\/revisions"}],"predecessor-version":[{"id":10126,"href":"https:\/\/www.infraestruturameioambiente.sp.gov.br\/institutogeologico\/wp-json\/wp\/v2\/pages\/59\/revisions\/10126"}],"up":[{"embeddable":true,"href":"https:\/\/www.infraestruturameioambiente.sp.gov.br\/institutogeologico\/wp-json\/wp\/v2\/pages\/26"}],"wp:attachment":[{"href":"https:\/\/www.infraestruturameioambiente.sp.gov.br\/institutogeologico\/wp-json\/wp\/v2\/media?parent=59"}],"curies":[{"name":"wp","href":"https:\/\/api.w.org\/{rel}","templated":true}]}}