{"id":54,"date":"2012-02-29T11:23:18","date_gmt":"2012-02-29T14:23:18","guid":{"rendered":"https:\/\/www.infraestruturameioambiente.sp.gov.br\/institutogeologico\/?page_id=54"},"modified":"2023-08-17T12:37:54","modified_gmt":"2023-08-17T15:37:54","slug":"cursos-e-treinamentos","status":"publish","type":"page","link":"https:\/\/www.infraestruturameioambiente.sp.gov.br\/institutogeologico\/instituto\/recursos-humanos\/cursos-e-treinamentos\/","title":{"rendered":"Cursos e Treinamentos"},"content":{"rendered":"<p style=\"text-align: justify\">Cursos e treinamentos s\u00e3o programados e ministrados de forma eventual (n\u00e3o regular), com inscri\u00e7\u00f5es abertas ao p\u00fablico em geral ou dirigidos especificamente a determinados grupos profissionais.<\/p>\n<p style=\"text-align: justify\">Para acessar a rela\u00e7\u00e3o de cursos oferecidos <a href=\"https:\/\/www.infraestruturameioambiente.sp.gov.br\/ipa\/cursos\/\" target=\"_blank\" rel=\"noopener noreferrer\">CLIQUE AQUI<\/a><\/p>\n","protected":false},"excerpt":{"rendered":"<p>Cursos e treinamentos s\u00e3o programados e ministrados de forma eventual (n\u00e3o regular), com inscri\u00e7\u00f5es abertas ao p\u00fablico em geral ou dirigidos especificamente a determinados grupos profissionais. Para acessar a rela\u00e7\u00e3o de cursos oferecidos CLIQUE AQUI<\/p>\n","protected":false},"author":8,"featured_media":0,"parent":45,"menu_order":4,"comment_status":"open","ping_status":"open","template":"","meta":[],"_links":{"self":[{"href":"https:\/\/www.infraestruturameioambiente.sp.gov.br\/institutogeologico\/wp-json\/wp\/v2\/pages\/54"}],"collection":[{"href":"https:\/\/www.infraestruturameioambiente.sp.gov.br\/institutogeologico\/wp-json\/wp\/v2\/pages"}],"about":[{"href":"https:\/\/www.infraestruturameioambiente.sp.gov.br\/institutogeologico\/wp-json\/wp\/v2\/types\/page"}],"author":[{"embeddable":true,"href":"https:\/\/www.infraestruturameioambiente.sp.gov.br\/institutogeologico\/wp-json\/wp\/v2\/users\/8"}],"replies":[{"embeddable":true,"href":"https:\/\/www.infraestruturameioambiente.sp.gov.br\/institutogeologico\/wp-json\/wp\/v2\/comments?post=54"}],"version-history":[{"count":13,"href":"https:\/\/www.infraestruturameioambiente.sp.gov.br\/institutogeologico\/wp-json\/wp\/v2\/pages\/54\/revisions"}],"predecessor-version":[{"id":14146,"href":"https:\/\/www.infraestruturameioambiente.sp.gov.br\/institutogeologico\/wp-json\/wp\/v2\/pages\/54\/revisions\/14146"}],"up":[{"embeddable":true,"href":"https:\/\/www.infraestruturameioambiente.sp.gov.br\/institutogeologico\/wp-json\/wp\/v2\/pages\/45"}],"wp:attachment":[{"href":"https:\/\/www.infraestruturameioambiente.sp.gov.br\/institutogeologico\/wp-json\/wp\/v2\/media?parent=54"}],"curies":[{"name":"wp","href":"https:\/\/api.w.org\/{rel}","templated":true}]}}