{"id":52,"date":"2012-02-29T11:23:02","date_gmt":"2012-02-29T14:23:02","guid":{"rendered":"https:\/\/www.infraestruturameioambiente.sp.gov.br\/institutogeologico\/?page_id=52"},"modified":"2023-04-27T12:11:26","modified_gmt":"2023-04-27T15:11:26","slug":"servico-de-voluntariado","status":"publish","type":"page","link":"https:\/\/www.infraestruturameioambiente.sp.gov.br\/institutogeologico\/instituto\/recursos-humanos\/servico-de-voluntariado\/","title":{"rendered":"Servi\u00e7o de Voluntariado"},"content":{"rendered":"<p style=\"text-align: justify\">Os servi\u00e7os volunt\u00e1rios no Instituto Geol\u00f3gico (IG) est\u00e3o a cargo de diferentes inst\u00e2ncias, de acordo com a sua natureza. Sendo assim, h\u00e1 aqueles subordinados diretamente \u00e0s inst\u00e2ncias de pesquisa cient\u00edfica do IG, e as demais categorias de servi\u00e7os volunt\u00e1rios est\u00e3o subordinadas \u00e0s inst\u00e2ncias administrativas. O IG recebe volunt\u00e1rios:<\/p>\n<ol>\n<li style=\"text-align: justify\">servidores estaduais aposentados e<\/li>\n<li>membros da sociedade civil.<\/li>\n<\/ol>\n<p>O Est\u00e1gio n\u00e3o se enquadra neste programa.<\/p>\n<p><strong>Maiores Informa\u00e7\u00f5es<\/strong><\/p>\n<ul>\n<li><a href=\"https:\/\/smastr16.blob.core.windows.net\/igeo\/2019\/09\/manual_regimento_voluntarios_ig.pdf\">Manual e Regimento dos Volunt\u00e1rios do Instituto Geol\u00f3gico<\/a><\/li>\n<li><a href=\"https:\/\/smastr16.blob.core.windows.net\/igeo\/2019\/09\/pedido_inscricao_voluntarios_ig.docx\">Formul\u00e1rio de Inscri\u00e7\u00e3o dos Volunt\u00e1rios do Instituto Geol\u00f3gico<\/a><\/li>\n<li><a href=\"https:\/\/smastr16.blob.core.windows.net\/igeo\/2019\/09\/portaria-14-de-10-09-2019-pg-46.pdf\">Portarias IG &#8211; n.14 de 10-09-2019 &#8211; Institui o Programa de Servi\u00e7o Volunt\u00e1rio no \u00e2mbito do Instituto Geol\u00f3gico<\/a><\/li>\n<li><a href=\"https:\/\/smastr16.blob.core.windows.net\/igeo\/2019\/09\/portaria_15_12_09_2019pg_46-47.pdf\">Portaria IG &#8211; n.15 de 12-09-2019 &#8211; Disp\u00f5e sobre a presta\u00e7\u00e3o de servi\u00e7o no \u00e2mbito do Programa de Servi\u00e7o Volunt\u00e1rio do Instituto Geol\u00f3gico<\/a><\/li>\n<\/ul>\n<p>&nbsp;<\/p>\n","protected":false},"excerpt":{"rendered":"<p>Os servi\u00e7os volunt\u00e1rios no Instituto Geol\u00f3gico (IG) est\u00e3o a cargo de diferentes inst\u00e2ncias, de acordo com a sua natureza. Sendo assim, h\u00e1 aqueles subordinados diretamente \u00e0s inst\u00e2ncias de pesquisa cient\u00edfica do IG, e as demais categorias de servi\u00e7os volunt\u00e1rios est\u00e3o subordinadas \u00e0s inst\u00e2ncias administrativas. O IG recebe volunt\u00e1rios: servidores estaduais aposentados e membros da sociedade [&hellip;]<\/p>\n","protected":false},"author":8,"featured_media":0,"parent":45,"menu_order":3,"comment_status":"open","ping_status":"open","template":"","meta":[],"_links":{"self":[{"href":"https:\/\/www.infraestruturameioambiente.sp.gov.br\/institutogeologico\/wp-json\/wp\/v2\/pages\/52"}],"collection":[{"href":"https:\/\/www.infraestruturameioambiente.sp.gov.br\/institutogeologico\/wp-json\/wp\/v2\/pages"}],"about":[{"href":"https:\/\/www.infraestruturameioambiente.sp.gov.br\/institutogeologico\/wp-json\/wp\/v2\/types\/page"}],"author":[{"embeddable":true,"href":"https:\/\/www.infraestruturameioambiente.sp.gov.br\/institutogeologico\/wp-json\/wp\/v2\/users\/8"}],"replies":[{"embeddable":true,"href":"https:\/\/www.infraestruturameioambiente.sp.gov.br\/institutogeologico\/wp-json\/wp\/v2\/comments?post=52"}],"version-history":[{"count":16,"href":"https:\/\/www.infraestruturameioambiente.sp.gov.br\/institutogeologico\/wp-json\/wp\/v2\/pages\/52\/revisions"}],"predecessor-version":[{"id":14034,"href":"https:\/\/www.infraestruturameioambiente.sp.gov.br\/institutogeologico\/wp-json\/wp\/v2\/pages\/52\/revisions\/14034"}],"up":[{"embeddable":true,"href":"https:\/\/www.infraestruturameioambiente.sp.gov.br\/institutogeologico\/wp-json\/wp\/v2\/pages\/45"}],"wp:attachment":[{"href":"https:\/\/www.infraestruturameioambiente.sp.gov.br\/institutogeologico\/wp-json\/wp\/v2\/media?parent=52"}],"curies":[{"name":"wp","href":"https:\/\/api.w.org\/{rel}","templated":true}]}}