{"id":50,"date":"2012-02-29T11:22:31","date_gmt":"2012-02-29T14:22:31","guid":{"rendered":"https:\/\/www.infraestruturameioambiente.sp.gov.br\/institutogeologico\/?page_id=50"},"modified":"2023-04-27T12:09:13","modified_gmt":"2023-04-27T15:09:13","slug":"iniciacao-cientifica","status":"publish","type":"page","link":"https:\/\/www.infraestruturameioambiente.sp.gov.br\/institutogeologico\/instituto\/recursos-humanos\/iniciacao-cientifica\/","title":{"rendered":"Inicia\u00e7\u00e3o Cient\u00edfica"},"content":{"rendered":"<p style=\"text-align: justify\">O Programa Institucional de Bolsas de Inicia\u00e7\u00e3o Cient\u00edfica do Instituto Geol\u00f3gico (PIBIC-IG) \u00e9 um programa voltado para o desenvolvimento do pensamento cient\u00edfico e inicia\u00e7\u00e3o \u00e0 pesquisa de estudantes de gradua\u00e7\u00e3o do ensino superior. No Instituto Geol\u00f3gico o PIBIC \u00e9 mantido por tr\u00eas modalidade de bolsas: CNPq e FAPESP.<\/p>\n<p style=\"text-align: justify\">CNPq: o Conselho Nacional de Desenvolvimento Cient\u00edfico e Tecnol\u00f3gico (CNPq) \u00e9 uma ag\u00eancia do Minist\u00e9rio da Ci\u00eancia e Tecnologia (MCT) destinada ao fomento da pesquisa cient\u00edfica e tecnol\u00f3gica e \u00e0 forma\u00e7\u00e3o de recursos humanos para a pesquisa no pa\u00eds. O bolsista \u00e9 contemplado atrav\u00e9s de sele\u00e7\u00e3o p\u00fablica de acordo com cota institucional estipulada anualmente pelo CNPq.<\/p>\n<p style=\"text-align: justify\">FAPESP: o bolsista \u00e9 contemplado atrav\u00e9s de solicita\u00e7\u00e3o do orientador junto \u00e0 Funda\u00e7\u00e3o de Amparo \u00e0 Pesquisa do Estado de S\u00e3o Paulo (FAPESP). Na avalia\u00e7\u00e3o da FAPESP s\u00e3o considerados o desempenho acad\u00eamico do candidato, evidenciado pelo hist\u00f3rico escolar, m\u00e9rito do projeto de pesquisa e curr\u00edculo do orientador. Procure um pesquisador cient\u00edfico do IG para o desenvolvimento de um projeto de\u00a0Inicia\u00e7\u00e3o Cient\u00edfica.<\/p>\n<p>&nbsp;<\/p>\n<h2 class=\"tl-sub\">Maiores informa\u00e7\u00f5es<\/h2>\n<ul>\n<li><a href=\"https:\/\/www.infraestruturameioambiente.sp.gov.br\/wp-content\/uploads\/sites\/233\/2012\/02\/PIBIC-IG.pdf\">Programa Institucional de Bolsas de Inicia\u00e7\u00e3o Cient\u00edfica &#8211; PIBIC-IG<\/a>\u00a0(Portaria)<\/li>\n<li><a href=\"https:\/\/smastr16.blob.core.windows.net\/igeo\/sites\/233\/2020\/07\/grupo_de_trabalho-comite-pibic-ig.pdf\">Programa Institucional de Bolsas de Inicia\u00e7\u00e3o Cient\u00edfica &#8211; PIBIC-IG<\/a>\u00a0(Comit\u00ea)<\/li>\n<\/ul>\n<h2>Links<\/h2>\n<ul>\n<li><a href=\"http:\/\/www.fapesp.br\/248\">FAPESP &#8211;\u00a0Funda\u00e7\u00e3o de Amparo \u00e0 Pesquisa do Estado de S\u00e3o Paulo<\/a><\/li>\n<li><a href=\"http:\/\/www.cnpq.br\/view\/-\/journal_content\/56_INSTANCE_0oED\/10157\/100352\">CNPq &#8211;\u00a0Conselho Nacional de Desenvolvimento Cient\u00edfico e Tecnol\u00f3gico<\/a><\/li>\n<\/ul>\n","protected":false},"excerpt":{"rendered":"<p>O Programa Institucional de Bolsas de Inicia\u00e7\u00e3o Cient\u00edfica do Instituto Geol\u00f3gico (PIBIC-IG) \u00e9 um programa voltado para o desenvolvimento do pensamento cient\u00edfico e inicia\u00e7\u00e3o \u00e0 pesquisa de estudantes de gradua\u00e7\u00e3o do ensino superior. No Instituto Geol\u00f3gico o PIBIC \u00e9 mantido por tr\u00eas modalidade de bolsas: CNPq e FAPESP. CNPq: o Conselho Nacional de Desenvolvimento Cient\u00edfico [&hellip;]<\/p>\n","protected":false},"author":8,"featured_media":0,"parent":45,"menu_order":2,"comment_status":"open","ping_status":"open","template":"","meta":[],"_links":{"self":[{"href":"https:\/\/www.infraestruturameioambiente.sp.gov.br\/institutogeologico\/wp-json\/wp\/v2\/pages\/50"}],"collection":[{"href":"https:\/\/www.infraestruturameioambiente.sp.gov.br\/institutogeologico\/wp-json\/wp\/v2\/pages"}],"about":[{"href":"https:\/\/www.infraestruturameioambiente.sp.gov.br\/institutogeologico\/wp-json\/wp\/v2\/types\/page"}],"author":[{"embeddable":true,"href":"https:\/\/www.infraestruturameioambiente.sp.gov.br\/institutogeologico\/wp-json\/wp\/v2\/users\/8"}],"replies":[{"embeddable":true,"href":"https:\/\/www.infraestruturameioambiente.sp.gov.br\/institutogeologico\/wp-json\/wp\/v2\/comments?post=50"}],"version-history":[{"count":23,"href":"https:\/\/www.infraestruturameioambiente.sp.gov.br\/institutogeologico\/wp-json\/wp\/v2\/pages\/50\/revisions"}],"predecessor-version":[{"id":14031,"href":"https:\/\/www.infraestruturameioambiente.sp.gov.br\/institutogeologico\/wp-json\/wp\/v2\/pages\/50\/revisions\/14031"}],"up":[{"embeddable":true,"href":"https:\/\/www.infraestruturameioambiente.sp.gov.br\/institutogeologico\/wp-json\/wp\/v2\/pages\/45"}],"wp:attachment":[{"href":"https:\/\/www.infraestruturameioambiente.sp.gov.br\/institutogeologico\/wp-json\/wp\/v2\/media?parent=50"}],"curies":[{"name":"wp","href":"https:\/\/api.w.org\/{rel}","templated":true}]}}