{"id":47,"date":"2012-02-29T11:22:08","date_gmt":"2012-02-29T14:22:08","guid":{"rendered":"https:\/\/www.infraestruturameioambiente.sp.gov.br\/institutogeologico\/?page_id=47"},"modified":"2023-04-27T12:10:16","modified_gmt":"2023-04-27T15:10:16","slug":"estagio","status":"publish","type":"page","link":"https:\/\/www.infraestruturameioambiente.sp.gov.br\/institutogeologico\/instituto\/recursos-humanos\/estagio\/","title":{"rendered":"Est\u00e1gio"},"content":{"rendered":"<p style=\"text-align: justify\">O Instituto Geol\u00f3gico (IG) oferece e promove o intercambio de informa\u00e7\u00f5es e conhecimentos de natureza t\u00e9cnica e\/ou cient\u00edfica, em suas unidades, visando o treinamento de profissionais e estudantes no desenvolvimento de estudos e pesquisas em \u00e1reas de interesse da Institui\u00e7\u00e3o por meio do \u201cPrograma de Forma\u00e7\u00e3o e Capacita\u00e7\u00e3o de Recursos Humanos nas \u00c1reas de Geoci\u00eancias, Biodiversidade e Meio Ambiente\u201d (<a href=\"https:\/\/www.al.sp.gov.br\/repositorio\/legislacao\/decreto\/2015\/decreto-61250-30.04.2015.html\">Decreto Estadual n\u00ba 61.250, de 30 de abril de 2015<\/a>). O servi\u00e7o volunt\u00e1rio n\u00e3o se enquadra neste programa.<\/p>\n<p style=\"text-align: justify\">Os est\u00e1gios oferecidos IG est\u00e3o a cargo de diferentes inst\u00e2ncias, de acordo com a sua natureza. Sendo assim, h\u00e1 aqueles subordinados diretamente \u00e0s inst\u00e2ncias de pesquisa cient\u00edfica, e as demais categorias de est\u00e1gios est\u00e3o subordinadas as inst\u00e2ncias administrativas do IG.<\/p>\n<p style=\"text-align: justify\">O IG recebe estagi\u00e1rios estudantes e bolsistas provenientes de Universidades p\u00fablicas ou particulares, nacionais ou estrangeiras, e outras institui\u00e7\u00f5es de ensino e pesquisa, visando \u00e0 forma\u00e7\u00e3o e capacita\u00e7\u00e3o de recursos humanos. O IG contribuiu para o aperfei\u00e7oamento de estudantes, por meio de oferecimento de est\u00e1gios obrigat\u00f3rios e n\u00e3o-obrigat\u00f3rios, observadas as normas da Lei Federal n\u00ba 11.788, de 25 de setembro de 2008.<\/p>\n<p style=\"text-align: justify\">O IG promove est\u00e1gio profissional atrav\u00e9s do intercambio e coopera\u00e7\u00e3o com Universidades, Institui\u00e7\u00f5es de Ensino Superior, Institutos de Pesquisa, Extens\u00e3o e Desenvolvimento Tecnol\u00f3gico, nacionais e estrangeiros, visando a forma\u00e7\u00e3o e capacita\u00e7\u00e3o de recursos humanos.<\/p>\n<p style=\"text-align: justify\">A contrata\u00e7\u00e3o de estagi\u00e1rio tamb\u00e9m pode ser feita por concurso p\u00fablico\u00a0atrav\u00e9s do Centro de Integra\u00e7\u00e3o Empresa-Escola \u2013 CIEE. O Edital e as informa\u00e7\u00f5es adicionais est\u00e3o dispon\u00edveis no site:\u00a0<a href=\"http:\/\/www.ciee.org.br\/\">www.ciee.org.br.<\/a><\/p>\n<p><strong>\u00a0<\/strong><strong>CATEGORIAS DE EST\u00c1GIOS<\/strong><\/p>\n<p>O Programa de Forma\u00e7\u00e3o e Capacita\u00e7\u00e3o de Recursos Humanos do Instituto Geol\u00f3gico \u00e9 destinado para <strong>Est\u00e1gios<\/strong> dos seguintes indiv\u00edduos em treinamento:<\/p>\n<p>1) <strong><u>estudantes:<\/u><\/strong> de n\u00edvel m\u00e9dio, superior e p\u00f3s-graduandos vinculados a Universidades p\u00fablicas ou particulares, nacionais ou estrangeiras, e outras institui\u00e7\u00f5es de ensino, bolsistas ou n\u00e3o-bolsistas;<\/p>\n<p style=\"text-align: justify\">2) <strong><u>profissionais:<\/u><\/strong> vinculados a Universidades, Institui\u00e7\u00f5es de Ensino Superior, Institutos de Pesquisa, Extens\u00e3o e Desenvolvimento Tecnol\u00f3gico, nacionais e estrangeiros.<\/p>\n<p>&nbsp;<\/p>\n<ul>\n<li><a href=\"https:\/\/smastr16.blob.core.windows.net\/igeo\/2019\/08\/manual_regimento_estagios.pdf\">Manual e Regimento de EST\u00c1GIOS<\/a><\/li>\n<\/ul>\n","protected":false},"excerpt":{"rendered":"<p>O Instituto Geol\u00f3gico (IG) oferece e promove o intercambio de informa\u00e7\u00f5es e conhecimentos de natureza t\u00e9cnica e\/ou cient\u00edfica, em suas unidades, visando o treinamento de profissionais e estudantes no desenvolvimento de estudos e pesquisas em \u00e1reas de interesse da Institui\u00e7\u00e3o por meio do \u201cPrograma de Forma\u00e7\u00e3o e Capacita\u00e7\u00e3o de Recursos Humanos nas \u00c1reas de Geoci\u00eancias, [&hellip;]<\/p>\n","protected":false},"author":8,"featured_media":0,"parent":45,"menu_order":1,"comment_status":"open","ping_status":"open","template":"","meta":[],"_links":{"self":[{"href":"https:\/\/www.infraestruturameioambiente.sp.gov.br\/institutogeologico\/wp-json\/wp\/v2\/pages\/47"}],"collection":[{"href":"https:\/\/www.infraestruturameioambiente.sp.gov.br\/institutogeologico\/wp-json\/wp\/v2\/pages"}],"about":[{"href":"https:\/\/www.infraestruturameioambiente.sp.gov.br\/institutogeologico\/wp-json\/wp\/v2\/types\/page"}],"author":[{"embeddable":true,"href":"https:\/\/www.infraestruturameioambiente.sp.gov.br\/institutogeologico\/wp-json\/wp\/v2\/users\/8"}],"replies":[{"embeddable":true,"href":"https:\/\/www.infraestruturameioambiente.sp.gov.br\/institutogeologico\/wp-json\/wp\/v2\/comments?post=47"}],"version-history":[{"count":16,"href":"https:\/\/www.infraestruturameioambiente.sp.gov.br\/institutogeologico\/wp-json\/wp\/v2\/pages\/47\/revisions"}],"predecessor-version":[{"id":14032,"href":"https:\/\/www.infraestruturameioambiente.sp.gov.br\/institutogeologico\/wp-json\/wp\/v2\/pages\/47\/revisions\/14032"}],"up":[{"embeddable":true,"href":"https:\/\/www.infraestruturameioambiente.sp.gov.br\/institutogeologico\/wp-json\/wp\/v2\/pages\/45"}],"wp:attachment":[{"href":"https:\/\/www.infraestruturameioambiente.sp.gov.br\/institutogeologico\/wp-json\/wp\/v2\/media?parent=47"}],"curies":[{"name":"wp","href":"https:\/\/api.w.org\/{rel}","templated":true}]}}