{"id":43,"date":"2012-02-29T11:09:49","date_gmt":"2012-02-29T14:09:49","guid":{"rendered":"https:\/\/www.infraestruturameioambiente.sp.gov.br\/institutogeologico\/?page_id=43"},"modified":"2023-04-27T14:19:24","modified_gmt":"2023-04-27T17:19:24","slug":"biblioteca-e-mapoteca","status":"publish","type":"page","link":"https:\/\/www.infraestruturameioambiente.sp.gov.br\/institutogeologico\/biblioteca-e-mapoteca\/","title":{"rendered":"Biblioteca e Mapoteca"},"content":{"rendered":"<p style=\"text-align: justify\">A Biblioteca do Instituto Geol\u00f3gico desenvolve atividades no qual visa a contribuir para melhoria da informa\u00e7\u00e3o chegando ao usu\u00e1rio de forma r\u00e1pida e de qualidade, conta com um acervo especializado em Geoci\u00eancias com aproximadamente 145.169 volumes de livros, peri\u00f3dicos, teses, separatas, folhetos, Congressos, Simp\u00f3sio, matem atualizados o acervo bibliogr\u00e1ficos, cartogr\u00e1ficos, que est\u00e3o dispon\u00edveis a comunidade geocient\u00edfica e publico interessado. A nova vers\u00e3o do Sistema Alexandria desenvolvido para atender as necessidades da Biblioteca com seus recursos integram e automatizam todas as fun\u00e7\u00f5es b\u00e1sicas do acervo como: cataloga\u00e7\u00e3o, pesquisa, reserva, empr\u00e9stimo e aquisi\u00e7\u00e3o. Concebida num formato din\u00e2mico e preocupada com as r\u00e1pidas mudan\u00e7as que ocorrem no mundo, sua administra\u00e7\u00e3o avalia periodicamente suas fun\u00e7\u00f5es e atua\u00e7\u00e3o,\u00a0 em sua composi\u00e7\u00e3o apenas obras voltadas \u00e0 geoci\u00eancias e ao meio ambiente.<\/p>\n<p style=\"text-align: justify\">A especializa\u00e7\u00e3o \u00e9 necess\u00e1ria porque torna poss\u00edvel uma sele\u00e7\u00e3o mais apurada das publica\u00e7\u00f5es e dos temas. Melhores condi\u00e7\u00f5es de uso do acervo e de suas instala\u00e7\u00f5es tamb\u00e9m t\u00eam sido uma das constantes preocupa\u00e7\u00f5es, com o desenvolvimento de um projeto de recupera\u00e7\u00e3o das instala\u00e7\u00f5es e moderniza\u00e7\u00e3o dos m\u00f3veis, com o apoio financeiro da FAPESP, que viabilizou a atualiza\u00e7\u00e3o dos procedimentos de gest\u00e3o da Biblioteca.<\/p>\n<p><strong>ATENDIMENTO<\/strong><\/p>\n<p>Biblioteca e Mapoteca do Instituto Geol\u00f3gico<br \/>\nRua Joaquim T\u00e1vora, 822 &#8211; Vila Mariana<br \/>\nS\u00e3o Paulo &#8211; SP &#8211; CEP: 04015-011<br \/>\nTel.: (11) 5077-1099<br \/>\n<a href=\"https:\/\/www.infraestruturameioambiente.sp.gov.br\/institutogeologico\/2014\/01\/regulamento-de-uso-dos-servicos-oferecidos-pela-biblioteca-e-mapoteca\/\">Normas de Utiliza\u00e7\u00e3o do Acervo da Biblioteca e Mapoteca<\/a><\/p>\n<p><a href=\"https:\/\/www.infraestruturameioambiente.sp.gov.br\/institutogeologico\/biblioteca-e-mapoteca\/acervo-mapoteca\/\">ACERVO MAPOTECA<\/a><\/p>\n","protected":false},"excerpt":{"rendered":"<p>A Biblioteca do Instituto Geol\u00f3gico desenvolve atividades no qual visa a contribuir para melhoria da informa\u00e7\u00e3o chegando ao usu\u00e1rio de forma r\u00e1pida e de qualidade, conta com um acervo especializado em Geoci\u00eancias com aproximadamente 145.169 volumes de livros, peri\u00f3dicos, teses, separatas, folhetos, Congressos, Simp\u00f3sio, matem atualizados o acervo bibliogr\u00e1ficos, cartogr\u00e1ficos, que est\u00e3o dispon\u00edveis a comunidade [&hellip;]<\/p>\n","protected":false},"author":8,"featured_media":0,"parent":0,"menu_order":7,"comment_status":"open","ping_status":"open","template":"","meta":[],"_links":{"self":[{"href":"https:\/\/www.infraestruturameioambiente.sp.gov.br\/institutogeologico\/wp-json\/wp\/v2\/pages\/43"}],"collection":[{"href":"https:\/\/www.infraestruturameioambiente.sp.gov.br\/institutogeologico\/wp-json\/wp\/v2\/pages"}],"about":[{"href":"https:\/\/www.infraestruturameioambiente.sp.gov.br\/institutogeologico\/wp-json\/wp\/v2\/types\/page"}],"author":[{"embeddable":true,"href":"https:\/\/www.infraestruturameioambiente.sp.gov.br\/institutogeologico\/wp-json\/wp\/v2\/users\/8"}],"replies":[{"embeddable":true,"href":"https:\/\/www.infraestruturameioambiente.sp.gov.br\/institutogeologico\/wp-json\/wp\/v2\/comments?post=43"}],"version-history":[{"count":24,"href":"https:\/\/www.infraestruturameioambiente.sp.gov.br\/institutogeologico\/wp-json\/wp\/v2\/pages\/43\/revisions"}],"predecessor-version":[{"id":14125,"href":"https:\/\/www.infraestruturameioambiente.sp.gov.br\/institutogeologico\/wp-json\/wp\/v2\/pages\/43\/revisions\/14125"}],"wp:attachment":[{"href":"https:\/\/www.infraestruturameioambiente.sp.gov.br\/institutogeologico\/wp-json\/wp\/v2\/media?parent=43"}],"curies":[{"name":"wp","href":"https:\/\/api.w.org\/{rel}","templated":true}]}}