{"id":398,"date":"2012-03-22T16:23:24","date_gmt":"2012-03-22T19:23:24","guid":{"rendered":"https:\/\/www.infraestruturameioambiente.sp.gov.br\/institutogeologico\/?page_id=398"},"modified":"2017-03-13T15:38:35","modified_gmt":"2017-03-13T18:38:35","slug":"monumentos-geologicos","status":"publish","type":"page","link":"https:\/\/www.infraestruturameioambiente.sp.gov.br\/institutogeologico\/mugeo\/monumentos-geologicos\/","title":{"rendered":"Monumentos Geol\u00f3gicos"},"content":{"rendered":"<p style=\"text-align: justify\">O N\u00facleo de Monumentos Geol\u00f3gicos realiza pesquisas sobre monumentos geol\u00f3gicos naturais, como subs\u00eddio \u00e0s a\u00e7\u00f5es de gest\u00e3o sustent\u00e1vel deste patrim\u00f4nio natural geol\u00f3gico paulista. Al\u00e9m do desenvolvimento de pesquisa, outras a\u00e7\u00f5es como o inventariamento, o gerenciamento de banco de dados, a propositura de normas t\u00e9cnicas e legais, bem como a sua divulga\u00e7\u00e3o, s\u00e3o atividades b\u00e1sicas para a conserva\u00e7\u00e3o e divulga\u00e7\u00e3o desse patrim\u00f4nio para as presentes e futuras gera\u00e7\u00f5es.<\/p>\n<p><a href=\"https:\/\/www.infraestruturameioambiente.sp.gov.br\/wp-content\/uploads\/sites\/233\/2012\/03\/foto-introdu\u00e7\u00e3o-Monumentos-Geol\u00f3gicos.jpg\"><img decoding=\"async\" loading=\"lazy\" class=\"aligncenter size-large wp-image-695\" title=\"foto introdu\u00e7\u00e3o Monumentos Geol\u00f3gicos\" src=\"https:\/\/www.infraestruturameioambiente.sp.gov.br\/wp-content\/uploads\/sites\/233\/2012\/03\/foto-introdu\u00e7\u00e3o-Monumentos-Geol\u00f3gicos-600x472.jpg\" alt=\"\" width=\"600\" height=\"472\" \/><\/a><\/p>\n<p><strong>Diretor do N\u00facleo de Monumentos Geol\u00f3gicos<\/strong><br \/>\nMs. <a href=\"mailto:rrribeiro@sp.gov.br\">Rog\u00e9rio Ribeiro Rodrigues<\/a><\/p>\n<p><strong>Linhas de Pesquisa:<\/strong> gest\u00e3o do Patrim\u00f4nio Geol\u00f3gico Paulista<\/p>\n<p><strong>A\u00e7\u00f5es em andamento:<\/strong> CoMGeo-SP &#8211; Conselho Estadual de Monumentos Geol\u00f3gicos. O CoMGeo-SP, criado por meio da Resolu\u00e7\u00e3o SMA 76 de 4 de novembro de 2009, \u00e9 um \u00f3rg\u00e3o consultivo encarregado de discutir e propor a\u00e7\u00f5es em prol da conserva\u00e7\u00e3o do patrim\u00f4nio geol\u00f3gico paulista.<\/p>\n","protected":false},"excerpt":{"rendered":"<p>O N\u00facleo de Monumentos Geol\u00f3gicos realiza pesquisas sobre monumentos geol\u00f3gicos naturais, como subs\u00eddio \u00e0s a\u00e7\u00f5es de gest\u00e3o sustent\u00e1vel deste patrim\u00f4nio natural geol\u00f3gico paulista. Al\u00e9m do desenvolvimento de pesquisa, outras a\u00e7\u00f5es como o inventariamento, o gerenciamento de banco de dados, a propositura de normas t\u00e9cnicas e legais, bem como a sua divulga\u00e7\u00e3o, s\u00e3o atividades b\u00e1sicas para [&hellip;]<\/p>\n","protected":false},"author":1,"featured_media":0,"parent":37,"menu_order":0,"comment_status":"open","ping_status":"open","template":"","meta":[],"_links":{"self":[{"href":"https:\/\/www.infraestruturameioambiente.sp.gov.br\/institutogeologico\/wp-json\/wp\/v2\/pages\/398"}],"collection":[{"href":"https:\/\/www.infraestruturameioambiente.sp.gov.br\/institutogeologico\/wp-json\/wp\/v2\/pages"}],"about":[{"href":"https:\/\/www.infraestruturameioambiente.sp.gov.br\/institutogeologico\/wp-json\/wp\/v2\/types\/page"}],"author":[{"embeddable":true,"href":"https:\/\/www.infraestruturameioambiente.sp.gov.br\/institutogeologico\/wp-json\/wp\/v2\/users\/1"}],"replies":[{"embeddable":true,"href":"https:\/\/www.infraestruturameioambiente.sp.gov.br\/institutogeologico\/wp-json\/wp\/v2\/comments?post=398"}],"version-history":[{"count":5,"href":"https:\/\/www.infraestruturameioambiente.sp.gov.br\/institutogeologico\/wp-json\/wp\/v2\/pages\/398\/revisions"}],"predecessor-version":[{"id":10834,"href":"https:\/\/www.infraestruturameioambiente.sp.gov.br\/institutogeologico\/wp-json\/wp\/v2\/pages\/398\/revisions\/10834"}],"up":[{"embeddable":true,"href":"https:\/\/www.infraestruturameioambiente.sp.gov.br\/institutogeologico\/wp-json\/wp\/v2\/pages\/37"}],"wp:attachment":[{"href":"https:\/\/www.infraestruturameioambiente.sp.gov.br\/institutogeologico\/wp-json\/wp\/v2\/media?parent=398"}],"curies":[{"name":"wp","href":"https:\/\/api.w.org\/{rel}","templated":true}]}}