{"id":376,"date":"2012-03-22T15:54:28","date_gmt":"2012-03-22T18:54:28","guid":{"rendered":"https:\/\/www.infraestruturameioambiente.sp.gov.br\/institutogeologico\/?page_id=376"},"modified":"2023-04-27T13:05:21","modified_gmt":"2023-04-27T16:05:21","slug":"investigacao-subterranea","status":"publish","type":"page","link":"https:\/\/www.infraestruturameioambiente.sp.gov.br\/institutogeologico\/laboratorio-e-geotecnologia\/investigacao-subterranea\/","title":{"rendered":"Investiga\u00e7\u00e3o Subterr\u00e2nea"},"content":{"rendered":"<p style=\"text-align: justify\">O N\u00facleo de Investiga\u00e7\u00f5es Subterr\u00e2neas realiza pesquisas sobre tecnologias voltadas \u00e0 constru\u00e7\u00e3o, opera\u00e7\u00e3o e manuten\u00e7\u00e3o de po\u00e7os tubulares profundos, po\u00e7os de monitoramento, instala\u00e7\u00e3o e opera\u00e7\u00e3o de piez\u00f4metros ou outros equipamentos destinados a investiga\u00e7\u00f5es subterr\u00e2neas e ensaios hidrodin\u00e2micos, executando perfura\u00e7\u00f5es e sondagens para obten\u00e7\u00e3o de amostras e dados para pesquisas geol\u00f3gicas, hidrogeol\u00f3gicas e geot\u00e9cnicas, mantendo informa\u00e7\u00f5es geol\u00f3gicas e dados construtivos de po\u00e7os tubulares profundos.<\/p>\n<p style=\"text-align: justify\"><strong>Linhas de Pesquisa:<\/strong> Ensaios aplicados em Estudos Hidrogeol\u00f3gicos.<\/p>\n<p style=\"text-align: justify\"><strong>A\u00e7\u00f5es em andamento:<\/strong> Proporcionar o conhecimento dos aqu\u00edferos do Estado de S\u00e3o Paulo, avalia\u00e7\u00e3o da qualidade das \u00e1guas subterr\u00e2neas, avalia\u00e7\u00e3o do potencial h\u00eddrico das forma\u00e7\u00f5es geol\u00f3gicas, perfurar po\u00e7os para pesquisa hidrogeol\u00f3gica e capta\u00e7\u00e3o de \u00e1guas subterr\u00e2neas.<\/p>\n<p style=\"text-align: center\">\n","protected":false},"excerpt":{"rendered":"<p>O N\u00facleo de Investiga\u00e7\u00f5es Subterr\u00e2neas realiza pesquisas sobre tecnologias voltadas \u00e0 constru\u00e7\u00e3o, opera\u00e7\u00e3o e manuten\u00e7\u00e3o de po\u00e7os tubulares profundos, po\u00e7os de monitoramento, instala\u00e7\u00e3o e opera\u00e7\u00e3o de piez\u00f4metros ou outros equipamentos destinados a investiga\u00e7\u00f5es subterr\u00e2neas e ensaios hidrodin\u00e2micos, executando perfura\u00e7\u00f5es e sondagens para obten\u00e7\u00e3o de amostras e dados para pesquisas geol\u00f3gicas, hidrogeol\u00f3gicas e geot\u00e9cnicas, mantendo informa\u00e7\u00f5es [&hellip;]<\/p>\n","protected":false},"author":1,"featured_media":0,"parent":35,"menu_order":0,"comment_status":"open","ping_status":"open","template":"","meta":[],"_links":{"self":[{"href":"https:\/\/www.infraestruturameioambiente.sp.gov.br\/institutogeologico\/wp-json\/wp\/v2\/pages\/376"}],"collection":[{"href":"https:\/\/www.infraestruturameioambiente.sp.gov.br\/institutogeologico\/wp-json\/wp\/v2\/pages"}],"about":[{"href":"https:\/\/www.infraestruturameioambiente.sp.gov.br\/institutogeologico\/wp-json\/wp\/v2\/types\/page"}],"author":[{"embeddable":true,"href":"https:\/\/www.infraestruturameioambiente.sp.gov.br\/institutogeologico\/wp-json\/wp\/v2\/users\/1"}],"replies":[{"embeddable":true,"href":"https:\/\/www.infraestruturameioambiente.sp.gov.br\/institutogeologico\/wp-json\/wp\/v2\/comments?post=376"}],"version-history":[{"count":12,"href":"https:\/\/www.infraestruturameioambiente.sp.gov.br\/institutogeologico\/wp-json\/wp\/v2\/pages\/376\/revisions"}],"predecessor-version":[{"id":14079,"href":"https:\/\/www.infraestruturameioambiente.sp.gov.br\/institutogeologico\/wp-json\/wp\/v2\/pages\/376\/revisions\/14079"}],"up":[{"embeddable":true,"href":"https:\/\/www.infraestruturameioambiente.sp.gov.br\/institutogeologico\/wp-json\/wp\/v2\/pages\/35"}],"wp:attachment":[{"href":"https:\/\/www.infraestruturameioambiente.sp.gov.br\/institutogeologico\/wp-json\/wp\/v2\/media?parent=376"}],"curies":[{"name":"wp","href":"https:\/\/api.w.org\/{rel}","templated":true}]}}