{"id":370,"date":"2012-03-22T15:43:37","date_gmt":"2012-03-22T18:43:37","guid":{"rendered":"https:\/\/www.infraestruturameioambiente.sp.gov.br\/institutogeologico\/?page_id=370"},"modified":"2012-03-22T15:43:37","modified_gmt":"2012-03-22T18:43:37","slug":"links","status":"publish","type":"page","link":"https:\/\/www.infraestruturameioambiente.sp.gov.br\/institutogeologico\/laboratorio-e-geotecnologia\/geoprocessamento\/links\/","title":{"rendered":"Links"},"content":{"rendered":"<p><a href=\"http:\/\/www.inpe.br\/\" target=\"blank\">http:\/\/www.inpe.br<\/a> &#8211; Instituto Nacional de Pesquisas Espaciais<br \/>\n<a href=\"http:\/\/www.gita.org.br\" target-\"blank\">http:\/\/www.gita.org.br<\/a> &#8211; Associa\u00e7\u00e3o de Tecnologia e Informa\u00e7\u00e3o Geoespacial<br \/>\n<a href=\"http:\/\/www.ibge.gov.br\" target=\"blank\">http:\/\/www.ibge.gov.br<\/a> -Instituto Brasileiro de Geografia e Estat\u00edstica &#8211; IBGE<\/p>\n","protected":false},"excerpt":{"rendered":"<p>http:\/\/www.inpe.br &#8211; Instituto Nacional de Pesquisas Espaciais http:\/\/www.gita.org.br &#8211; Associa\u00e7\u00e3o de Tecnologia e Informa\u00e7\u00e3o Geoespacial http:\/\/www.ibge.gov.br -Instituto Brasileiro de Geografia e Estat\u00edstica &#8211; IBGE<\/p>\n","protected":false},"author":1,"featured_media":0,"parent":354,"menu_order":0,"comment_status":"open","ping_status":"open","template":"","meta":[],"_links":{"self":[{"href":"https:\/\/www.infraestruturameioambiente.sp.gov.br\/institutogeologico\/wp-json\/wp\/v2\/pages\/370"}],"collection":[{"href":"https:\/\/www.infraestruturameioambiente.sp.gov.br\/institutogeologico\/wp-json\/wp\/v2\/pages"}],"about":[{"href":"https:\/\/www.infraestruturameioambiente.sp.gov.br\/institutogeologico\/wp-json\/wp\/v2\/types\/page"}],"author":[{"embeddable":true,"href":"https:\/\/www.infraestruturameioambiente.sp.gov.br\/institutogeologico\/wp-json\/wp\/v2\/users\/1"}],"replies":[{"embeddable":true,"href":"https:\/\/www.infraestruturameioambiente.sp.gov.br\/institutogeologico\/wp-json\/wp\/v2\/comments?post=370"}],"version-history":[{"count":2,"href":"https:\/\/www.infraestruturameioambiente.sp.gov.br\/institutogeologico\/wp-json\/wp\/v2\/pages\/370\/revisions"}],"predecessor-version":[{"id":3270,"href":"https:\/\/www.infraestruturameioambiente.sp.gov.br\/institutogeologico\/wp-json\/wp\/v2\/pages\/370\/revisions\/3270"}],"up":[{"embeddable":true,"href":"https:\/\/www.infraestruturameioambiente.sp.gov.br\/institutogeologico\/wp-json\/wp\/v2\/pages\/354"}],"wp:attachment":[{"href":"https:\/\/www.infraestruturameioambiente.sp.gov.br\/institutogeologico\/wp-json\/wp\/v2\/media?parent=370"}],"curies":[{"name":"wp","href":"https:\/\/api.w.org\/{rel}","templated":true}]}}