{"id":359,"date":"2012-03-22T15:23:44","date_gmt":"2012-03-22T18:23:44","guid":{"rendered":"https:\/\/www.infraestruturameioambiente.sp.gov.br\/institutogeologico\/?page_id=359"},"modified":"2023-04-27T13:42:30","modified_gmt":"2023-04-27T16:42:30","slug":"acervo-de-produtos-cartograficos","status":"publish","type":"page","link":"https:\/\/www.infraestruturameioambiente.sp.gov.br\/institutogeologico\/laboratorio-e-geotecnologia\/geoprocessamento\/acervo-de-produtos-cartograficos\/","title":{"rendered":"Acervo de Produtos Cartogr\u00e1ficos"},"content":{"rendered":"<p>[vc_row][vc_column width=&#8221;2\/3&#8243;][vc_column_text]<\/p>\n<p style=\"text-align: justify\">O Instituto Geol\u00f3gico mant\u00e9m um acervo de aproximadamente 10.000 fotografias a\u00e9reas em diferentes escalas (1:10.000, 1:25.000; 1:35.000; 1:60.000) que recobrem, principalmente, o centro-leste paulista, a regi\u00e3o litor\u00e2nea e o eixo Sorocaba-Campinas. Al\u00e9m disso, disp\u00f5e de imagens de sat\u00e9lite em escalas 1:100.000 e 1:250.000 que recobrem a regi\u00e3o sudeste (Litoral e Vale do Para\u00edba), a regi\u00e3o centro-leste (Bacia do Piracicaba) e a regi\u00e3o sul (Sorocaba e Bacia do Rio Ribeira). Com esta estrutura o Instituto d\u00e1 apoio t\u00e9cnico e instrumental ao aperfei\u00e7oamento de seu quadro de pesquisadores, mant\u00e9m organizado um acervo de fotografias a\u00e9reas e imagens de sat\u00e9lite, al\u00e9m de subsidiar o desenvolvimento de seus programas e projetos de pesquisa.<\/p>\n<ul>\n<li><a href=\"https:\/\/www.infraestruturameioambiente.sp.gov.br\/wp-content\/uploads\/sites\/233\/2012\/03\/normas-Acervo-Cartogr\u00e1fico1.pdf\">Normas Acervo Cartogr\u00e1fico<\/a><\/li>\n<li>Banco de Dados do Acervo de Produtos Cartogr\u00e1ficos (em breve)<\/li>\n<li><a href=\"http:\/\/www.cqgp.sp.gov.br\">CTGEO &#8211; Grupo T\u00e9cnico para Gest\u00e3o de Geoprocessamento<\/a><\/li>\n<\/ul>\n<p>[\/vc_column_text][\/vc_column][vc_column width=&#8221;1\/3&#8243;][vc_column_text]<strong>Bases Online<\/strong><\/p>\n<ul>\n<li><a href=\"https:\/\/www.infraestruturameioambiente.sp.gov.br\/institutogeologico\/geodados\/bases-online\/geomorfologia-online\/\">Geomorfologia Online<\/a><\/li>\n<li><a href=\"https:\/\/www.infraestruturameioambiente.sp.gov.br\/institutogeologico\/geodados\/bases-online\/climatologia-online\/\">Climatologia Online<\/a><\/li>\n<li><a href=\"https:\/\/www.infraestruturameioambiente.sp.gov.br\/institutogeologico\/geodados\/bases-online\/prevencao-de-desastres-naturais-online\/\">Gest\u00e3o de Risco de Desastres<\/a><\/li>\n<li><a href=\"https:\/\/www.infraestruturameioambiente.sp.gov.br\/institutogeologico\/geodados\/bases-online\/hidrogeologia-online\/\">Hidrogeologia Online<\/a><\/li>\n<li><a href=\"https:\/\/www.infraestruturameioambiente.sp.gov.br\/institutogeologico\/geodados\/bases-online\/monumentos-geologicos-online\/\">Monumentos Geol\u00f3gicos Online<\/a><\/li>\n<li><a href=\"https:\/\/www.infraestruturameioambiente.sp.gov.br\/institutogeologico\/laboratorio-e-geotecnologia\/laboratorio-litoteca\/colecao-cientifica-petrografica\/\">Cole\u00e7\u00e3o Cient\u00edfica Petrogr\u00e1fica<\/a><\/li>\n<li><a href=\"https:\/\/www.infraestruturameioambiente.sp.gov.br\/institutogeologico\/laboratorio-e-geotecnologia\/laboratorio-litoteca\/colecao-cientifica-geologica-do-estado-de-sao-paulo\/\">Cole\u00e7\u00e3o Cient\u00edfica Geol\u00f3gica<\/a><\/li>\n<li><a href=\"https:\/\/www.infraestruturameioambiente.sp.gov.br\/institutogeologico\/laboratorio-e-geotecnologia\/laboratorio-paleontologico\/acervo-paleontologico-do-instituto-geologico\/\">Acervo Paleontol\u00f3gico<\/a><\/li>\n<li><strong>Acervo de Produtos Cartogr\u00e1ficos<\/strong><\/li>\n<li><a href=\"https:\/\/www.infraestruturameioambiente.sp.gov.br\/institutogeologico\/geodados\/bases-online\/acervo-mugeo\/\">Acervo MUGEO<\/a><\/li>\n<li><a href=\"https:\/\/www.infraestruturameioambiente.sp.gov.br\/institutogeologico\/geodados\/bases-online\/acervo-historico\/\">Acervo Hist\u00f3rico<\/a><\/li>\n<\/ul>\n<p>[\/vc_column_text][\/vc_column][\/vc_row]<\/p>\n","protected":false},"excerpt":{"rendered":"<p>[vc_row][vc_column width=&#8221;2\/3&#8243;][vc_column_text] O Instituto Geol\u00f3gico mant\u00e9m um acervo de aproximadamente 10.000 fotografias a\u00e9reas em diferentes escalas (1:10.000, 1:25.000; 1:35.000; 1:60.000) que recobrem, principalmente, o centro-leste paulista, a regi\u00e3o litor\u00e2nea e o eixo Sorocaba-Campinas. Al\u00e9m disso, disp\u00f5e de imagens de sat\u00e9lite em escalas 1:100.000 e 1:250.000 que recobrem a regi\u00e3o sudeste (Litoral e Vale do Para\u00edba), [&hellip;]<\/p>\n","protected":false},"author":1,"featured_media":0,"parent":354,"menu_order":0,"comment_status":"open","ping_status":"closed","template":"","meta":[],"_links":{"self":[{"href":"https:\/\/www.infraestruturameioambiente.sp.gov.br\/institutogeologico\/wp-json\/wp\/v2\/pages\/359"}],"collection":[{"href":"https:\/\/www.infraestruturameioambiente.sp.gov.br\/institutogeologico\/wp-json\/wp\/v2\/pages"}],"about":[{"href":"https:\/\/www.infraestruturameioambiente.sp.gov.br\/institutogeologico\/wp-json\/wp\/v2\/types\/page"}],"author":[{"embeddable":true,"href":"https:\/\/www.infraestruturameioambiente.sp.gov.br\/institutogeologico\/wp-json\/wp\/v2\/users\/1"}],"replies":[{"embeddable":true,"href":"https:\/\/www.infraestruturameioambiente.sp.gov.br\/institutogeologico\/wp-json\/wp\/v2\/comments?post=359"}],"version-history":[{"count":12,"href":"https:\/\/www.infraestruturameioambiente.sp.gov.br\/institutogeologico\/wp-json\/wp\/v2\/pages\/359\/revisions"}],"predecessor-version":[{"id":14101,"href":"https:\/\/www.infraestruturameioambiente.sp.gov.br\/institutogeologico\/wp-json\/wp\/v2\/pages\/359\/revisions\/14101"}],"up":[{"embeddable":true,"href":"https:\/\/www.infraestruturameioambiente.sp.gov.br\/institutogeologico\/wp-json\/wp\/v2\/pages\/354"}],"wp:attachment":[{"href":"https:\/\/www.infraestruturameioambiente.sp.gov.br\/institutogeologico\/wp-json\/wp\/v2\/media?parent=359"}],"curies":[{"name":"wp","href":"https:\/\/api.w.org\/{rel}","templated":true}]}}