{"id":356,"date":"2012-03-22T15:19:59","date_gmt":"2012-03-22T18:19:59","guid":{"rendered":"https:\/\/www.infraestruturameioambiente.sp.gov.br\/institutogeologico\/?page_id=356"},"modified":"2019-10-02T15:32:53","modified_gmt":"2019-10-02T18:32:53","slug":"equipe","status":"publish","type":"page","link":"https:\/\/www.infraestruturameioambiente.sp.gov.br\/institutogeologico\/laboratorio-e-geotecnologia\/geoprocessamento\/equipe\/","title":{"rendered":"Equipe"},"content":{"rendered":"<p><a href=\"https:\/\/www.infraestruturameioambiente.sp.gov.br\/wp-content\/uploads\/sites\/233\/2012\/03\/Foto-Guedes-3x4.jpg\"><img decoding=\"async\" loading=\"lazy\" class=\"alignleft size-thumbnail wp-image-648\" title=\"Foto Guedes 3x4\" src=\"https:\/\/www.infraestruturameioambiente.sp.gov.br\/wp-content\/uploads\/sites\/233\/2012\/03\/Foto-Guedes-3x4-150x150.jpg\" alt=\"\" width=\"150\" height=\"150\" \/><\/a><strong>Ant\u00f4nio Carlos Moretti Guedes<\/strong>, Graduado, Pesquisador Cient\u00edfico III. Ge\u00f3logo pelo Instituto de Geoci\u00eancias da Universidade de S\u00e3o Paulo (IGc\/USP).<\/p>\n<ul>\n<li>Contato:\u00a0<a href=\"mailto:acguedes@sp.gov.br\">acguedes@sp.gov.br<\/a><\/li>\n<li><a href=\"http:\/\/buscatextual.cnpq.br\/buscatextual\/visualizacv.do?id=K4350842D3\" target=\"blank\" rel=\"noopener noreferrer\">Curr\u00edculo Lattes<\/a><\/li>\n<\/ul>\n<p><br class=\"clear\" \/><strong><a href=\"https:\/\/www.infraestruturameioambiente.sp.gov.br\/wp-content\/uploads\/sites\/233\/2012\/03\/francis3x4.jpg\"><img decoding=\"async\" loading=\"lazy\" class=\"alignleft size-thumbnail wp-image-9090\" src=\"https:\/\/www.infraestruturameioambiente.sp.gov.br\/wp-content\/uploads\/sites\/233\/2012\/03\/francis3x4-150x150.jpg\" alt=\"francis3x4\" width=\"150\" height=\"150\" \/><\/a>Francisneide Soares Ribeiro<\/strong>, graduada, Assistente T\u00e9cnico de Pesquisa Cient\u00edfica e Tecnol\u00f3gica. Graduada em Geografia pelo Centro Universit\u00e1rio Funda\u00e7\u00e3o Santo Andr\u00e9<\/p>\n<ul>\n<li>Contato: <a href=\"mailto:francis@sp.gov.br\">francis@sp.gov.br<\/a><\/li>\n<li><a href=\"http:\/\/lattes.cnpq.br\/7080786961991858\">Curriculo Lattes<\/a><\/li>\n<\/ul>\n","protected":false},"excerpt":{"rendered":"<p>Ant\u00f4nio Carlos Moretti Guedes, Graduado, Pesquisador Cient\u00edfico III. Ge\u00f3logo pelo Instituto de Geoci\u00eancias da Universidade de S\u00e3o Paulo (IGc\/USP). Contato:\u00a0acguedes@sp.gov.br Curr\u00edculo Lattes Francisneide Soares Ribeiro, graduada, Assistente T\u00e9cnico de Pesquisa Cient\u00edfica e Tecnol\u00f3gica. Graduada em Geografia pelo Centro Universit\u00e1rio Funda\u00e7\u00e3o Santo Andr\u00e9 Contato: francis@sp.gov.br Curriculo Lattes<\/p>\n","protected":false},"author":1,"featured_media":0,"parent":354,"menu_order":0,"comment_status":"open","ping_status":"closed","template":"","meta":[],"_links":{"self":[{"href":"https:\/\/www.infraestruturameioambiente.sp.gov.br\/institutogeologico\/wp-json\/wp\/v2\/pages\/356"}],"collection":[{"href":"https:\/\/www.infraestruturameioambiente.sp.gov.br\/institutogeologico\/wp-json\/wp\/v2\/pages"}],"about":[{"href":"https:\/\/www.infraestruturameioambiente.sp.gov.br\/institutogeologico\/wp-json\/wp\/v2\/types\/page"}],"author":[{"embeddable":true,"href":"https:\/\/www.infraestruturameioambiente.sp.gov.br\/institutogeologico\/wp-json\/wp\/v2\/users\/1"}],"replies":[{"embeddable":true,"href":"https:\/\/www.infraestruturameioambiente.sp.gov.br\/institutogeologico\/wp-json\/wp\/v2\/comments?post=356"}],"version-history":[{"count":17,"href":"https:\/\/www.infraestruturameioambiente.sp.gov.br\/institutogeologico\/wp-json\/wp\/v2\/pages\/356\/revisions"}],"predecessor-version":[{"id":13265,"href":"https:\/\/www.infraestruturameioambiente.sp.gov.br\/institutogeologico\/wp-json\/wp\/v2\/pages\/356\/revisions\/13265"}],"up":[{"embeddable":true,"href":"https:\/\/www.infraestruturameioambiente.sp.gov.br\/institutogeologico\/wp-json\/wp\/v2\/pages\/354"}],"wp:attachment":[{"href":"https:\/\/www.infraestruturameioambiente.sp.gov.br\/institutogeologico\/wp-json\/wp\/v2\/media?parent=356"}],"curies":[{"name":"wp","href":"https:\/\/api.w.org\/{rel}","templated":true}]}}