{"id":343,"date":"2012-03-22T15:08:20","date_gmt":"2012-03-22T18:08:20","guid":{"rendered":"https:\/\/www.infraestruturameioambiente.sp.gov.br\/institutogeologico\/?page_id=343"},"modified":"2023-04-27T13:41:16","modified_gmt":"2023-04-27T16:41:16","slug":"acervo-paleontologico-do-instituto-geologico","status":"publish","type":"page","link":"https:\/\/www.infraestruturameioambiente.sp.gov.br\/institutogeologico\/laboratorio-e-geotecnologia\/laboratorio-paleontologico\/acervo-paleontologico-do-instituto-geologico\/","title":{"rendered":"Acervo Paleontol\u00f3gico"},"content":{"rendered":"<p>[vc_row][vc_column width=&#8221;2\/3&#8243;][vc_column_text]<\/p>\n<p style=\"text-align: justify\">O \u201cAcervo e Laborat\u00f3rio Paleontol\u00f3gico Dr. Sergio Mezzalira\u201d, que re\u00fane cole\u00e7\u00f5es de vertebrados, invertebrados e vegetais f\u00f3sseis, n\u00e3o somente do Estado de S\u00e3o Paulo, como tamb\u00e9m de diversas regi\u00f5es do Brasil. Foi-se constituindo por mais de um s\u00e9culo, desde o final do Imp\u00e9rio.<\/p>\n<p style=\"text-align: justify\">A primeira refer\u00eancia (indireta) ao acervo data de 1887 quando, no relat\u00f3rio anual apresentado a Derby, ent\u00e3o chefe da\u00a0Commiss\u00e3o Geographica e Geol\u00f3gica da Prov\u00edncia de S\u00e3o Paulo &#8211;\u00a0CGG, o ge\u00f3logo Luiz Felipe Gonzaga de Campos relacionou os f\u00f3sseis por ele assinalados na regi\u00e3o de Rio Claro (SP).<\/p>\n<p style=\"text-align: justify\">Ao longo dos anos, a cole\u00e7\u00e3o foi enriquecida pelos trabalhos de campo efetuados por ge\u00f3logos da CGG e doa\u00e7\u00f5es institucionais, destacando-se as cole\u00e7\u00f5es cedidas pelo Departamento Nacional de Produ\u00e7\u00e3o Mineral &#8211; DNPM e Conselho Nacional de Petr\u00f3leo, entretanto, cinq\u00fcenta por cento, do seu conte\u00fado, deve-se ao trabalho exaustivo do Dr. S\u00e9rgio Mezzalira, seu mais eminente doador.<\/p>\n<ul>\n<li><a href=\"https:\/\/www.infraestruturameioambiente.sp.gov.br\/wp-content\/uploads\/sites\/233\/2012\/03\/normas-Acervo-Paleontol\u00f3gico-IG.pdf\">Normas de Utiliza\u00e7\u00e3o<\/a><\/li>\n<li>Para acessar o Acervo Paleontol\u00f3gico Prof. \u00a0Dr. S\u00e9rgio Mezzalira <a href=\"http:\/\/200.144.28.232\/acervo_web\/\">CLIQUE AQUI<\/a><\/li>\n<li>Para acessar a Bibliografia Anal\u00edtica da Paleontologia Brasileira dos S\u00e9culos XIX e XX <a href=\"http:\/\/200.144.28.232\/sophia_web\/\">CLIQUE AQUI<\/a><\/li>\n<\/ul>\n<p>[\/vc_column_text][\/vc_column][vc_column width=&#8221;1\/3&#8243;][vc_column_text]<strong>Bases Online<\/strong><\/p>\n<ul>\n<li><a href=\"https:\/\/www.infraestruturameioambiente.sp.gov.br\/institutogeologico\/geodados\/bases-online\/geomorfologia-online\/\">Geomorfologia Online<\/a><\/li>\n<li><a href=\"https:\/\/www.infraestruturameioambiente.sp.gov.br\/institutogeologico\/geodados\/bases-online\/climatologia-online\/\">Climatologia Online<\/a><\/li>\n<li><a href=\"https:\/\/www.infraestruturameioambiente.sp.gov.br\/institutogeologico\/geodados\/bases-online\/prevencao-de-desastres-naturais-online\/\">Gest\u00e3o de Risco de Desastres<\/a><\/li>\n<li><a href=\"https:\/\/www.infraestruturameioambiente.sp.gov.br\/institutogeologico\/geodados\/bases-online\/hidrogeologia-online\/\">Hidrogeologia Online<\/a><\/li>\n<li><a href=\"https:\/\/www.infraestruturameioambiente.sp.gov.br\/institutogeologico\/geodados\/bases-online\/monumentos-geologicos-online\/\">Monumentos Geol\u00f3gicos Online<\/a><\/li>\n<li><a href=\"https:\/\/www.infraestruturameioambiente.sp.gov.br\/institutogeologico\/laboratorio-e-geotecnologia\/laboratorio-litoteca\/colecao-cientifica-petrografica\/\">Cole\u00e7\u00e3o Cient\u00edfica Petrogr\u00e1fica<\/a><\/li>\n<li><a href=\"https:\/\/www.infraestruturameioambiente.sp.gov.br\/institutogeologico\/laboratorio-e-geotecnologia\/laboratorio-litoteca\/colecao-cientifica-geologica-do-estado-de-sao-paulo\/\">Cole\u00e7\u00e3o Cient\u00edfica Geol\u00f3gica<\/a><\/li>\n<li><strong>Acervo Paleontol\u00f3gico<\/strong><\/li>\n<li><a href=\"https:\/\/www.infraestruturameioambiente.sp.gov.br\/institutogeologico\/laboratorio-e-geotecnologia\/geoprocessamento\/acervo-de-produtos-cartograficos\/\">Acervo de Produtos Cartogr\u00e1ficos<\/a><\/li>\n<li><a href=\"https:\/\/www.infraestruturameioambiente.sp.gov.br\/institutogeologico\/geodados\/bases-online\/acervo-mugeo\/\">Acervo MUGEO<\/a><\/li>\n<li><a href=\"https:\/\/www.infraestruturameioambiente.sp.gov.br\/institutogeologico\/geodados\/bases-online\/acervo-historico\/\">Acervo Hist\u00f3rico<\/a><\/li>\n<\/ul>\n<p>[\/vc_column_text][\/vc_column][\/vc_row]<\/p>\n","protected":false},"excerpt":{"rendered":"<p>[vc_row][vc_column width=&#8221;2\/3&#8243;][vc_column_text] O \u201cAcervo e Laborat\u00f3rio Paleontol\u00f3gico Dr. Sergio Mezzalira\u201d, que re\u00fane cole\u00e7\u00f5es de vertebrados, invertebrados e vegetais f\u00f3sseis, n\u00e3o somente do Estado de S\u00e3o Paulo, como tamb\u00e9m de diversas regi\u00f5es do Brasil. Foi-se constituindo por mais de um s\u00e9culo, desde o final do Imp\u00e9rio. A primeira refer\u00eancia (indireta) ao acervo data de 1887 quando, [&hellip;]<\/p>\n","protected":false},"author":1,"featured_media":0,"parent":338,"menu_order":0,"comment_status":"open","ping_status":"open","template":"","meta":[],"_links":{"self":[{"href":"https:\/\/www.infraestruturameioambiente.sp.gov.br\/institutogeologico\/wp-json\/wp\/v2\/pages\/343"}],"collection":[{"href":"https:\/\/www.infraestruturameioambiente.sp.gov.br\/institutogeologico\/wp-json\/wp\/v2\/pages"}],"about":[{"href":"https:\/\/www.infraestruturameioambiente.sp.gov.br\/institutogeologico\/wp-json\/wp\/v2\/types\/page"}],"author":[{"embeddable":true,"href":"https:\/\/www.infraestruturameioambiente.sp.gov.br\/institutogeologico\/wp-json\/wp\/v2\/users\/1"}],"replies":[{"embeddable":true,"href":"https:\/\/www.infraestruturameioambiente.sp.gov.br\/institutogeologico\/wp-json\/wp\/v2\/comments?post=343"}],"version-history":[{"count":22,"href":"https:\/\/www.infraestruturameioambiente.sp.gov.br\/institutogeologico\/wp-json\/wp\/v2\/pages\/343\/revisions"}],"predecessor-version":[{"id":14100,"href":"https:\/\/www.infraestruturameioambiente.sp.gov.br\/institutogeologico\/wp-json\/wp\/v2\/pages\/343\/revisions\/14100"}],"up":[{"embeddable":true,"href":"https:\/\/www.infraestruturameioambiente.sp.gov.br\/institutogeologico\/wp-json\/wp\/v2\/pages\/338"}],"wp:attachment":[{"href":"https:\/\/www.infraestruturameioambiente.sp.gov.br\/institutogeologico\/wp-json\/wp\/v2\/media?parent=343"}],"curies":[{"name":"wp","href":"https:\/\/api.w.org\/{rel}","templated":true}]}}