{"id":3203,"date":"2012-04-03T12:08:22","date_gmt":"2012-04-03T15:08:22","guid":{"rendered":"https:\/\/www.infraestruturameioambiente.sp.gov.br\/institutogeologico\/?page_id=3203"},"modified":"2017-03-13T14:30:05","modified_gmt":"2017-03-13T17:30:05","slug":"equipe","status":"publish","type":"page","link":"https:\/\/www.infraestruturameioambiente.sp.gov.br\/institutogeologico\/instituto\/nit\/equipe\/","title":{"rendered":"Equipe"},"content":{"rendered":"<p><a href=\"https:\/\/www.infraestruturameioambiente.sp.gov.br\/wp-content\/uploads\/sites\/233\/2012\/04\/foto-Ricardo-Vedovello-3x4.jpg\"><img decoding=\"async\" loading=\"lazy\" class=\"size-thumbnail wp-image-3204 alignleft\" title=\"foto Ricardo Vedovello 3x4\" src=\"https:\/\/www.infraestruturameioambiente.sp.gov.br\/wp-content\/uploads\/sites\/233\/2012\/04\/foto-Ricardo-Vedovello-3x4-150x150.jpg\" alt=\"\" width=\"150\" height=\"150\" \/><\/a><strong>Ricardo Vedovello<\/strong>, Doutor, Pesquisador Cient\u00edfico VI. Ge\u00f3logo. Mestre em Sensoriamento Remoto pelo Instituto Nacional de Pesquisas Espaciais (INPE). Doutor em Geoci\u00eancias na \u00e1rea de Geoci\u00eancias e Meio Ambiente pelo Instituto de Geoci\u00eancias e Ci\u00eancias Exatas da Universidade Estadual Paulista (UNESP\/Rio Claro).<\/p>\n<ul>\n<li>Contato: <a href=\"mailto:vedovello@sp.gov.br\">vedovello@sp.gov.br<\/a><\/li>\n<li><a href=\"http:\/\/buscatextual.cnpq.br\/buscatextual\/visualizacv.do?id=K4723058J4\" target=\"blank\">Curriculo Lattes<\/a><\/li>\n<\/ul>\n","protected":false},"excerpt":{"rendered":"<p>Ricardo Vedovello, Doutor, Pesquisador Cient\u00edfico VI. Ge\u00f3logo. Mestre em Sensoriamento Remoto pelo Instituto Nacional de Pesquisas Espaciais (INPE). Doutor em Geoci\u00eancias na \u00e1rea de Geoci\u00eancias e Meio Ambiente pelo Instituto de Geoci\u00eancias e Ci\u00eancias Exatas da Universidade Estadual Paulista (UNESP\/Rio Claro). Contato: vedovello@sp.gov.br Curriculo Lattes<\/p>\n","protected":false},"author":1,"featured_media":0,"parent":3199,"menu_order":0,"comment_status":"open","ping_status":"open","template":"","meta":[],"_links":{"self":[{"href":"https:\/\/www.infraestruturameioambiente.sp.gov.br\/institutogeologico\/wp-json\/wp\/v2\/pages\/3203"}],"collection":[{"href":"https:\/\/www.infraestruturameioambiente.sp.gov.br\/institutogeologico\/wp-json\/wp\/v2\/pages"}],"about":[{"href":"https:\/\/www.infraestruturameioambiente.sp.gov.br\/institutogeologico\/wp-json\/wp\/v2\/types\/page"}],"author":[{"embeddable":true,"href":"https:\/\/www.infraestruturameioambiente.sp.gov.br\/institutogeologico\/wp-json\/wp\/v2\/users\/1"}],"replies":[{"embeddable":true,"href":"https:\/\/www.infraestruturameioambiente.sp.gov.br\/institutogeologico\/wp-json\/wp\/v2\/comments?post=3203"}],"version-history":[{"count":6,"href":"https:\/\/www.infraestruturameioambiente.sp.gov.br\/institutogeologico\/wp-json\/wp\/v2\/pages\/3203\/revisions"}],"predecessor-version":[{"id":10780,"href":"https:\/\/www.infraestruturameioambiente.sp.gov.br\/institutogeologico\/wp-json\/wp\/v2\/pages\/3203\/revisions\/10780"}],"up":[{"embeddable":true,"href":"https:\/\/www.infraestruturameioambiente.sp.gov.br\/institutogeologico\/wp-json\/wp\/v2\/pages\/3199"}],"wp:attachment":[{"href":"https:\/\/www.infraestruturameioambiente.sp.gov.br\/institutogeologico\/wp-json\/wp\/v2\/media?parent=3203"}],"curies":[{"name":"wp","href":"https:\/\/api.w.org\/{rel}","templated":true}]}}