{"id":3199,"date":"2012-04-03T12:06:03","date_gmt":"2012-04-03T15:06:03","guid":{"rendered":"https:\/\/www.infraestruturameioambiente.sp.gov.br\/institutogeologico\/?page_id=3199"},"modified":"2023-04-27T12:18:10","modified_gmt":"2023-04-27T15:18:10","slug":"nit","status":"publish","type":"page","link":"https:\/\/www.infraestruturameioambiente.sp.gov.br\/institutogeologico\/instituto\/nit\/","title":{"rendered":"NIT"},"content":{"rendered":"<p style=\"text-align: justify\">Em 22 de dezembro de 2010 foi criado um N\u00facleo de Inova\u00e7\u00e3o Tecnol\u00f3gica &#8211; NIT no Instituto Geol\u00f3gico (Decreto Estadual no. 56.569, republicado em 29 de dezembro de 2010). O NIT \u00e9 incumbido de gerir a pol\u00edtica de inova\u00e7\u00e3o do IG, segundo a Lei Complementar no. 1.049 de 19 de junho de 2008. Em 03 de abril de 2009 foi publicada a Regulamenta\u00e7\u00e3o do Sistema Paulista de Parques Tecnol\u00f3gicos (Decreto Estadual n\u00ba 54.196 de 2 de abril de 2009). O respons\u00e1vel pelo NIT deve se manifestar sobre: I &#8211; a divulga\u00e7\u00e3o das cria\u00e7\u00f5es desenvolvidas na ICTESP a que se subordina, bem como quanto \u00e0 conveni\u00eancia de se promover a respectiva prote\u00e7\u00e3o intelectual; II- contratos de transfer\u00eancia de tecnologia e licenciamentos para outorga de direito de uso ou de explora\u00e7\u00e3o de cria\u00e7\u00e3o protegida. O NIT \u00e9 subordinado diretamente a Diretoria Geral do IG, composto por duas c\u00e9lulas (Suporte Operacional e Apoio Administrativo) e Assist\u00eancia T\u00e9cnica.<\/p>\n<ul>\n<li><a href=\"https:\/\/www.al.sp.gov.br\/repositorio\/legislacao\/decreto\/2010\/decreto-56569-22.12.2010.html\">Cria\u00e7\u00e3o dos N\u00facleos de Inova\u00e7\u00e3o Tecnol\u00f3gica &#8211; NITs<\/a><\/li>\n<li><a href=\"https:\/\/www.al.sp.gov.br\/repositorio\/legislacao\/lei.complementar\/2008\/lei.complementar-1049-19.06.2008.html\">Lei de Incentivo \u00e0 Inova\u00e7\u00e3o Tecnol\u00f3gica<\/a><\/li>\n<\/ul>\n<p><strong>Linhas de Pesquisa:<\/strong> inova\u00e7\u00e3o tecnol\u00f3gica aplicada \u00e0s Geoci\u00eancias.<\/p>\n<p><strong>A\u00e7\u00f5es em andamento:<\/strong> implementa\u00e7\u00e3o e regulamenta\u00e7\u00e3o de um N\u00facleo de Inova\u00e7\u00e3o Tecnol\u00f3gica no Instituto Geol\u00f3gico.<\/p>\n","protected":false},"excerpt":{"rendered":"<p>Em 22 de dezembro de 2010 foi criado um N\u00facleo de Inova\u00e7\u00e3o Tecnol\u00f3gica &#8211; NIT no Instituto Geol\u00f3gico (Decreto Estadual no. 56.569, republicado em 29 de dezembro de 2010). O NIT \u00e9 incumbido de gerir a pol\u00edtica de inova\u00e7\u00e3o do IG, segundo a Lei Complementar no. 1.049 de 19 de junho de 2008. Em 03 [&hellip;]<\/p>\n","protected":false},"author":1,"featured_media":0,"parent":26,"menu_order":0,"comment_status":"open","ping_status":"open","template":"","meta":[],"_links":{"self":[{"href":"https:\/\/www.infraestruturameioambiente.sp.gov.br\/institutogeologico\/wp-json\/wp\/v2\/pages\/3199"}],"collection":[{"href":"https:\/\/www.infraestruturameioambiente.sp.gov.br\/institutogeologico\/wp-json\/wp\/v2\/pages"}],"about":[{"href":"https:\/\/www.infraestruturameioambiente.sp.gov.br\/institutogeologico\/wp-json\/wp\/v2\/types\/page"}],"author":[{"embeddable":true,"href":"https:\/\/www.infraestruturameioambiente.sp.gov.br\/institutogeologico\/wp-json\/wp\/v2\/users\/1"}],"replies":[{"embeddable":true,"href":"https:\/\/www.infraestruturameioambiente.sp.gov.br\/institutogeologico\/wp-json\/wp\/v2\/comments?post=3199"}],"version-history":[{"count":9,"href":"https:\/\/www.infraestruturameioambiente.sp.gov.br\/institutogeologico\/wp-json\/wp\/v2\/pages\/3199\/revisions"}],"predecessor-version":[{"id":14039,"href":"https:\/\/www.infraestruturameioambiente.sp.gov.br\/institutogeologico\/wp-json\/wp\/v2\/pages\/3199\/revisions\/14039"}],"up":[{"embeddable":true,"href":"https:\/\/www.infraestruturameioambiente.sp.gov.br\/institutogeologico\/wp-json\/wp\/v2\/pages\/26"}],"wp:attachment":[{"href":"https:\/\/www.infraestruturameioambiente.sp.gov.br\/institutogeologico\/wp-json\/wp\/v2\/media?parent=3199"}],"curies":[{"name":"wp","href":"https:\/\/api.w.org\/{rel}","templated":true}]}}