{"id":271,"date":"2012-03-21T17:43:07","date_gmt":"2012-03-21T20:43:07","guid":{"rendered":"https:\/\/www.infraestruturameioambiente.sp.gov.br\/institutogeologico\/?page_id=271"},"modified":"2023-04-27T14:18:53","modified_gmt":"2023-04-27T17:18:53","slug":"acervo-mapoteca","status":"publish","type":"page","link":"https:\/\/www.infraestruturameioambiente.sp.gov.br\/institutogeologico\/biblioteca-e-mapoteca\/acervo-mapoteca\/","title":{"rendered":"Acervo Mapoteca"},"content":{"rendered":"<p style=\"text-align: justify\">A Mapoteca do Instituto Geol\u00f3gico \u00e9 composta por um acervo de aproximadamente 15.000 mapas, constitu\u00eddos por cartas topogr\u00e1ficas de diversas escalas, mapas geol\u00f3gicos nacionais e internacionais, al\u00e9m de outras cartas tem\u00e1ticas. Atrav\u00e9s do projeto &#8220;Sistema para gerenciamento de banco de dados georeferenciado da Mapoteca do Instituto Geol\u00f3gico&#8221;, desenvolvido e aplicado por pesquisadores, auxiliar de apoio e estagi\u00e1rio do Instituto Geol\u00f3gico, foi poss\u00edvel elaborar um sistema para manipular um cadastro digital dos mapas do acervo da Mapoteca do Instituto Geol\u00f3gico.<\/p>\n<p style=\"text-align: justify\">O sistema permite consultas por diversos atributos, tais como: coordenadas geogr\u00e1ficas, munic\u00edpios, tema, entre outros. Os mapas s\u00e3o cadastrados considerando seu tema, proje\u00e7\u00e3o cartogr\u00e1fica, elips\u00f3ide de refer\u00eancia, coordenadas geogr\u00e1ficas, pa\u00edses, estados e cidades circunscritas pela carta, projeto de execu\u00e7\u00e3o, ano de publica\u00e7\u00e3o e outras informa\u00e7\u00f5es do documento. Consultas estruturadas podem ser executadas gerando relat\u00f3rios alfanum\u00e9ricos. H\u00e1 tamb\u00e9m a possibilidade de fazer pesquisas personalizadas, de acordo com a necessidade de cada consulente.<\/p>\n<p style=\"text-align: justify\">O cadastro digital da Mapoteca do Instituto Geol\u00f3gico constitui-se uma importante ferramenta para os pesquisadores da pr\u00f3pria institui\u00e7\u00e3o e de outras institui\u00e7\u00f5es na formula\u00e7\u00e3o de projetos, uma vez que facilita sobremaneira a consulta aos mapas, agilizando suas buscas e proporcionando aos seus usu\u00e1rios mais conforto, efici\u00eancia e rapidez nas pesquisas. Vale destacar que a conclus\u00e3o do projeto foi um passo significativo para a moderniza\u00e7\u00e3o do acesso as informa\u00e7\u00f5es do rico acervo cartogr\u00e1fico do Instituto Geol\u00f3gico.<\/p>\n<p><strong>ATENDIMENTO<\/strong><\/p>\n<p>Rua Joaquim T\u00e1vora, 822 &#8211; Vila Mariana<br \/>\nS\u00e3o Paulo &#8211; SP &#8211; CEP: 04015-011<br \/>\nTel.: (11) 5077-1099<br \/>\n<a href=\"https:\/\/www.infraestruturameioambiente.sp.gov.br\/institutogeologico\/2014\/01\/regulamento-de-uso-dos-servicos-oferecidos-pela-biblioteca-e-mapoteca\/\">Normas de Utiliza\u00e7\u00e3o do Acervo da Biblioteca e Mapoteca<\/a><\/p>\n<p><a href=\"https:\/\/www.infraestruturameioambiente.sp.gov.br\/institutogeologico\/biblioteca-e-mapoteca\/\">BIBLIOTECA<\/a><\/p>\n","protected":false},"excerpt":{"rendered":"<p>A Mapoteca do Instituto Geol\u00f3gico \u00e9 composta por um acervo de aproximadamente 15.000 mapas, constitu\u00eddos por cartas topogr\u00e1ficas de diversas escalas, mapas geol\u00f3gicos nacionais e internacionais, al\u00e9m de outras cartas tem\u00e1ticas. Atrav\u00e9s do projeto &#8220;Sistema para gerenciamento de banco de dados georeferenciado da Mapoteca do Instituto Geol\u00f3gico&#8221;, desenvolvido e aplicado por pesquisadores, auxiliar de apoio [&hellip;]<\/p>\n","protected":false},"author":1,"featured_media":0,"parent":43,"menu_order":0,"comment_status":"open","ping_status":"open","template":"","meta":[],"_links":{"self":[{"href":"https:\/\/www.infraestruturameioambiente.sp.gov.br\/institutogeologico\/wp-json\/wp\/v2\/pages\/271"}],"collection":[{"href":"https:\/\/www.infraestruturameioambiente.sp.gov.br\/institutogeologico\/wp-json\/wp\/v2\/pages"}],"about":[{"href":"https:\/\/www.infraestruturameioambiente.sp.gov.br\/institutogeologico\/wp-json\/wp\/v2\/types\/page"}],"author":[{"embeddable":true,"href":"https:\/\/www.infraestruturameioambiente.sp.gov.br\/institutogeologico\/wp-json\/wp\/v2\/users\/1"}],"replies":[{"embeddable":true,"href":"https:\/\/www.infraestruturameioambiente.sp.gov.br\/institutogeologico\/wp-json\/wp\/v2\/comments?post=271"}],"version-history":[{"count":20,"href":"https:\/\/www.infraestruturameioambiente.sp.gov.br\/institutogeologico\/wp-json\/wp\/v2\/pages\/271\/revisions"}],"predecessor-version":[{"id":14123,"href":"https:\/\/www.infraestruturameioambiente.sp.gov.br\/institutogeologico\/wp-json\/wp\/v2\/pages\/271\/revisions\/14123"}],"up":[{"embeddable":true,"href":"https:\/\/www.infraestruturameioambiente.sp.gov.br\/institutogeologico\/wp-json\/wp\/v2\/pages\/43"}],"wp:attachment":[{"href":"https:\/\/www.infraestruturameioambiente.sp.gov.br\/institutogeologico\/wp-json\/wp\/v2\/media?parent=271"}],"curies":[{"name":"wp","href":"https:\/\/api.w.org\/{rel}","templated":true}]}}