{"id":268,"date":"2012-03-21T17:42:20","date_gmt":"2012-03-21T20:42:20","guid":{"rendered":"https:\/\/www.infraestruturameioambiente.sp.gov.br\/institutogeologico\/?page_id=268"},"modified":"2017-03-13T14:26:08","modified_gmt":"2017-03-13T17:26:08","slug":"equipeb","status":"publish","type":"page","link":"https:\/\/www.infraestruturameioambiente.sp.gov.br\/institutogeologico\/biblioteca-e-mapoteca\/equipeb\/","title":{"rendered":"Equipe"},"content":{"rendered":"<p><a href=\"https:\/\/www.infraestruturameioambiente.sp.gov.br\/wp-content\/uploads\/sites\/233\/2012\/03\/foto-Arlete-3x4.jpg\"><img decoding=\"async\" loading=\"lazy\" class=\"alignleft size-thumbnail wp-image-809\" src=\"https:\/\/www.infraestruturameioambiente.sp.gov.br\/wp-content\/uploads\/sites\/233\/2012\/03\/foto-Arlete-3x4-150x150.jpg\" alt=\"\" width=\"150\" height=\"150\" \/><\/a><strong>Arlete Alves Ferreira<\/strong>, graduada, Assistente T\u00e9cnico de Apoio \u00e0 Pesquisa Cient\u00edfica e Tecnol\u00f3gica. Bibliotec\u00e1rio. Bibliotec\u00e1ria pela Funda\u00e7\u00e3o Escola de Sociologia e Pol\u00edtica de S\u00e3o Paulo (FESPSP).<\/p>\n<ul>\n<li>Contato: <a href=\"mailto:arleferreira@sp.gov.br\">arleferreira@sp.gov.br<\/a><\/li>\n<li><a href=\"http:\/\/lattes.cnpq.br\/3659037697935071\">Curriculo Lattes<\/a><\/li>\n<\/ul>\n<p><br class=\"clear\" \/><a href=\"https:\/\/www.infraestruturameioambiente.sp.gov.br\/wp-content\/uploads\/sites\/233\/2012\/03\/foto-Cida-3x4.jpg\"><img decoding=\"async\" loading=\"lazy\" class=\"alignleft size-thumbnail wp-image-810\" src=\"https:\/\/www.infraestruturameioambiente.sp.gov.br\/wp-content\/uploads\/sites\/233\/2012\/03\/foto-Cida-3x4-150x150.jpg\" alt=\"\" width=\"150\" height=\"150\" \/><\/a><strong>Maria Aparecida de Carvalho Ribeiro<\/strong>, t\u00e9cnica, Agente de Apoio a Pesquisa Cient\u00edfica e Tecnol\u00f3gica. T\u00e9cnica em Biblioteconomia.<\/p>\n<ul>\n<li>Contato: <a href=\"mailto:maria@sp.gov.br\">maria@sp.gov.br<\/a><\/li>\n<li>Curriculo Lattes<\/li>\n<\/ul>\n<p>&nbsp;<\/p>\n<p><br class=\"clear\" \/><a href=\"https:\/\/www.infraestruturameioambiente.sp.gov.br\/wp-content\/uploads\/sites\/233\/2012\/03\/foto-Roberto-Ventura-3x4.jpg\"><img decoding=\"async\" loading=\"lazy\" class=\"alignleft size-thumbnail wp-image-816\" src=\"https:\/\/www.infraestruturameioambiente.sp.gov.br\/wp-content\/uploads\/sites\/233\/2012\/03\/foto-Roberto-Ventura-3x4-150x150.jpg\" alt=\"\" width=\"150\" height=\"150\" \/><\/a><strong>Roberto Ventura<\/strong>, t\u00e9cnico, T\u00e9cnico de Apoio a Pesquisa Cient\u00edfica e Tecnol\u00f3gica.<\/p>\n<ul>\n<li>Contato: <a href=\"mailto:roberto@sp.gov.br\">roberto@sp.gov.br<\/a><\/li>\n<li>Curriculo Lattes<\/li>\n<\/ul>\n","protected":false},"excerpt":{"rendered":"<p>Arlete Alves Ferreira, graduada, Assistente T\u00e9cnico de Apoio \u00e0 Pesquisa Cient\u00edfica e Tecnol\u00f3gica. Bibliotec\u00e1rio. Bibliotec\u00e1ria pela Funda\u00e7\u00e3o Escola de Sociologia e Pol\u00edtica de S\u00e3o Paulo (FESPSP). Contato: arleferreira@sp.gov.br Curriculo Lattes Maria Aparecida de Carvalho Ribeiro, t\u00e9cnica, Agente de Apoio a Pesquisa Cient\u00edfica e Tecnol\u00f3gica. T\u00e9cnica em Biblioteconomia. Contato: maria@sp.gov.br Curriculo Lattes &nbsp; Roberto Ventura, t\u00e9cnico, [&hellip;]<\/p>\n","protected":false},"author":1,"featured_media":0,"parent":43,"menu_order":0,"comment_status":"open","ping_status":"open","template":"","meta":[],"_links":{"self":[{"href":"https:\/\/www.infraestruturameioambiente.sp.gov.br\/institutogeologico\/wp-json\/wp\/v2\/pages\/268"}],"collection":[{"href":"https:\/\/www.infraestruturameioambiente.sp.gov.br\/institutogeologico\/wp-json\/wp\/v2\/pages"}],"about":[{"href":"https:\/\/www.infraestruturameioambiente.sp.gov.br\/institutogeologico\/wp-json\/wp\/v2\/types\/page"}],"author":[{"embeddable":true,"href":"https:\/\/www.infraestruturameioambiente.sp.gov.br\/institutogeologico\/wp-json\/wp\/v2\/users\/1"}],"replies":[{"embeddable":true,"href":"https:\/\/www.infraestruturameioambiente.sp.gov.br\/institutogeologico\/wp-json\/wp\/v2\/comments?post=268"}],"version-history":[{"count":23,"href":"https:\/\/www.infraestruturameioambiente.sp.gov.br\/institutogeologico\/wp-json\/wp\/v2\/pages\/268\/revisions"}],"predecessor-version":[{"id":10775,"href":"https:\/\/www.infraestruturameioambiente.sp.gov.br\/institutogeologico\/wp-json\/wp\/v2\/pages\/268\/revisions\/10775"}],"up":[{"embeddable":true,"href":"https:\/\/www.infraestruturameioambiente.sp.gov.br\/institutogeologico\/wp-json\/wp\/v2\/pages\/43"}],"wp:attachment":[{"href":"https:\/\/www.infraestruturameioambiente.sp.gov.br\/institutogeologico\/wp-json\/wp\/v2\/media?parent=268"}],"curies":[{"name":"wp","href":"https:\/\/api.w.org\/{rel}","templated":true}]}}