{"id":254,"date":"2012-03-21T17:32:49","date_gmt":"2012-03-21T20:32:49","guid":{"rendered":"https:\/\/www.infraestruturameioambiente.sp.gov.br\/institutogeologico\/?page_id=254"},"modified":"2023-04-27T13:31:44","modified_gmt":"2023-04-27T16:31:44","slug":"geomorfologia-online","status":"publish","type":"page","link":"https:\/\/www.infraestruturameioambiente.sp.gov.br\/institutogeologico\/geodados\/bases-online\/geomorfologia-online\/","title":{"rendered":"Geomorfologia Online"},"content":{"rendered":"<p>[vc_row][vc_column width=&#8221;2\/3&#8243;][vc_column_text]<\/p>\n<p style=\"text-align: justify\">O Banco de Dados Bibliogr\u00e1ficos da Geomorfologia do Estado de S\u00e3o Paulo \u00e9 resultado de levantamentos sistem\u00e1ticos executados pelo N\u00facleo de Geomorfologia. Neste banco s\u00e3o cadastrados peri\u00f3dicos nacionais e estrangeiros, boletins, livros, teses e relat\u00f3rios de projetos de pesquisa de ampla circula\u00e7\u00e3o. At\u00e9 o momento, o banco conta com mais de 910 registros. A atualiza\u00e7\u00e3o dos dados \u00e9 feita de modo cont\u00ednuo, com a incorpora\u00e7\u00e3o da nova produ\u00e7\u00e3o cient\u00edfica.<\/p>\n<p style=\"text-align: justify\">Para acessar o Banco de Dados Geomorfologia Online <a href=\"https:\/\/sigam.ambiente.sp.gov.br\/geocad\/\">CLIQUE AQUI.<\/a><\/p>\n<p>[\/vc_column_text][\/vc_column][vc_column width=&#8221;1\/3&#8243;][vc_column_text]<strong>Bases Online<\/strong><\/p>\n<ul>\n<li><strong>Geomorfologia Online<\/strong><\/li>\n<li><a href=\"https:\/\/www.infraestruturameioambiente.sp.gov.br\/institutogeologico\/geodados\/bases-online\/climatologia-online\/\">Climatologia Online<\/a><\/li>\n<li><a href=\"https:\/\/www.infraestruturameioambiente.sp.gov.br\/institutogeologico\/geodados\/bases-online\/prevencao-de-desastres-naturais-online\/\">Gest\u00e3o de Risco de Desastres<\/a><\/li>\n<li><a href=\"https:\/\/www.infraestruturameioambiente.sp.gov.br\/institutogeologico\/geodados\/bases-online\/hidrogeologia-online\/\">Hidrogeologia Online<\/a><\/li>\n<li><a href=\"https:\/\/www.infraestruturameioambiente.sp.gov.br\/institutogeologico\/geodados\/bases-online\/monumentos-geologicos-online\/\">Monumentos Geol\u00f3gicos Online<\/a><\/li>\n<li><a href=\"https:\/\/www.infraestruturameioambiente.sp.gov.br\/institutogeologico\/laboratorio-e-geotecnologia\/laboratorio-litoteca\/colecao-cientifica-petrografica\/\">Cole\u00e7\u00e3o Cient\u00edfica Petrogr\u00e1fica<\/a><\/li>\n<li><a href=\"https:\/\/www.infraestruturameioambiente.sp.gov.br\/institutogeologico\/laboratorio-e-geotecnologia\/laboratorio-litoteca\/colecao-cientifica-geologica-do-estado-de-sao-paulo\/\">Cole\u00e7\u00e3o Cient\u00edfica Geol\u00f3gica<\/a><\/li>\n<li><a href=\"https:\/\/www.infraestruturameioambiente.sp.gov.br\/institutogeologico\/laboratorio-e-geotecnologia\/laboratorio-paleontologico\/acervo-paleontologico-do-instituto-geologico\/\">Acervo Paleontol\u00f3gico<\/a><\/li>\n<li><a href=\"https:\/\/www.infraestruturameioambiente.sp.gov.br\/institutogeologico\/laboratorio-e-geotecnologia\/geoprocessamento\/acervo-de-produtos-cartograficos\/\">Acervo de Produtos Cartogr\u00e1ficos<\/a><\/li>\n<li><a href=\"https:\/\/www.infraestruturameioambiente.sp.gov.br\/institutogeologico\/geodados\/bases-online\/acervo-mugeo\/\">Acervo MUGEO<\/a><\/li>\n<li><a href=\"https:\/\/www.infraestruturameioambiente.sp.gov.br\/institutogeologico\/geodados\/bases-online\/acervo-historico\/\">Acervo Hist\u00f3rico<\/a><\/li>\n<\/ul>\n<p>[\/vc_column_text][\/vc_column][\/vc_row]<\/p>\n","protected":false},"excerpt":{"rendered":"<p>[vc_row][vc_column width=&#8221;2\/3&#8243;][vc_column_text] O Banco de Dados Bibliogr\u00e1ficos da Geomorfologia do Estado de S\u00e3o Paulo \u00e9 resultado de levantamentos sistem\u00e1ticos executados pelo N\u00facleo de Geomorfologia. Neste banco s\u00e3o cadastrados peri\u00f3dicos nacionais e estrangeiros, boletins, livros, teses e relat\u00f3rios de projetos de pesquisa de ampla circula\u00e7\u00e3o. At\u00e9 o momento, o banco conta com mais de 910 registros. [&hellip;]<\/p>\n","protected":false},"author":1,"featured_media":0,"parent":252,"menu_order":0,"comment_status":"open","ping_status":"open","template":"","meta":[],"_links":{"self":[{"href":"https:\/\/www.infraestruturameioambiente.sp.gov.br\/institutogeologico\/wp-json\/wp\/v2\/pages\/254"}],"collection":[{"href":"https:\/\/www.infraestruturameioambiente.sp.gov.br\/institutogeologico\/wp-json\/wp\/v2\/pages"}],"about":[{"href":"https:\/\/www.infraestruturameioambiente.sp.gov.br\/institutogeologico\/wp-json\/wp\/v2\/types\/page"}],"author":[{"embeddable":true,"href":"https:\/\/www.infraestruturameioambiente.sp.gov.br\/institutogeologico\/wp-json\/wp\/v2\/users\/1"}],"replies":[{"embeddable":true,"href":"https:\/\/www.infraestruturameioambiente.sp.gov.br\/institutogeologico\/wp-json\/wp\/v2\/comments?post=254"}],"version-history":[{"count":15,"href":"https:\/\/www.infraestruturameioambiente.sp.gov.br\/institutogeologico\/wp-json\/wp\/v2\/pages\/254\/revisions"}],"predecessor-version":[{"id":14090,"href":"https:\/\/www.infraestruturameioambiente.sp.gov.br\/institutogeologico\/wp-json\/wp\/v2\/pages\/254\/revisions\/14090"}],"up":[{"embeddable":true,"href":"https:\/\/www.infraestruturameioambiente.sp.gov.br\/institutogeologico\/wp-json\/wp\/v2\/pages\/252"}],"wp:attachment":[{"href":"https:\/\/www.infraestruturameioambiente.sp.gov.br\/institutogeologico\/wp-json\/wp\/v2\/media?parent=254"}],"curies":[{"name":"wp","href":"https:\/\/api.w.org\/{rel}","templated":true}]}}