{"id":22,"date":"2012-02-29T11:03:32","date_gmt":"2012-02-29T14:03:32","guid":{"rendered":"https:\/\/www.infraestruturameioambiente.sp.gov.br\/institutogeologico\/?page_id=22"},"modified":"2023-04-27T11:58:06","modified_gmt":"2023-04-27T14:58:06","slug":"missao","status":"publish","type":"page","link":"https:\/\/www.infraestruturameioambiente.sp.gov.br\/institutogeologico\/instituto\/missao\/","title":{"rendered":"Miss\u00e3o"},"content":{"rendered":"<p style=\"text-align: justify\">A miss\u00e3o institucional contempla a gera\u00e7\u00e3o de conhecimento sobre o meio f\u00edsico, por meio do desenvolvimento de estudos e pesquisas, dissemina\u00e7\u00e3o e aplica\u00e7\u00e3o dos resultados, e presta\u00e7\u00e3o de servi\u00e7os \u00e0 comunidade, para dar suporte \u00e0 gest\u00e3o ambiental, ao desenvolvimento sustent\u00e1vel, \u00e0 implementa\u00e7\u00e3o de pol\u00edticas p\u00fablicas e \u00e0 defini\u00e7\u00e3o de pol\u00edticas de Ci\u00eancia e Tecnologia e de Inova\u00e7\u00e3o Tecnol\u00f3gica. O IG \u00e9 uma das institui\u00e7\u00f5es do pa\u00eds que possui espectro mais abrangente de atua\u00e7\u00e3o em Geoci\u00eancias, com aplica\u00e7\u00e3o ampla e diversificada para diferentes finalidades. Possui um corpo t\u00e9cnico altamente capacitado e qualificado para desenvolver as atribui\u00e7\u00f5es institucionais, e com capacidade de atua\u00e7\u00e3o em diversas \u00e1reas, tais como Geologia Geral, Paleontologia, Hidrogeologia, Geologia de Engenharia e Ambiental, Recursos Minerais, Geomorfologia, Din\u00e2mica de Uso do Solo, Climatologia, Geoprocessamento e Monumentos Geol\u00f3gicos.<a href=\"https:\/\/www.infraestruturameioambiente.sp.gov.br\/wp-content\/uploads\/sites\/233\/2012\/02\/foto-miss\u00e3oIG.jpg\"><img decoding=\"async\" loading=\"lazy\" class=\"aligncenter size-large wp-image-432\" src=\"https:\/\/www.infraestruturameioambiente.sp.gov.br\/wp-content\/uploads\/sites\/233\/2012\/02\/foto-miss\u00e3oIG-600x471.jpg\" alt=\"\" width=\"600\" height=\"471\" \/><\/a><\/p>\n<ul>\n<li><a href=\"http:\/\/www.al.sp.gov.br\/repositorio\/legislacao\/decreto\/2010\/decreto-55640-26.03.2010.html\">Decreto que Reorganiza o Instituto Geologico \u2013 27 mar\u00e7o 2010<\/a><\/li>\n<\/ul>\n","protected":false},"excerpt":{"rendered":"<p>A miss\u00e3o institucional contempla a gera\u00e7\u00e3o de conhecimento sobre o meio f\u00edsico, por meio do desenvolvimento de estudos e pesquisas, dissemina\u00e7\u00e3o e aplica\u00e7\u00e3o dos resultados, e presta\u00e7\u00e3o de servi\u00e7os \u00e0 comunidade, para dar suporte \u00e0 gest\u00e3o ambiental, ao desenvolvimento sustent\u00e1vel, \u00e0 implementa\u00e7\u00e3o de pol\u00edticas p\u00fablicas e \u00e0 defini\u00e7\u00e3o de pol\u00edticas de Ci\u00eancia e Tecnologia e [&hellip;]<\/p>\n","protected":false},"author":96,"featured_media":0,"parent":26,"menu_order":2,"comment_status":"open","ping_status":"closed","template":"","meta":[],"_links":{"self":[{"href":"https:\/\/www.infraestruturameioambiente.sp.gov.br\/institutogeologico\/wp-json\/wp\/v2\/pages\/22"}],"collection":[{"href":"https:\/\/www.infraestruturameioambiente.sp.gov.br\/institutogeologico\/wp-json\/wp\/v2\/pages"}],"about":[{"href":"https:\/\/www.infraestruturameioambiente.sp.gov.br\/institutogeologico\/wp-json\/wp\/v2\/types\/page"}],"author":[{"embeddable":true,"href":"https:\/\/www.infraestruturameioambiente.sp.gov.br\/institutogeologico\/wp-json\/wp\/v2\/users\/96"}],"replies":[{"embeddable":true,"href":"https:\/\/www.infraestruturameioambiente.sp.gov.br\/institutogeologico\/wp-json\/wp\/v2\/comments?post=22"}],"version-history":[{"count":14,"href":"https:\/\/www.infraestruturameioambiente.sp.gov.br\/institutogeologico\/wp-json\/wp\/v2\/pages\/22\/revisions"}],"predecessor-version":[{"id":14023,"href":"https:\/\/www.infraestruturameioambiente.sp.gov.br\/institutogeologico\/wp-json\/wp\/v2\/pages\/22\/revisions\/14023"}],"up":[{"embeddable":true,"href":"https:\/\/www.infraestruturameioambiente.sp.gov.br\/institutogeologico\/wp-json\/wp\/v2\/pages\/26"}],"wp:attachment":[{"href":"https:\/\/www.infraestruturameioambiente.sp.gov.br\/institutogeologico\/wp-json\/wp\/v2\/media?parent=22"}],"curies":[{"name":"wp","href":"https:\/\/api.w.org\/{rel}","templated":true}]}}