{"id":19,"date":"2012-02-29T11:01:34","date_gmt":"2012-02-29T14:01:34","guid":{"rendered":"https:\/\/www.infraestruturameioambiente.sp.gov.br\/institutogeologico\/?page_id=19"},"modified":"2023-04-27T11:57:18","modified_gmt":"2023-04-27T14:57:18","slug":"diretoria-geral","status":"publish","type":"page","link":"https:\/\/www.infraestruturameioambiente.sp.gov.br\/institutogeologico\/instituto\/quem-somos\/diretoria-geral\/","title":{"rendered":"Diretoria Geral"},"content":{"rendered":"<p><strong>Luciana Martin Rodrigues Ferreira <\/strong><\/p>\n<p style=\"text-align: justify\">Luciana possui gradua\u00e7\u00e3o em Geografia pela Universidade de S\u00e3o Paulo (1992) e mestrado em Geoci\u00eancias (Recursos Minerais e Hidrogeologia) pela Universidade de S\u00e3o Paulo (1999). Anteriormente ocupava o cargo de pesquisadora cient\u00edfica no N\u00facleo de Hidrogeologia. Tem experi\u00eancia na \u00e1rea de Geoci\u00eancias, com \u00eanfase em Hidrogeologia, atuando principalmente nos seguintes temas: \u00e1gua subterr\u00e2nea, recursos h\u00eddricos subterr\u00e2neos, aqu\u00edferos, vulnerabilidade e prote\u00e7\u00e3o.<\/p>\n<p><a href=\"http:\/\/lattes.cnpq.br\/5082667184171972\"><img decoding=\"async\" loading=\"lazy\" class=\"aligncenter wp-image-10466 size-medium\" src=\"https:\/\/smastr16.blob.core.windows.net\/igeo\/sites\/233\/2012\/02\/luciana_DG1-235x300.jpg\" alt=\"luciana_dg1\" width=\"235\" height=\"300\" srcset=\"https:\/\/www.infraestruturameioambiente.sp.gov.br\/institutogeologico\/wp-content\/uploads\/sites\/233\/2012\/02\/luciana_DG1-235x300.jpg 235w, https:\/\/www.infraestruturameioambiente.sp.gov.br\/institutogeologico\/wp-content\/uploads\/sites\/233\/2012\/02\/luciana_DG1-212x270.jpg 212w, https:\/\/www.infraestruturameioambiente.sp.gov.br\/institutogeologico\/wp-content\/uploads\/sites\/233\/2012\/02\/luciana_DG1-122x155.jpg 122w, https:\/\/www.infraestruturameioambiente.sp.gov.br\/institutogeologico\/wp-content\/uploads\/sites\/233\/2012\/02\/luciana_DG1-76x97.jpg 76w, https:\/\/www.infraestruturameioambiente.sp.gov.br\/institutogeologico\/wp-content\/uploads\/sites\/233\/2012\/02\/luciana_DG1-53x68.jpg 53w, https:\/\/www.infraestruturameioambiente.sp.gov.br\/institutogeologico\/wp-content\/uploads\/sites\/233\/2012\/02\/luciana_DG1-158x201.jpg 158w, https:\/\/www.infraestruturameioambiente.sp.gov.br\/institutogeologico\/wp-content\/uploads\/sites\/233\/2012\/02\/luciana_DG1-101x129.jpg 101w, https:\/\/www.infraestruturameioambiente.sp.gov.br\/institutogeologico\/wp-content\/uploads\/sites\/233\/2012\/02\/luciana_DG1-78x99.jpg 78w, https:\/\/www.infraestruturameioambiente.sp.gov.br\/institutogeologico\/wp-content\/uploads\/sites\/233\/2012\/02\/luciana_DG1-55x70.jpg 55w, https:\/\/www.infraestruturameioambiente.sp.gov.br\/institutogeologico\/wp-content\/uploads\/sites\/233\/2012\/02\/luciana_DG1.jpg 255w\" sizes=\"(max-width: 235px) 100vw, 235px\" \/><\/a><\/p>\n<p>&nbsp;<\/p>\n","protected":false},"excerpt":{"rendered":"<p>Luciana Martin Rodrigues Ferreira Luciana possui gradua\u00e7\u00e3o em Geografia pela Universidade de S\u00e3o Paulo (1992) e mestrado em Geoci\u00eancias (Recursos Minerais e Hidrogeologia) pela Universidade de S\u00e3o Paulo (1999). Anteriormente ocupava o cargo de pesquisadora cient\u00edfica no N\u00facleo de Hidrogeologia. Tem experi\u00eancia na \u00e1rea de Geoci\u00eancias, com \u00eanfase em Hidrogeologia, atuando principalmente nos seguintes temas: [&hellip;]<\/p>\n","protected":false},"author":8,"featured_media":0,"parent":12,"menu_order":3,"comment_status":"open","ping_status":"open","template":"","meta":[],"_links":{"self":[{"href":"https:\/\/www.infraestruturameioambiente.sp.gov.br\/institutogeologico\/wp-json\/wp\/v2\/pages\/19"}],"collection":[{"href":"https:\/\/www.infraestruturameioambiente.sp.gov.br\/institutogeologico\/wp-json\/wp\/v2\/pages"}],"about":[{"href":"https:\/\/www.infraestruturameioambiente.sp.gov.br\/institutogeologico\/wp-json\/wp\/v2\/types\/page"}],"author":[{"embeddable":true,"href":"https:\/\/www.infraestruturameioambiente.sp.gov.br\/institutogeologico\/wp-json\/wp\/v2\/users\/8"}],"replies":[{"embeddable":true,"href":"https:\/\/www.infraestruturameioambiente.sp.gov.br\/institutogeologico\/wp-json\/wp\/v2\/comments?post=19"}],"version-history":[{"count":12,"href":"https:\/\/www.infraestruturameioambiente.sp.gov.br\/institutogeologico\/wp-json\/wp\/v2\/pages\/19\/revisions"}],"predecessor-version":[{"id":14022,"href":"https:\/\/www.infraestruturameioambiente.sp.gov.br\/institutogeologico\/wp-json\/wp\/v2\/pages\/19\/revisions\/14022"}],"up":[{"embeddable":true,"href":"https:\/\/www.infraestruturameioambiente.sp.gov.br\/institutogeologico\/wp-json\/wp\/v2\/pages\/12"}],"wp:attachment":[{"href":"https:\/\/www.infraestruturameioambiente.sp.gov.br\/institutogeologico\/wp-json\/wp\/v2\/media?parent=19"}],"curies":[{"name":"wp","href":"https:\/\/api.w.org\/{rel}","templated":true}]}}