{"id":174,"date":"2012-02-29T12:20:28","date_gmt":"2012-02-29T15:20:28","guid":{"rendered":"https:\/\/www.infraestruturameioambiente.sp.gov.br\/institutogeologico\/?page_id=174"},"modified":"2023-04-27T12:44:45","modified_gmt":"2023-04-27T15:44:45","slug":"laboratorio-litoteca","status":"publish","type":"page","link":"https:\/\/www.infraestruturameioambiente.sp.gov.br\/institutogeologico\/laboratorio-e-geotecnologia\/laboratorio-litoteca\/","title":{"rendered":"Laborat\u00f3rio Litoteca"},"content":{"rendered":"<p style=\"text-align: justify\">O projeto LABORAT\u00d3RIO LITOTECA foi aprovado no \u00e2mbito da Chamada P\u00fablica MCT\/FINEP\/CTINFRA &#8211; PROINFRA &#8211; 02\/2010, no valor de R$ 1.050.432,00. Este valor foi concedido para a reforma e constru\u00e7\u00e3o do LABORAT\u00d3RIO LITOTECA em uma \u00e1rea de 3.350 m<sup>2<\/sup> junto a sede administrativa do Instituto Geol\u00f3gico, na Avenida Miguel St\u00e9fano, 3900 \u2013 S\u00e3o Paulo, SP. O estabelecimento do LABORAT\u00d3RIO LITOTECA viabiliza uma adequada manuten\u00e7\u00e3o e identifica\u00e7\u00e3o de um valioso acervo de amostras geol\u00f3gicas obtidas nos \u00faltimos 30 anos no Estado de S\u00e3o Paulo e a serem obtidas no futuro. Uma adequada manuten\u00e7\u00e3o, prepara\u00e7\u00e3o e identifica\u00e7\u00e3o destas amostras possibilitar\u00e3o um f\u00e1cil manuseio do material para a realiza\u00e7\u00e3o de estudos cient\u00edficos posteriores. Estes materiais geol\u00f3gicos armazenam dados f\u00edsicos e qu\u00edmicos que constituem a base da produ\u00e7\u00e3o t\u00e9cnico-cient\u00edfica nas diferentes \u00e1reas de geoci\u00eancias, permitindo compor o diagn\u00f3stico de recursos minerais e qualidade ambiental natural do Estado de S\u00e3o Paulo, com diagn\u00f3stico, reconhecimento e planejamento ambiental e tecnol\u00f3gico sustent\u00e1vel &#8211; com pol\u00edticas p\u00fablicas especificas em fun\u00e7\u00e3o da composi\u00e7\u00e3o geol\u00f3gica. Diversas institui\u00e7\u00f5es de pesquisa estaduais e nacionais poder\u00e3o ser beneficiadas pelo estabelecimento de uma pol\u00edtica de uso cient\u00edfico de suas Cole\u00e7\u00f5es e de suas instala\u00e7\u00f5es laboratoriais, bem como pesquisadores, profissionais, p\u00f3s-graduandos e graduandos de outros \u00f3rg\u00e3os e institui\u00e7\u00f5es para o desenvolvimento de seus projetos de pesquisa. Al\u00e9m de promover o estudo de materiais geol\u00f3gicos paulistas, as facilidades do LABORAT\u00d3RIO LITOTECA permitir\u00e3o o devido aprendizado, treinamento e especializa\u00e7\u00e3o em t\u00e9cnicas anal\u00edticas de manipula\u00e7\u00e3o, prepara\u00e7\u00e3o e an\u00e1lise nas Ci\u00eancias da Terra. As facilidades tamb\u00e9m estar\u00e3o dispon\u00edveis para empresas p\u00fablicas e privadas do setor mineral, petrol\u00edfero, de engenharia e meio ambiente para fins de pesquisa, permitindo inclusive a caracteriza\u00e7\u00e3o de mat\u00e9ria prima e produtos minerais, proporcionando o desenvolvimento de ci\u00eancia e tecnologia do pa\u00eds.<\/p>\n<p style=\"text-align: justify\">O LABORAT\u00d3RIO LITOTECA abrigar\u00e1 cole\u00e7\u00f5es cient\u00edficas, instala\u00e7\u00f5es laboratoriais, salas de pesquisa e de treinamento de recursos humanos:<\/p>\n<ul>\n<li><a href=\"https:\/\/www.infraestruturameioambiente.sp.gov.br\/institutogeologico\/laboratorios-e-geotecnologia\/laboratorio-litoteca\/laboratorio-de-preparacao-de-amostras-lapeam\/\">Laborat\u00f3rio de Prepara\u00e7\u00e3o de Amostras &#8211; LAPEAM<\/a><\/li>\n<li><a href=\"https:\/\/www.infraestruturameioambiente.sp.gov.br\/institutogeologico\/laboratorios-e-geotecnologia\/laboratorio-litoteca\/laboratorio-de-petrografia-lapetro\/\">Laborat\u00f3rio de Petrografia &#8211; LAPETRO<\/a><\/li>\n<li><a href=\"https:\/\/www.infraestruturameioambiente.sp.gov.br\/institutogeologico\/laboratorios-e-geotecnologia\/laboratorio-litoteca\/colecao-cientifica-petrografica\/\">Cole\u00e7\u00e3o Cient\u00edfica Petrogr\u00e1fica<\/a><\/li>\n<li><a href=\"https:\/\/www.infraestruturameioambiente.sp.gov.br\/institutogeologico\/laboratorios-e-geotecnologia\/laboratorio-litoteca\/colecao-cientifica-geologica-do-estado-de-sao-paulo\/\">Cole\u00e7\u00e3o Cient\u00edfica Geol\u00f3gica do Estado de S\u00e3o Paulo &#8211; LITOTECA<\/a><\/li>\n<\/ul>\n<p>&nbsp;<\/p>\n","protected":false},"excerpt":{"rendered":"<p>O projeto LABORAT\u00d3RIO LITOTECA foi aprovado no \u00e2mbito da Chamada P\u00fablica MCT\/FINEP\/CTINFRA &#8211; PROINFRA &#8211; 02\/2010, no valor de R$ 1.050.432,00. Este valor foi concedido para a reforma e constru\u00e7\u00e3o do LABORAT\u00d3RIO LITOTECA em uma \u00e1rea de 3.350 m2 junto a sede administrativa do Instituto Geol\u00f3gico, na Avenida Miguel St\u00e9fano, 3900 \u2013 S\u00e3o Paulo, SP. [&hellip;]<\/p>\n","protected":false},"author":8,"featured_media":0,"parent":35,"menu_order":2,"comment_status":"open","ping_status":"open","template":"","meta":[],"_links":{"self":[{"href":"https:\/\/www.infraestruturameioambiente.sp.gov.br\/institutogeologico\/wp-json\/wp\/v2\/pages\/174"}],"collection":[{"href":"https:\/\/www.infraestruturameioambiente.sp.gov.br\/institutogeologico\/wp-json\/wp\/v2\/pages"}],"about":[{"href":"https:\/\/www.infraestruturameioambiente.sp.gov.br\/institutogeologico\/wp-json\/wp\/v2\/types\/page"}],"author":[{"embeddable":true,"href":"https:\/\/www.infraestruturameioambiente.sp.gov.br\/institutogeologico\/wp-json\/wp\/v2\/users\/8"}],"replies":[{"embeddable":true,"href":"https:\/\/www.infraestruturameioambiente.sp.gov.br\/institutogeologico\/wp-json\/wp\/v2\/comments?post=174"}],"version-history":[{"count":9,"href":"https:\/\/www.infraestruturameioambiente.sp.gov.br\/institutogeologico\/wp-json\/wp\/v2\/pages\/174\/revisions"}],"predecessor-version":[{"id":14063,"href":"https:\/\/www.infraestruturameioambiente.sp.gov.br\/institutogeologico\/wp-json\/wp\/v2\/pages\/174\/revisions\/14063"}],"up":[{"embeddable":true,"href":"https:\/\/www.infraestruturameioambiente.sp.gov.br\/institutogeologico\/wp-json\/wp\/v2\/pages\/35"}],"wp:attachment":[{"href":"https:\/\/www.infraestruturameioambiente.sp.gov.br\/institutogeologico\/wp-json\/wp\/v2\/media?parent=174"}],"curies":[{"name":"wp","href":"https:\/\/api.w.org\/{rel}","templated":true}]}}