{"id":17,"date":"2012-02-29T11:01:09","date_gmt":"2012-02-29T14:01:09","guid":{"rendered":"https:\/\/www.infraestruturameioambiente.sp.gov.br\/institutogeologico\/?page_id=17"},"modified":"2019-08-26T12:35:23","modified_gmt":"2019-08-26T15:35:23","slug":"organograma","status":"publish","type":"page","link":"https:\/\/www.infraestruturameioambiente.sp.gov.br\/institutogeologico\/instituto\/quem-somos\/organograma\/","title":{"rendered":"Organograma"},"content":{"rendered":"<p style=\"text-align: justify\"><img decoding=\"async\" loading=\"lazy\" class=\"alignnone wp-image-13182 size-large\" src=\"https:\/\/smastr16.blob.core.windows.net\/igeo\/2019\/08\/organograma_ig_a3_semnomes2019-1024x395.jpg\" alt=\"\" width=\"1024\" height=\"395\" srcset=\"https:\/\/smastr16.blob.core.windows.net\/igeo\/2019\/08\/organograma_ig_a3_semnomes2019-1024x395.jpg 1024w, https:\/\/smastr16.blob.core.windows.net\/igeo\/2019\/08\/organograma_ig_a3_semnomes2019-300x116.jpg 300w, https:\/\/smastr16.blob.core.windows.net\/igeo\/2019\/08\/organograma_ig_a3_semnomes2019-768x296.jpg 768w, https:\/\/smastr16.blob.core.windows.net\/igeo\/2019\/08\/organograma_ig_a3_semnomes2019-250x96.jpg 250w, https:\/\/smastr16.blob.core.windows.net\/igeo\/2019\/08\/organograma_ig_a3_semnomes2019-550x212.jpg 550w, https:\/\/smastr16.blob.core.windows.net\/igeo\/2019\/08\/organograma_ig_a3_semnomes2019-800x309.jpg 800w, https:\/\/smastr16.blob.core.windows.net\/igeo\/2019\/08\/organograma_ig_a3_semnomes2019-466x180.jpg 466w, https:\/\/smastr16.blob.core.windows.net\/igeo\/2019\/08\/organograma_ig_a3_semnomes2019-777x300.jpg 777w, https:\/\/smastr16.blob.core.windows.net\/igeo\/2019\/08\/organograma_ig_a3_semnomes2019-1296x500.jpg 1296w\" sizes=\"(max-width: 1024px) 100vw, 1024px\" \/>O Instituto Geol\u00f3gico possui 4 Centros com N\u00facleos de Pesquisa Cient\u00edfica: Centro de Geologia e Meio Ambiente, Centro de Estudos Geogr\u00e1ficos da Paisagem, Museu Geol\u00f3gico e Centro de Atividades Tecnol\u00f3gicas. O quadro de servidores efetivos inclui 50 pesquisadores cient\u00edficos, sendo 31 doutores, 8 mestres, 3 com especializa\u00e7\u00e3o ou gradua\u00e7\u00e3o e 8 vagos, al\u00e9m de 22 assistentes de apoio \u00e0 pesquisa com gradua\u00e7\u00e3o.<\/p>\n<p style=\"text-align: justify\">\n<ul>\n<li><a href=\"https:\/\/smastr16.blob.core.windows.net\/igeo\/2019\/08\/organograma_ig_a3_semnomes2019.jpg\">Organograma<\/a><\/li>\n<li><a href=\"https:\/\/www.infraestruturameioambiente.sp.gov.br\/institutogeologico\/instituto\/administrativo\/recursos-humanos\/\">Recursos Humanos<\/a><\/li>\n<\/ul>\n","protected":false},"excerpt":{"rendered":"<p>O Instituto Geol\u00f3gico possui 4 Centros com N\u00facleos de Pesquisa Cient\u00edfica: Centro de Geologia e Meio Ambiente, Centro de Estudos Geogr\u00e1ficos da Paisagem, Museu Geol\u00f3gico e Centro de Atividades Tecnol\u00f3gicas. O quadro de servidores efetivos inclui 50 pesquisadores cient\u00edficos, sendo 31 doutores, 8 mestres, 3 com especializa\u00e7\u00e3o ou gradua\u00e7\u00e3o e 8 vagos, al\u00e9m de 22 [&hellip;]<\/p>\n","protected":false},"author":96,"featured_media":0,"parent":12,"menu_order":2,"comment_status":"open","ping_status":"open","template":"","meta":[],"_links":{"self":[{"href":"https:\/\/www.infraestruturameioambiente.sp.gov.br\/institutogeologico\/wp-json\/wp\/v2\/pages\/17"}],"collection":[{"href":"https:\/\/www.infraestruturameioambiente.sp.gov.br\/institutogeologico\/wp-json\/wp\/v2\/pages"}],"about":[{"href":"https:\/\/www.infraestruturameioambiente.sp.gov.br\/institutogeologico\/wp-json\/wp\/v2\/types\/page"}],"author":[{"embeddable":true,"href":"https:\/\/www.infraestruturameioambiente.sp.gov.br\/institutogeologico\/wp-json\/wp\/v2\/users\/96"}],"replies":[{"embeddable":true,"href":"https:\/\/www.infraestruturameioambiente.sp.gov.br\/institutogeologico\/wp-json\/wp\/v2\/comments?post=17"}],"version-history":[{"count":18,"href":"https:\/\/www.infraestruturameioambiente.sp.gov.br\/institutogeologico\/wp-json\/wp\/v2\/pages\/17\/revisions"}],"predecessor-version":[{"id":13183,"href":"https:\/\/www.infraestruturameioambiente.sp.gov.br\/institutogeologico\/wp-json\/wp\/v2\/pages\/17\/revisions\/13183"}],"up":[{"embeddable":true,"href":"https:\/\/www.infraestruturameioambiente.sp.gov.br\/institutogeologico\/wp-json\/wp\/v2\/pages\/12"}],"wp:attachment":[{"href":"https:\/\/www.infraestruturameioambiente.sp.gov.br\/institutogeologico\/wp-json\/wp\/v2\/media?parent=17"}],"curies":[{"name":"wp","href":"https:\/\/api.w.org\/{rel}","templated":true}]}}