{"id":168,"date":"2012-02-29T12:18:11","date_gmt":"2012-02-29T15:18:11","guid":{"rendered":"https:\/\/www.infraestruturameioambiente.sp.gov.br\/institutogeologico\/?page_id=168"},"modified":"2017-03-13T14:49:28","modified_gmt":"2017-03-13T17:49:28","slug":"equipe","status":"publish","type":"page","link":"https:\/\/www.infraestruturameioambiente.sp.gov.br\/institutogeologico\/laboratorio-e-geotecnologia\/analises-geologicas\/equipe\/","title":{"rendered":"Equipe"},"content":{"rendered":"<p><a href=\"https:\/\/www.infraestruturameioambiente.sp.gov.br\/wp-content\/uploads\/sites\/233\/2012\/02\/foto-Ivete-3x4.jpg\"><img decoding=\"async\" loading=\"lazy\" class=\"alignleft size-thumbnail wp-image-575\" title=\"foto Ivete 3x4\" src=\"https:\/\/www.infraestruturameioambiente.sp.gov.br\/wp-content\/uploads\/sites\/233\/2012\/02\/foto-Ivete-3x4-150x150.jpg\" alt=\"\" width=\"150\" height=\"150\" \/><\/a><strong>Ivete Costa da Silva<\/strong>, graduada, Assistente T\u00e9cnico de Pesquisa Cient\u00edfica e Tecnol\u00f3gica. Graduada em Qu\u00edmica pela Universidade Presbiteriana Mackenzie (SP\/S\u00e3o Paulo).<\/p>\n<ul>\n<li>Contato: <a href=\"mailto:ivete@sp.gov.br\">ivete@sp.gov.br<\/a><\/li>\n<li>Curriculo Lattes<\/li>\n<\/ul>\n<p><br class=\"clear\" \/><a href=\"https:\/\/www.infraestruturameioambiente.sp.gov.br\/wp-content\/uploads\/sites\/233\/2012\/02\/foto-Jos\u00e9-Alves-3x4.jpg\"><img decoding=\"async\" loading=\"lazy\" class=\"alignleft size-thumbnail wp-image-576\" title=\"foto Jos\u00e9 Alves 3x4\" src=\"https:\/\/www.infraestruturameioambiente.sp.gov.br\/wp-content\/uploads\/sites\/233\/2012\/02\/foto-Jos\u00e9-Alves-3x4-150x150.jpg\" alt=\"\" width=\"150\" height=\"150\" \/><\/a><strong>Jos\u00e9 Alves Andrade<\/strong>, graduado, T\u00e9cnico de Apoio \u00e0 Pesquisa Cient\u00edfica e Tecnol\u00f3gica. Graduado em Qu\u00edmica Industrial pela Faculdades Oswaldo Cruz (SP\/S\u00e3o Paulo).<\/p>\n<ul>\n<li>Contato: <a href=\"mailto:joseal@sp.gov.br\">joseal@sp.gov.br<\/a><\/li>\n<li>Curriculo Lattes<\/li>\n<\/ul>\n<p><br class=\"clear\" \/><a href=\"https:\/\/www.infraestruturameioambiente.sp.gov.br\/wp-content\/uploads\/sites\/233\/2012\/02\/foto-Miriam-3x4.jpg\"><img decoding=\"async\" loading=\"lazy\" class=\"alignleft size-thumbnail wp-image-577\" title=\"foto Miriam 3x4\" src=\"https:\/\/www.infraestruturameioambiente.sp.gov.br\/wp-content\/uploads\/sites\/233\/2012\/02\/foto-Miriam-3x4-150x150.jpg\" alt=\"\" width=\"150\" height=\"150\" \/><\/a><strong>Miriam Aranovich<\/strong>, T\u00e9cnica de Apoio a Pesquisa Cient\u00edfica e Tecnol\u00f3gica.<\/p>\n<ul>\n<li>Contato: <a href=\"mailto:miriam.ara@sp.gov.br\">miriam.ara@sp.gov.br<\/a><\/li>\n<li>Curriculo Lattes<\/li>\n<\/ul>\n<p><br class=\"clear\" \/><a href=\"https:\/\/www.infraestruturameioambiente.sp.gov.br\/wp-content\/uploads\/sites\/233\/2012\/02\/foto-Reinaldo-3x4.jpg\"><img decoding=\"async\" loading=\"lazy\" class=\"alignleft size-thumbnail wp-image-578\" title=\"foto Reinaldo 3x4\" src=\"https:\/\/www.infraestruturameioambiente.sp.gov.br\/wp-content\/uploads\/sites\/233\/2012\/02\/foto-Reinaldo-3x4-150x150.jpg\" alt=\"\" width=\"150\" height=\"150\" \/><\/a><strong>Reinaldo Vaz<\/strong>, T\u00e9cnico de Apoio a Pesquisa Cient\u00edfica e Tecnol\u00f3gica.<\/p>\n<ul>\n<li>Contato: <a href=\"mailto:reinaldo@sp.gov.br\">reinaldo@sp.gov.br<\/a><\/li>\n<li>Curriculo Lattes<\/li>\n<\/ul>\n<p><br class=\"clear\" \/><a href=\"https:\/\/www.infraestruturameioambiente.sp.gov.br\/wp-content\/uploads\/sites\/233\/2012\/02\/foto-Ivete-3x4.jpg\"><img decoding=\"async\" loading=\"lazy\" class=\"alignleft size-thumbnail wp-image-575\" title=\"foto Ivete 3x4\" src=\"https:\/\/www.infraestruturameioambiente.sp.gov.br\/wp-content\/uploads\/sites\/233\/2012\/02\/foto-Ivete-3x4-150x150.jpg\" alt=\"\" width=\"150\" height=\"150\" \/><\/a><strong>Geovani Ferreira<\/strong>, graduado, Assistente T\u00e9cnico de Pesquisa Cient\u00edfica e Tecnol\u00f3gica.\u00a0Graduado em Qu\u00edmica na Faculdades Oswaldo Cruz (SP\/S\u00e3o Paulo).<\/p>\n<ul>\n<li>Contato: <a href=\"mailto:geovani@sp.gov.br\">geovani@sp.gov.br<\/a><\/li>\n<li>Curriculo Lattes<\/li>\n<\/ul>\n","protected":false},"excerpt":{"rendered":"<p>Ivete Costa da Silva, graduada, Assistente T\u00e9cnico de Pesquisa Cient\u00edfica e Tecnol\u00f3gica. Graduada em Qu\u00edmica pela Universidade Presbiteriana Mackenzie (SP\/S\u00e3o Paulo). Contato: ivete@sp.gov.br Curriculo Lattes Jos\u00e9 Alves Andrade, graduado, T\u00e9cnico de Apoio \u00e0 Pesquisa Cient\u00edfica e Tecnol\u00f3gica. Graduado em Qu\u00edmica Industrial pela Faculdades Oswaldo Cruz (SP\/S\u00e3o Paulo). Contato: joseal@sp.gov.br Curriculo Lattes Miriam Aranovich, T\u00e9cnica de [&hellip;]<\/p>\n","protected":false},"author":8,"featured_media":0,"parent":166,"menu_order":1,"comment_status":"open","ping_status":"closed","template":"","meta":[],"_links":{"self":[{"href":"https:\/\/www.infraestruturameioambiente.sp.gov.br\/institutogeologico\/wp-json\/wp\/v2\/pages\/168"}],"collection":[{"href":"https:\/\/www.infraestruturameioambiente.sp.gov.br\/institutogeologico\/wp-json\/wp\/v2\/pages"}],"about":[{"href":"https:\/\/www.infraestruturameioambiente.sp.gov.br\/institutogeologico\/wp-json\/wp\/v2\/types\/page"}],"author":[{"embeddable":true,"href":"https:\/\/www.infraestruturameioambiente.sp.gov.br\/institutogeologico\/wp-json\/wp\/v2\/users\/8"}],"replies":[{"embeddable":true,"href":"https:\/\/www.infraestruturameioambiente.sp.gov.br\/institutogeologico\/wp-json\/wp\/v2\/comments?post=168"}],"version-history":[{"count":13,"href":"https:\/\/www.infraestruturameioambiente.sp.gov.br\/institutogeologico\/wp-json\/wp\/v2\/pages\/168\/revisions"}],"predecessor-version":[{"id":10796,"href":"https:\/\/www.infraestruturameioambiente.sp.gov.br\/institutogeologico\/wp-json\/wp\/v2\/pages\/168\/revisions\/10796"}],"up":[{"embeddable":true,"href":"https:\/\/www.infraestruturameioambiente.sp.gov.br\/institutogeologico\/wp-json\/wp\/v2\/pages\/166"}],"wp:attachment":[{"href":"https:\/\/www.infraestruturameioambiente.sp.gov.br\/institutogeologico\/wp-json\/wp\/v2\/media?parent=168"}],"curies":[{"name":"wp","href":"https:\/\/api.w.org\/{rel}","templated":true}]}}