{"id":160,"date":"2012-02-29T12:15:31","date_gmt":"2012-02-29T15:15:31","guid":{"rendered":"https:\/\/www.infraestruturameioambiente.sp.gov.br\/institutogeologico\/?page_id=160"},"modified":"2017-03-13T14:47:37","modified_gmt":"2017-03-13T17:47:37","slug":"equipe","status":"publish","type":"page","link":"https:\/\/www.infraestruturameioambiente.sp.gov.br\/institutogeologico\/pesquisas-em-geociencias\/dinamica-de-uso-e-ocupacao-territorial\/equipe\/","title":{"rendered":"Equipe"},"content":{"rendered":"<p><a href=\"https:\/\/www.infraestruturameioambiente.sp.gov.br\/wp-content\/uploads\/sites\/233\/2012\/02\/foto-Denise-3x4.jpg\"><img decoding=\"async\" loading=\"lazy\" class=\"alignleft size-thumbnail wp-image-569\" title=\"foto Denise 3x4\" src=\"https:\/\/www.infraestruturameioambiente.sp.gov.br\/wp-content\/uploads\/sites\/233\/2012\/02\/foto-Denise-3x4-150x150.jpg\" alt=\"\" width=\"150\" height=\"150\" \/><\/a><strong>Denise Rossini Penteado<\/strong>, Mestre, Pesquisadora Cient\u00edfica V. Ge\u00f3grafa.\u00a0 Mestre em Geografia na \u00e1rea de An\u00e1lise da Informa\u00e7\u00e3o Espacial pelo Instituto de Geoci\u00eancias e Ci\u00eancias Exatas (UNESP\/Rio Claro).<\/p>\n<ul>\n<li>Contato: <a href=\"mailto:dpenteado@sp.gov.br\">dpenteado@sp.gov.br<\/a><\/li>\n<li><a href=\"http:\/\/buscatextual.cnpq.br\/buscatextual\/visualizacv.do?id=K4795517Z6\" target=\"blank\">Curriculo Lattes<\/a><\/li>\n<\/ul>\n","protected":false},"excerpt":{"rendered":"<p>Denise Rossini Penteado, Mestre, Pesquisadora Cient\u00edfica V. Ge\u00f3grafa.\u00a0 Mestre em Geografia na \u00e1rea de An\u00e1lise da Informa\u00e7\u00e3o Espacial pelo Instituto de Geoci\u00eancias e Ci\u00eancias Exatas (UNESP\/Rio Claro). Contato: dpenteado@sp.gov.br Curriculo Lattes<\/p>\n","protected":false},"author":25,"featured_media":0,"parent":158,"menu_order":1,"comment_status":"open","ping_status":"closed","template":"","meta":[],"_links":{"self":[{"href":"https:\/\/www.infraestruturameioambiente.sp.gov.br\/institutogeologico\/wp-json\/wp\/v2\/pages\/160"}],"collection":[{"href":"https:\/\/www.infraestruturameioambiente.sp.gov.br\/institutogeologico\/wp-json\/wp\/v2\/pages"}],"about":[{"href":"https:\/\/www.infraestruturameioambiente.sp.gov.br\/institutogeologico\/wp-json\/wp\/v2\/types\/page"}],"author":[{"embeddable":true,"href":"https:\/\/www.infraestruturameioambiente.sp.gov.br\/institutogeologico\/wp-json\/wp\/v2\/users\/25"}],"replies":[{"embeddable":true,"href":"https:\/\/www.infraestruturameioambiente.sp.gov.br\/institutogeologico\/wp-json\/wp\/v2\/comments?post=160"}],"version-history":[{"count":14,"href":"https:\/\/www.infraestruturameioambiente.sp.gov.br\/institutogeologico\/wp-json\/wp\/v2\/pages\/160\/revisions"}],"predecessor-version":[{"id":10795,"href":"https:\/\/www.infraestruturameioambiente.sp.gov.br\/institutogeologico\/wp-json\/wp\/v2\/pages\/160\/revisions\/10795"}],"up":[{"embeddable":true,"href":"https:\/\/www.infraestruturameioambiente.sp.gov.br\/institutogeologico\/wp-json\/wp\/v2\/pages\/158"}],"wp:attachment":[{"href":"https:\/\/www.infraestruturameioambiente.sp.gov.br\/institutogeologico\/wp-json\/wp\/v2\/media?parent=160"}],"curies":[{"name":"wp","href":"https:\/\/api.w.org\/{rel}","templated":true}]}}