{"id":158,"date":"2012-02-29T12:15:06","date_gmt":"2012-02-29T15:15:06","guid":{"rendered":"https:\/\/www.infraestruturameioambiente.sp.gov.br\/institutogeologico\/?page_id=158"},"modified":"2023-04-27T12:41:38","modified_gmt":"2023-04-27T15:41:38","slug":"dinamica-de-uso-e-ocupacao-territorial","status":"publish","type":"page","link":"https:\/\/www.infraestruturameioambiente.sp.gov.br\/institutogeologico\/pesquisas-em-geociencias\/dinamica-de-uso-e-ocupacao-territorial\/","title":{"rendered":"Din\u00e2mica de uso e ocupa\u00e7\u00e3o territorial"},"content":{"rendered":"<p style=\"text-align: justify\">O N\u00facleo de Din\u00e2mica de Uso e Ocupa\u00e7\u00e3o Territorial realiza pesquisas voltadas ao desenvolvimento de m\u00e9todos e t\u00e9cnicas de mapeamento de uso e ocupa\u00e7\u00e3o do territ\u00f3rio, suas formas, din\u00e2mica associada e implica\u00e7\u00f5es geoambientais, visando subsidiar o planejamento regional e urbano, bem como contribuir para a defini\u00e7\u00e3o de normas e crit\u00e9rios de ordenamento territorial e a formula\u00e7\u00e3o de pol\u00edticas p\u00fablicas e de outros instrumentos de gest\u00e3o ambiental.<\/p>\n<p style=\"text-align: justify\"><strong>Linhas de Pesquisa:<\/strong> uso da terra; padr\u00e3o da ocupa\u00e7\u00e3o rural e urbana; expans\u00e3o urbana; an\u00e1lise espacial em SIG; an\u00e1lise ambiental; geocartografia;\u00a0 planejamento urbano; ordenamento territorial e gest\u00e3o ambiental.<\/p>\n<p><strong>A\u00e7\u00f5es em andamento:<\/strong> a\u00e7\u00f5es de subs\u00eddio ao planejamento urbano no Estado de S\u00e3o Paulo.<\/p>\n","protected":false},"excerpt":{"rendered":"<p>O N\u00facleo de Din\u00e2mica de Uso e Ocupa\u00e7\u00e3o Territorial realiza pesquisas voltadas ao desenvolvimento de m\u00e9todos e t\u00e9cnicas de mapeamento de uso e ocupa\u00e7\u00e3o do territ\u00f3rio, suas formas, din\u00e2mica associada e implica\u00e7\u00f5es geoambientais, visando subsidiar o planejamento regional e urbano, bem como contribuir para a defini\u00e7\u00e3o de normas e crit\u00e9rios de ordenamento territorial e a [&hellip;]<\/p>\n","protected":false},"author":8,"featured_media":0,"parent":32,"menu_order":8,"comment_status":"open","ping_status":"open","template":"","meta":[],"_links":{"self":[{"href":"https:\/\/www.infraestruturameioambiente.sp.gov.br\/institutogeologico\/wp-json\/wp\/v2\/pages\/158"}],"collection":[{"href":"https:\/\/www.infraestruturameioambiente.sp.gov.br\/institutogeologico\/wp-json\/wp\/v2\/pages"}],"about":[{"href":"https:\/\/www.infraestruturameioambiente.sp.gov.br\/institutogeologico\/wp-json\/wp\/v2\/types\/page"}],"author":[{"embeddable":true,"href":"https:\/\/www.infraestruturameioambiente.sp.gov.br\/institutogeologico\/wp-json\/wp\/v2\/users\/8"}],"replies":[{"embeddable":true,"href":"https:\/\/www.infraestruturameioambiente.sp.gov.br\/institutogeologico\/wp-json\/wp\/v2\/comments?post=158"}],"version-history":[{"count":10,"href":"https:\/\/www.infraestruturameioambiente.sp.gov.br\/institutogeologico\/wp-json\/wp\/v2\/pages\/158\/revisions"}],"predecessor-version":[{"id":14062,"href":"https:\/\/www.infraestruturameioambiente.sp.gov.br\/institutogeologico\/wp-json\/wp\/v2\/pages\/158\/revisions\/14062"}],"up":[{"embeddable":true,"href":"https:\/\/www.infraestruturameioambiente.sp.gov.br\/institutogeologico\/wp-json\/wp\/v2\/pages\/32"}],"wp:attachment":[{"href":"https:\/\/www.infraestruturameioambiente.sp.gov.br\/institutogeologico\/wp-json\/wp\/v2\/media?parent=158"}],"curies":[{"name":"wp","href":"https:\/\/api.w.org\/{rel}","templated":true}]}}