{"id":152,"date":"2012-02-29T12:13:00","date_gmt":"2012-02-29T15:13:00","guid":{"rendered":"https:\/\/www.infraestruturameioambiente.sp.gov.br\/institutogeologico\/?page_id=152"},"modified":"2017-03-13T14:47:11","modified_gmt":"2017-03-13T17:47:11","slug":"equipe","status":"publish","type":"page","link":"https:\/\/www.infraestruturameioambiente.sp.gov.br\/institutogeologico\/pesquisas-em-geociencias\/climatologia\/equipe\/","title":{"rendered":"Equipe"},"content":{"rendered":"<p><a href=\"https:\/\/www.infraestruturameioambiente.sp.gov.br\/wp-content\/uploads\/sites\/233\/2012\/02\/Foto-Gustavo-3x4.jpg\"><img decoding=\"async\" loading=\"lazy\" class=\"alignleft size-thumbnail wp-image-560\" title=\"Foto Gustavo 3x4\" src=\"https:\/\/www.infraestruturameioambiente.sp.gov.br\/wp-content\/uploads\/sites\/233\/2012\/02\/Foto-Gustavo-3x4-150x150.jpg\" alt=\"\" width=\"150\" height=\"150\" \/><\/a><strong>Gustavo Armani<\/strong>, Doutor, Pesquisador Cient\u00edfico IV. Ge\u00f3grafo. Mestre e Doutor em Ci\u00eancias na \u00e1rea de Geografia F\u00edsica &#8211; Climatologia pela Faculdade de Filosofia, Letras e Ci\u00eancias Humanas da Universidade de S\u00e3o Paulo (FFLCH\/USP).<\/p>\n<ul>\n<li>Contato: <a href=\"mailto:gustavo@sp.gov.br\">gustavo@sp.gov.br<\/a><\/li>\n<li><a href=\"http:\/\/buscatextual.cnpq.br\/buscatextual\/visualizacv.do?id=K4746997H6\" target=\"blank\">Curriculo Lattes<\/a><\/li>\n<\/ul>\n<p><br class=\"clear\" \/><a href=\"https:\/\/www.infraestruturameioambiente.sp.gov.br\/wp-content\/uploads\/sites\/233\/2012\/02\/foto-Mirian-3x4.jpg\"><img decoding=\"async\" loading=\"lazy\" class=\"alignleft size-thumbnail wp-image-561\" title=\"foto Mirian 3x4\" src=\"https:\/\/www.infraestruturameioambiente.sp.gov.br\/wp-content\/uploads\/sites\/233\/2012\/02\/foto-Mirian-3x4-150x150.jpg\" alt=\"\" width=\"150\" height=\"150\" \/><\/a><strong>Mirian Ramos Gutjahr<\/strong>, Doutora, Pesquisadora Cient\u00edfica V. Ge\u00f3grafa. Mestre e Doutora em Ci\u00eancias na \u00e1rea de Geografia F\u00edsica &#8211; Climatologia pela Faculdade de Filosofia, Letras e Ci\u00eancias Humanas da Universidade de S\u00e3o Paulo (FFLCH\/USP).<\/p>\n<ul>\n<li>Contato: <a href=\"mailto:mgutjahr@sp.gov.br\">mgutjahr@sp.gov.br<\/a><\/li>\n<li><a href=\"http:\/\/lattes.cnpq.br\/2154826694219504\" target=\"blank\">Curriculo Lattes<\/a><\/li>\n<\/ul>\n<p><br class=\"clear\" \/><a href=\"https:\/\/www.infraestruturameioambiente.sp.gov.br\/wp-content\/uploads\/sites\/233\/2012\/02\/foto-Cristina-3x4.jpg\"><img decoding=\"async\" loading=\"lazy\" class=\" wp-image-568 alignleft\" src=\"https:\/\/www.infraestruturameioambiente.sp.gov.br\/wp-content\/uploads\/sites\/233\/2012\/02\/foto-Cristina-3x4-257x300.jpg\" alt=\"foto Cristina 3x4\" width=\"152\" height=\"178\" srcset=\"https:\/\/www.infraestruturameioambiente.sp.gov.br\/institutogeologico\/wp-content\/uploads\/sites\/233\/2012\/02\/foto-Cristina-3x4-257x300.jpg 257w, https:\/\/www.infraestruturameioambiente.sp.gov.br\/institutogeologico\/wp-content\/uploads\/sites\/233\/2012\/02\/foto-Cristina-3x4-231x270.jpg 231w, https:\/\/www.infraestruturameioambiente.sp.gov.br\/institutogeologico\/wp-content\/uploads\/sites\/233\/2012\/02\/foto-Cristina-3x4-133x155.jpg 133w, https:\/\/www.infraestruturameioambiente.sp.gov.br\/institutogeologico\/wp-content\/uploads\/sites\/233\/2012\/02\/foto-Cristina-3x4-83x97.jpg 83w, https:\/\/www.infraestruturameioambiente.sp.gov.br\/institutogeologico\/wp-content\/uploads\/sites\/233\/2012\/02\/foto-Cristina-3x4-58x68.jpg 58w, https:\/\/www.infraestruturameioambiente.sp.gov.br\/institutogeologico\/wp-content\/uploads\/sites\/233\/2012\/02\/foto-Cristina-3x4-172x201.jpg 172w, https:\/\/www.infraestruturameioambiente.sp.gov.br\/institutogeologico\/wp-content\/uploads\/sites\/233\/2012\/02\/foto-Cristina-3x4-110x129.jpg 110w, https:\/\/www.infraestruturameioambiente.sp.gov.br\/institutogeologico\/wp-content\/uploads\/sites\/233\/2012\/02\/foto-Cristina-3x4-85x99.jpg 85w, https:\/\/www.infraestruturameioambiente.sp.gov.br\/institutogeologico\/wp-content\/uploads\/sites\/233\/2012\/02\/foto-Cristina-3x4-60x70.jpg 60w, https:\/\/www.infraestruturameioambiente.sp.gov.br\/institutogeologico\/wp-content\/uploads\/sites\/233\/2012\/02\/foto-Cristina-3x4.jpg 354w\" sizes=\"(max-width: 152px) 100vw, 152px\" \/><\/a><strong>Renato Tavares<\/strong>, Pesquisador Cient\u00edfico V. Ge\u00f3grafo. Mestre em Ci\u00eancias \u2013 Geografia F\u00edsica pela Faculdade de Filosofia, Letras e Ci\u00eancias Humanas da Universidade de S\u00e3o Paulo (FFLCH\/USP). Doutor em Geografia pela Universidade Federal do Paran\u00e1 (UFPR\/Curitiba).<\/p>\n<ul>\n<li>Contato: <a href=\"mailto:rtavares@sp.gov.br\">rtavares@sp.gov.br<\/a><\/li>\n<li><a href=\"http:\/\/buscatextual.cnpq.br\/buscatextual\/visualizacv.do?id=K4782740Y0\" target=\"blank\">Curriculo Lattes<\/a><\/li>\n<\/ul>\n","protected":false},"excerpt":{"rendered":"<p>Gustavo Armani, Doutor, Pesquisador Cient\u00edfico IV. Ge\u00f3grafo. Mestre e Doutor em Ci\u00eancias na \u00e1rea de Geografia F\u00edsica &#8211; Climatologia pela Faculdade de Filosofia, Letras e Ci\u00eancias Humanas da Universidade de S\u00e3o Paulo (FFLCH\/USP). Contato: gustavo@sp.gov.br Curriculo Lattes Mirian Ramos Gutjahr, Doutora, Pesquisadora Cient\u00edfica V. Ge\u00f3grafa. Mestre e Doutora em Ci\u00eancias na \u00e1rea de Geografia F\u00edsica [&hellip;]<\/p>\n","protected":false},"author":25,"featured_media":0,"parent":150,"menu_order":1,"comment_status":"open","ping_status":"open","template":"","meta":[],"_links":{"self":[{"href":"https:\/\/www.infraestruturameioambiente.sp.gov.br\/institutogeologico\/wp-json\/wp\/v2\/pages\/152"}],"collection":[{"href":"https:\/\/www.infraestruturameioambiente.sp.gov.br\/institutogeologico\/wp-json\/wp\/v2\/pages"}],"about":[{"href":"https:\/\/www.infraestruturameioambiente.sp.gov.br\/institutogeologico\/wp-json\/wp\/v2\/types\/page"}],"author":[{"embeddable":true,"href":"https:\/\/www.infraestruturameioambiente.sp.gov.br\/institutogeologico\/wp-json\/wp\/v2\/users\/25"}],"replies":[{"embeddable":true,"href":"https:\/\/www.infraestruturameioambiente.sp.gov.br\/institutogeologico\/wp-json\/wp\/v2\/comments?post=152"}],"version-history":[{"count":13,"href":"https:\/\/www.infraestruturameioambiente.sp.gov.br\/institutogeologico\/wp-json\/wp\/v2\/pages\/152\/revisions"}],"predecessor-version":[{"id":10794,"href":"https:\/\/www.infraestruturameioambiente.sp.gov.br\/institutogeologico\/wp-json\/wp\/v2\/pages\/152\/revisions\/10794"}],"up":[{"embeddable":true,"href":"https:\/\/www.infraestruturameioambiente.sp.gov.br\/institutogeologico\/wp-json\/wp\/v2\/pages\/150"}],"wp:attachment":[{"href":"https:\/\/www.infraestruturameioambiente.sp.gov.br\/institutogeologico\/wp-json\/wp\/v2\/media?parent=152"}],"curies":[{"name":"wp","href":"https:\/\/api.w.org\/{rel}","templated":true}]}}