{"id":150,"date":"2012-02-29T12:12:18","date_gmt":"2012-02-29T15:12:18","guid":{"rendered":"https:\/\/www.infraestruturameioambiente.sp.gov.br\/institutogeologico\/?page_id=150"},"modified":"2023-04-27T12:40:09","modified_gmt":"2023-04-27T15:40:09","slug":"climatologia","status":"publish","type":"page","link":"https:\/\/www.infraestruturameioambiente.sp.gov.br\/institutogeologico\/pesquisas-em-geociencias\/climatologia\/","title":{"rendered":"Climatologia"},"content":{"rendered":"<p style=\"text-align: justify\">O N\u00facleo de Climatologia realiza pesquisas sobre o clima nas diversas regi\u00f5es do Estado de S\u00e3o Paulo, dentre as diversas varia\u00e7\u00f5es dos elementos do clima, como chuva, temperatura, vento, e outros elementos mais raros, como granizo, geadas, entre outros. Estudos os impactos de origem clim\u00e1tica que causam danos nos meios f\u00edsico e socioecon\u00f4mico, tais como tempestades e enchentes.<\/p>\n<p><strong>Linhas de Pesquisa:<\/strong> Geografia F\u00edsica, Climatologia Geogr\u00e1fica e Desastres Naturais.<\/p>\n<p style=\"text-align: justify\"><strong>A\u00e7\u00f5es em andamento:<\/strong> an\u00e1lise microclim\u00e1tica de unidades de conserva\u00e7\u00e3o, levantamento hist\u00f3rico de dados clim\u00e1ticos.<\/p>\n","protected":false},"excerpt":{"rendered":"<p>O N\u00facleo de Climatologia realiza pesquisas sobre o clima nas diversas regi\u00f5es do Estado de S\u00e3o Paulo, dentre as diversas varia\u00e7\u00f5es dos elementos do clima, como chuva, temperatura, vento, e outros elementos mais raros, como granizo, geadas, entre outros. Estudos os impactos de origem clim\u00e1tica que causam danos nos meios f\u00edsico e socioecon\u00f4mico, tais como [&hellip;]<\/p>\n","protected":false},"author":8,"featured_media":0,"parent":32,"menu_order":7,"comment_status":"open","ping_status":"open","template":"","meta":[],"_links":{"self":[{"href":"https:\/\/www.infraestruturameioambiente.sp.gov.br\/institutogeologico\/wp-json\/wp\/v2\/pages\/150"}],"collection":[{"href":"https:\/\/www.infraestruturameioambiente.sp.gov.br\/institutogeologico\/wp-json\/wp\/v2\/pages"}],"about":[{"href":"https:\/\/www.infraestruturameioambiente.sp.gov.br\/institutogeologico\/wp-json\/wp\/v2\/types\/page"}],"author":[{"embeddable":true,"href":"https:\/\/www.infraestruturameioambiente.sp.gov.br\/institutogeologico\/wp-json\/wp\/v2\/users\/8"}],"replies":[{"embeddable":true,"href":"https:\/\/www.infraestruturameioambiente.sp.gov.br\/institutogeologico\/wp-json\/wp\/v2\/comments?post=150"}],"version-history":[{"count":13,"href":"https:\/\/www.infraestruturameioambiente.sp.gov.br\/institutogeologico\/wp-json\/wp\/v2\/pages\/150\/revisions"}],"predecessor-version":[{"id":14060,"href":"https:\/\/www.infraestruturameioambiente.sp.gov.br\/institutogeologico\/wp-json\/wp\/v2\/pages\/150\/revisions\/14060"}],"up":[{"embeddable":true,"href":"https:\/\/www.infraestruturameioambiente.sp.gov.br\/institutogeologico\/wp-json\/wp\/v2\/pages\/32"}],"wp:attachment":[{"href":"https:\/\/www.infraestruturameioambiente.sp.gov.br\/institutogeologico\/wp-json\/wp\/v2\/media?parent=150"}],"curies":[{"name":"wp","href":"https:\/\/api.w.org\/{rel}","templated":true}]}}