{"id":142,"date":"2012-02-29T12:10:03","date_gmt":"2012-02-29T15:10:03","guid":{"rendered":"https:\/\/www.infraestruturameioambiente.sp.gov.br\/institutogeologico\/?page_id=142"},"modified":"2023-04-27T12:39:03","modified_gmt":"2023-04-27T15:39:03","slug":"geomorfologia","status":"publish","type":"page","link":"https:\/\/www.infraestruturameioambiente.sp.gov.br\/institutogeologico\/pesquisas-em-geociencias\/geomorfologia\/","title":{"rendered":"Geomorfologia"},"content":{"rendered":"<p style=\"text-align: justify\">O N\u00facleo de Geomorfologia realiza pesquisas sobre a g\u00eanese e evolu\u00e7\u00e3o das formas de relevo e dos processos morfogen\u00e9ticos atuais, essencial ao melhor enfoque dos problemas ambientais. O conhecimento geomorfol\u00f3gico do Estado de S\u00e3o Paulo fornece subs\u00eddios t\u00e9cnicos para orientar a ocupa\u00e7\u00e3o humana dos espa\u00e7os naturais e ajudar na resolu\u00e7\u00e3o dos problemas causados pelos desequil\u00edbrios geoecol\u00f3gicos criados pela interfer\u00eancia do homem.<\/p>\n<p style=\"text-align: justify\"><strong>Linhas de Pesquisa:<\/strong> din\u00e2mica dos sistemas c\u00e1rsticos, processos morfogen\u00e9ticos atuais, compartimenta\u00e7\u00e3o geomorfol\u00f3gica e forma\u00e7\u00f5es superficiais, intera\u00e7\u00e3o entre tect\u00f4nica e morfog\u00eanese, paleoclimatologia e paleogeografia, cartografia geomorfol\u00f3gica aplicada ao planejamento ambiental.<\/p>\n<p style=\"text-align: justify\"><strong>A\u00e7\u00f5es em andamento:<\/strong>\u00a0atualmente o n\u00facleo desenvolve trabalhos relacionados aos seguintes temas: din\u00e2mica hidrol\u00f3gica de sistemas c\u00e1rsticos na regi\u00e3o do Vale do Ribeira, estudos paleogeogr\u00e1ficos das cimeiras do sudeste do Brasil, din\u00e2mica de processos geomorfol\u00f3gicos atuais na Serra do Mar e subs\u00eddios t\u00e9cnicos para aplica\u00e7\u00e3o de legisla\u00e7\u00e3o ambiental em n\u00edvel estadual e federal. O n\u00facleo \u00e9 respons\u00e1vel pelo gerenciamento do Banco de Dados Bibliogr\u00e1ficos da Geomorfologia do Estado de S\u00e3o Paulo, dispon\u00edvel para consulta no site do IG.<\/p>\n","protected":false},"excerpt":{"rendered":"<p>O N\u00facleo de Geomorfologia realiza pesquisas sobre a g\u00eanese e evolu\u00e7\u00e3o das formas de relevo e dos processos morfogen\u00e9ticos atuais, essencial ao melhor enfoque dos problemas ambientais. O conhecimento geomorfol\u00f3gico do Estado de S\u00e3o Paulo fornece subs\u00eddios t\u00e9cnicos para orientar a ocupa\u00e7\u00e3o humana dos espa\u00e7os naturais e ajudar na resolu\u00e7\u00e3o dos problemas causados pelos desequil\u00edbrios [&hellip;]<\/p>\n","protected":false},"author":8,"featured_media":0,"parent":32,"menu_order":6,"comment_status":"open","ping_status":"closed","template":"","meta":[],"_links":{"self":[{"href":"https:\/\/www.infraestruturameioambiente.sp.gov.br\/institutogeologico\/wp-json\/wp\/v2\/pages\/142"}],"collection":[{"href":"https:\/\/www.infraestruturameioambiente.sp.gov.br\/institutogeologico\/wp-json\/wp\/v2\/pages"}],"about":[{"href":"https:\/\/www.infraestruturameioambiente.sp.gov.br\/institutogeologico\/wp-json\/wp\/v2\/types\/page"}],"author":[{"embeddable":true,"href":"https:\/\/www.infraestruturameioambiente.sp.gov.br\/institutogeologico\/wp-json\/wp\/v2\/users\/8"}],"replies":[{"embeddable":true,"href":"https:\/\/www.infraestruturameioambiente.sp.gov.br\/institutogeologico\/wp-json\/wp\/v2\/comments?post=142"}],"version-history":[{"count":13,"href":"https:\/\/www.infraestruturameioambiente.sp.gov.br\/institutogeologico\/wp-json\/wp\/v2\/pages\/142\/revisions"}],"predecessor-version":[{"id":14058,"href":"https:\/\/www.infraestruturameioambiente.sp.gov.br\/institutogeologico\/wp-json\/wp\/v2\/pages\/142\/revisions\/14058"}],"up":[{"embeddable":true,"href":"https:\/\/www.infraestruturameioambiente.sp.gov.br\/institutogeologico\/wp-json\/wp\/v2\/pages\/32"}],"wp:attachment":[{"href":"https:\/\/www.infraestruturameioambiente.sp.gov.br\/institutogeologico\/wp-json\/wp\/v2\/media?parent=142"}],"curies":[{"name":"wp","href":"https:\/\/api.w.org\/{rel}","templated":true}]}}