{"id":13044,"date":"2019-05-22T13:48:15","date_gmt":"2019-05-22T16:48:15","guid":{"rendered":"https:\/\/www.infraestruturameioambiente.sp.gov.br\/institutogeologico\/?page_id=13044"},"modified":"2021-05-10T08:38:36","modified_gmt":"2021-05-10T11:38:36","slug":"cadernos-de-resumo","status":"publish","type":"page","link":"https:\/\/www.infraestruturameioambiente.sp.gov.br\/institutogeologico\/publicacoes\/cadernos-de-resumo\/","title":{"rendered":"Cadernos de Resumo"},"content":{"rendered":"<p><strong>(vers\u00e3o on-line &#8211; ISSN: 2525-7722)<\/strong><\/p>\n<p style=\"text-align: justify\">O Caderno de Resumos re\u00fane os resumos (simples ou expandidos) dos trabalhos produzidos pelos bolsistas de Inicia\u00e7\u00e3o Cient\u00edfica, categorias Ensino M\u00e9dio e Ensino Superior, e de seus respectivos orientadores.<\/p>\n<p style=\"text-align: justify\">O Comit\u00ea do Programa Institucional de Bolsas de Inicia\u00e7\u00e3o Cient\u00edfica do Instituto Geol\u00f3gico (PIBIC-IG) organiza anualmente o Semin\u00e1rio de Inicia\u00e7\u00e3o Cient\u00edfica (SICIG), voltado \u00e0 apresenta\u00e7\u00e3o da produ\u00e7\u00e3o cient\u00edfica dos bolsistas PIBIC. O PIBIC \u00e9 um programa do CNPq (Conselho Nacional de Desenvolvimento Cient\u00edfico e Tecnol\u00f3gico), que visa o desenvolvimento do pensamento cient\u00edfico e inicia\u00e7\u00e3o \u00e0 pesquisa de estudantes dos ensinos m\u00e9dio e superior.<\/p>\n<div class=\"wc-gallery\"><div id='gallery-1' data-gutter-width='5' data-columns='3' class='gallery wc-gallery-captions-onhover gallery-link-none gallery-grid galleryid-13044 gallery-columns-3 gallery-size-thumbnail wc-gallery-bottomspace-default wc-gallery-gutter-5 wc-gallery-clear'><div class='gallery-item-wrapper gallery-item-position-1 gallery-item-attachment-13045 gallery-item-column-1'><div class='gallery-item'>\n\t\t\t\t<div class='gallery-item-inner'>\n\t\t\t\t\t<div class='gallery-icon portrait'>\n\t\t\t\t\t\t<img width=\"150\" height=\"150\" src=\"https:\/\/smastr16.blob.core.windows.net\/igeo\/2019\/05\/resumos_ig_4_sic-ig-2014-150x150.jpg\" class=\"attachment-thumbnail size-thumbnail\" alt=\"\" decoding=\"async\" loading=\"lazy\" srcset=\"https:\/\/smastr16.blob.core.windows.net\/igeo\/2019\/05\/resumos_ig_4_sic-ig-2014-150x150.jpg 150w, https:\/\/smastr16.blob.core.windows.net\/igeo\/2019\/05\/resumos_ig_4_sic-ig-2014-48x48.jpg 48w, https:\/\/smastr16.blob.core.windows.net\/igeo\/2019\/05\/resumos_ig_4_sic-ig-2014-300x300.jpg 300w\" sizes=\"(max-width: 150px) 100vw, 150px\" \/>\n\t\t\t\t\t<\/div>\n\t\t\t\t\t\t\t<div class='wp-caption-text gallery-caption'>\n\t\t\t\t\t\t\t\t<p>\n\t\t\t\t\t\t\t\t<a href=\"https:\/\/www.infraestruturameioambiente.sp.gov.br\/wp-content\/uploads\/sites\/233\/2014\/10\/RESUMOS_4_SIC-IG.pdf\"> 4\u00b0SIC-IG &#8211; 2014 <\/a>\n\t\t\t\t\t\t\t\t<\/p>\n\t\t\t\t\t\t\t<\/div><\/div><\/div><\/div><div class='gallery-item-wrapper gallery-item-position-2 gallery-item-attachment-13046 gallery-item-column-2'><div class='gallery-item'>\n\t\t\t\t<div class='gallery-item-inner'>\n\t\t\t\t\t<div class='gallery-icon portrait'>\n\t\t\t\t\t\t<img width=\"150\" height=\"150\" src=\"https:\/\/smastr16.blob.core.windows.net\/igeo\/2019\/05\/resumos_ig_5_sic-ig-2015-150x150.jpg\" class=\"attachment-thumbnail size-thumbnail\" alt=\"\" decoding=\"async\" loading=\"lazy\" srcset=\"https:\/\/smastr16.blob.core.windows.net\/igeo\/2019\/05\/resumos_ig_5_sic-ig-2015-150x150.jpg 150w, https:\/\/smastr16.blob.core.windows.net\/igeo\/2019\/05\/resumos_ig_5_sic-ig-2015-48x48.jpg 48w, https:\/\/smastr16.blob.core.windows.net\/igeo\/2019\/05\/resumos_ig_5_sic-ig-2015-300x300.jpg 300w\" sizes=\"(max-width: 150px) 100vw, 150px\" \/>\n\t\t\t\t\t<\/div>\n\t\t\t\t\t\t\t<div class='wp-caption-text gallery-caption'>\n\t\t\t\t\t\t\t\t<p>\n\t\t\t\t\t\t\t\t<a href=\"https:\/\/www.infraestruturameioambiente.sp.gov.br\/wp-content\/uploads\/sites\/233\/2015\/06\/BoletimIG_20_Resumos_Seminario_Iniciacao_Cientifica.pdf\"> 5\u00b0SIC-IG &#8211; 2015 <\/a>\n\t\t\t\t\t\t\t\t<\/p>\n\t\t\t\t\t\t\t<\/div><\/div><\/div><\/div><div class='gallery-item-wrapper gallery-item-position-3 gallery-item-attachment-13047 gallery-item-column-3 gallery-item-last-column'><div class='gallery-item'>\n\t\t\t\t<div class='gallery-item-inner'>\n\t\t\t\t\t<div class='gallery-icon portrait'>\n\t\t\t\t\t\t<img width=\"150\" height=\"150\" src=\"https:\/\/smastr16.blob.core.windows.net\/igeo\/2019\/05\/resumos_ig_6_sic-ig-2016-150x150.jpg\" class=\"attachment-thumbnail size-thumbnail\" alt=\"\" decoding=\"async\" loading=\"lazy\" srcset=\"https:\/\/smastr16.blob.core.windows.net\/igeo\/2019\/05\/resumos_ig_6_sic-ig-2016-150x150.jpg 150w, https:\/\/smastr16.blob.core.windows.net\/igeo\/2019\/05\/resumos_ig_6_sic-ig-2016-48x48.jpg 48w, https:\/\/smastr16.blob.core.windows.net\/igeo\/2019\/05\/resumos_ig_6_sic-ig-2016-300x300.jpg 300w\" sizes=\"(max-width: 150px) 100vw, 150px\" \/>\n\t\t\t\t\t<\/div>\n\t\t\t\t\t\t\t<div class='wp-caption-text gallery-caption'>\n\t\t\t\t\t\t\t\t<p>\n\t\t\t\t\t\t\t\t<a href=\"https:\/\/www.infraestruturameioambiente.sp.gov.br\/wp-content\/uploads\/sites\/233\/2016\/06\/RESUMOS_6_SIC-IG_2016.pdf\"> 6\u00b0SIC-IG &#8211; 2016 <\/a>\n\t\t\t\t\t\t\t\t<\/p>\n\t\t\t\t\t\t\t<\/div><\/div><\/div><\/div><div class='gallery-item-wrapper gallery-item-position-4 gallery-item-attachment-13048 gallery-item-column-1'><div class='gallery-item'>\n\t\t\t\t<div class='gallery-item-inner'>\n\t\t\t\t\t<div class='gallery-icon portrait'>\n\t\t\t\t\t\t<img width=\"150\" height=\"150\" src=\"https:\/\/smastr16.blob.core.windows.net\/igeo\/2019\/05\/resumos_ig_7_sic-ig-2017-150x150.jpg\" class=\"attachment-thumbnail size-thumbnail\" alt=\"\" decoding=\"async\" loading=\"lazy\" srcset=\"https:\/\/smastr16.blob.core.windows.net\/igeo\/2019\/05\/resumos_ig_7_sic-ig-2017-150x150.jpg 150w, https:\/\/smastr16.blob.core.windows.net\/igeo\/2019\/05\/resumos_ig_7_sic-ig-2017-48x48.jpg 48w, https:\/\/smastr16.blob.core.windows.net\/igeo\/2019\/05\/resumos_ig_7_sic-ig-2017-300x300.jpg 300w\" sizes=\"(max-width: 150px) 100vw, 150px\" \/>\n\t\t\t\t\t<\/div>\n\t\t\t\t\t\t\t<div class='wp-caption-text gallery-caption'>\n\t\t\t\t\t\t\t\t<p>\n\t\t\t\t\t\t\t\t<a href=\"https:\/\/www.infraestruturameioambiente.sp.gov.br\/wp-content\/uploads\/sites\/233\/2018\/02\/RESUMOS_7-SIC-IG_2016.pdf\"> 7\u00b0SIC-IG &#8211; 2017 <\/a>\n\t\t\t\t\t\t\t\t<\/p>\n\t\t\t\t\t\t\t<\/div><\/div><\/div><\/div><div class='gallery-item-wrapper gallery-item-position-5 gallery-item-attachment-13049 gallery-item-column-2'><div class='gallery-item'>\n\t\t\t\t<div class='gallery-item-inner'>\n\t\t\t\t\t<div class='gallery-icon portrait'>\n\t\t\t\t\t\t<img width=\"150\" height=\"150\" src=\"https:\/\/smastr16.blob.core.windows.net\/igeo\/2019\/05\/resumos_ig_8_sic-ig-2018-150x150.jpg\" class=\"attachment-thumbnail size-thumbnail\" alt=\"\" decoding=\"async\" loading=\"lazy\" srcset=\"https:\/\/smastr16.blob.core.windows.net\/igeo\/2019\/05\/resumos_ig_8_sic-ig-2018-150x150.jpg 150w, https:\/\/smastr16.blob.core.windows.net\/igeo\/2019\/05\/resumos_ig_8_sic-ig-2018-48x48.jpg 48w, https:\/\/smastr16.blob.core.windows.net\/igeo\/2019\/05\/resumos_ig_8_sic-ig-2018-300x300.jpg 300w\" sizes=\"(max-width: 150px) 100vw, 150px\" \/>\n\t\t\t\t\t<\/div>\n\t\t\t\t\t\t\t<div class='wp-caption-text gallery-caption'>\n\t\t\t\t\t\t\t\t<p>\n\t\t\t\t\t\t\t\t<a href=\"https:\/\/smastr16.blob.core.windows.net\/igeo\/2019\/05\/livro_pibic_2018_final_i.pdf\"> 8\u00b0SIC-IG &#8211; 2018 <\/a>\n\t\t\t\t\t\t\t\t<\/p>\n\t\t\t\t\t\t\t<\/div><\/div><\/div><\/div><div class='gallery-item-wrapper gallery-item-position-6 gallery-item-attachment-13461 gallery-item-column-3 gallery-item-last-column'><div class='gallery-item'>\n\t\t\t\t<div class='gallery-item-inner'>\n\t\t\t\t\t<div class='gallery-icon portrait'>\n\t\t\t\t\t\t<img width=\"150\" height=\"150\" src=\"https:\/\/smastr16.blob.core.windows.net\/igeo\/sites\/233\/2020\/06\/resumos_ig_9_sic-ig-2019-150x150.jpg\" class=\"attachment-thumbnail size-thumbnail\" alt=\"\" decoding=\"async\" loading=\"lazy\" srcset=\"https:\/\/smastr16.blob.core.windows.net\/igeo\/sites\/233\/2020\/06\/resumos_ig_9_sic-ig-2019-150x150.jpg 150w, https:\/\/smastr16.blob.core.windows.net\/igeo\/sites\/233\/2020\/06\/resumos_ig_9_sic-ig-2019-48x48.jpg 48w, https:\/\/smastr16.blob.core.windows.net\/igeo\/sites\/233\/2020\/06\/resumos_ig_9_sic-ig-2019-300x300.jpg 300w\" sizes=\"(max-width: 150px) 100vw, 150px\" \/>\n\t\t\t\t\t<\/div>\n\t\t\t\t\t\t\t<div class='wp-caption-text gallery-caption'>\n\t\t\t\t\t\t\t\t<p>\n\t\t\t\t\t\t\t\t<a href=\"https:\/\/smastr16.blob.core.windows.net\/igeo\/sites\/233\/2020\/06\/resumos_ig_9_sic-ig-2019.pdf\">  9\u00b0SIC-IG &#8211; 2019 <\/a>\n\t\t\t\t\t\t\t\t<\/p>\n\t\t\t\t\t\t\t<\/div><\/div><\/div><\/div><div class='gallery-item-wrapper gallery-item-position-7 gallery-item-attachment-13781 gallery-item-column-1'><div class='gallery-item'>\n\t\t\t\t<div class='gallery-item-inner'>\n\t\t\t\t\t<div class='gallery-icon portrait'>\n\t\t\t\t\t\t<img width=\"150\" height=\"150\" src=\"https:\/\/smastr16.blob.core.windows.net\/igeo\/sites\/233\/2021\/05\/10cadernoresumopibic-150x150.jpg\" class=\"attachment-thumbnail size-thumbnail\" alt=\"\" decoding=\"async\" loading=\"lazy\" srcset=\"https:\/\/smastr16.blob.core.windows.net\/igeo\/sites\/233\/2021\/05\/10cadernoresumopibic-150x150.jpg 150w, https:\/\/smastr16.blob.core.windows.net\/igeo\/sites\/233\/2021\/05\/10cadernoresumopibic-48x48.jpg 48w, https:\/\/smastr16.blob.core.windows.net\/igeo\/sites\/233\/2021\/05\/10cadernoresumopibic-300x300.jpg 300w\" sizes=\"(max-width: 150px) 100vw, 150px\" \/>\n\t\t\t\t\t<\/div>\n\t\t\t\t\t\t\t<div class='wp-caption-text gallery-caption'>\n\t\t\t\t\t\t\t\t<p>\n\t\t\t\t\t\t\t\t<a href=\"https:\/\/smastr16.blob.core.windows.net\/igeo\/sites\/233\/2021\/05\/caderno_resumos_10o_sic_ig_2020.pdf\">  10\u00b0SIC-IG &#8211; 2020 <\/a>\n\t\t\t\t\t\t\t\t<\/p>\n\t\t\t\t\t\t\t<\/div><\/div><\/div><\/div><\/div>\n<\/div>\n<p>&nbsp;<\/p>\n<ul>\n<li><a href=\"https:\/\/www.infraestruturameioambiente.sp.gov.br\/wp-content\/uploads\/sites\/233\/2014\/10\/RESUMOS_4_SIC-IG.pdf\">4\u00ba Caderno de Resumo do Semin\u00e1rio de Inicia\u00e7\u00e3o Cient\u00edfica do Instituto Geol\u00f3gico &#8211; 2014<\/a><\/li>\n<li><a href=\"https:\/\/www.infraestruturameioambiente.sp.gov.br\/wp-content\/uploads\/sites\/233\/2015\/06\/BoletimIG_20_Resumos_Seminario_Iniciacao_Cientifica.pdf\">5\u00ba Caderno de Resumo do Semin\u00e1rio de Inicia\u00e7\u00e3o Cient\u00edfica do Instituto Geol\u00f3gico &#8211; 2015<\/a><\/li>\n<li><a href=\"https:\/\/www.infraestruturameioambiente.sp.gov.br\/wp-content\/uploads\/sites\/233\/2016\/06\/RESUMOS_6_SIC-IG_2016.pdf\">6\u00ba Caderno de Resumo do Semin\u00e1rio de Inicia\u00e7\u00e3o Cient\u00edfica do Instituto Geol\u00f3gico &#8211; 2016<\/a><\/li>\n<li><a href=\"https:\/\/www.infraestruturameioambiente.sp.gov.br\/wp-content\/uploads\/sites\/233\/2018\/02\/RESUMOS_7-SIC-IG_2016.pdf\">7\u00ba Caderno de Resumo do Semin\u00e1rio de Inicia\u00e7\u00e3o Cient\u00edfica do Instituto Geol\u00f3gico &#8211; 2017<\/a><\/li>\n<li><a href=\"https:\/\/smastr16.blob.core.windows.net\/igeo\/2019\/05\/livro_pibic_2018_final_i.pdf\">8\u00ba Caderno de Resumo do Semin\u00e1rio de Inicia\u00e7\u00e3o Cient\u00edfica do Instituto Geol\u00f3gico &#8211; 2018<\/a><\/li>\n<li><a href=\"https:\/\/smastr16.blob.core.windows.net\/igeo\/sites\/233\/2020\/06\/resumos_ig_9_sic-ig-2019.pdf\">9\u00ba Caderno de Resumo do Semin\u00e1rio de Inicia\u00e7\u00e3o Cient\u00edfica do Instituto Geol\u00f3gico &#8211; 2019<\/a><\/li>\n<li><a href=\"https:\/\/smastr16.blob.core.windows.net\/igeo\/sites\/233\/2021\/05\/caderno_resumos_10o_sic_ig_2020.pdf\">10\u00ba Caderno de Resumo do Semin\u00e1rio de Inicia\u00e7\u00e3o Cient\u00edfica do Instituto Geol\u00f3gico &#8211; 2020<\/a><\/li>\n<\/ul>\n","protected":false},"excerpt":{"rendered":"<p>(vers\u00e3o on-line &#8211; ISSN: 2525-7722) O Caderno de Resumos re\u00fane os resumos (simples ou expandidos) dos trabalhos produzidos pelos bolsistas de Inicia\u00e7\u00e3o Cient\u00edfica, categorias Ensino M\u00e9dio e Ensino Superior, e de seus respectivos orientadores. O Comit\u00ea do Programa Institucional de Bolsas de Inicia\u00e7\u00e3o Cient\u00edfica do Instituto Geol\u00f3gico (PIBIC-IG) organiza anualmente o Semin\u00e1rio de Inicia\u00e7\u00e3o Cient\u00edfica [&hellip;]<\/p>\n","protected":false},"author":96,"featured_media":0,"parent":41,"menu_order":0,"comment_status":"closed","ping_status":"closed","template":"","meta":[],"_links":{"self":[{"href":"https:\/\/www.infraestruturameioambiente.sp.gov.br\/institutogeologico\/wp-json\/wp\/v2\/pages\/13044"}],"collection":[{"href":"https:\/\/www.infraestruturameioambiente.sp.gov.br\/institutogeologico\/wp-json\/wp\/v2\/pages"}],"about":[{"href":"https:\/\/www.infraestruturameioambiente.sp.gov.br\/institutogeologico\/wp-json\/wp\/v2\/types\/page"}],"author":[{"embeddable":true,"href":"https:\/\/www.infraestruturameioambiente.sp.gov.br\/institutogeologico\/wp-json\/wp\/v2\/users\/96"}],"replies":[{"embeddable":true,"href":"https:\/\/www.infraestruturameioambiente.sp.gov.br\/institutogeologico\/wp-json\/wp\/v2\/comments?post=13044"}],"version-history":[{"count":10,"href":"https:\/\/www.infraestruturameioambiente.sp.gov.br\/institutogeologico\/wp-json\/wp\/v2\/pages\/13044\/revisions"}],"predecessor-version":[{"id":13782,"href":"https:\/\/www.infraestruturameioambiente.sp.gov.br\/institutogeologico\/wp-json\/wp\/v2\/pages\/13044\/revisions\/13782"}],"up":[{"embeddable":true,"href":"https:\/\/www.infraestruturameioambiente.sp.gov.br\/institutogeologico\/wp-json\/wp\/v2\/pages\/41"}],"wp:attachment":[{"href":"https:\/\/www.infraestruturameioambiente.sp.gov.br\/institutogeologico\/wp-json\/wp\/v2\/media?parent=13044"}],"curies":[{"name":"wp","href":"https:\/\/api.w.org\/{rel}","templated":true}]}}