{"id":126,"date":"2012-02-29T12:05:03","date_gmt":"2012-02-29T15:05:03","guid":{"rendered":"https:\/\/www.infraestruturameioambiente.sp.gov.br\/institutogeologico\/?page_id=126"},"modified":"2023-04-27T12:36:28","modified_gmt":"2023-04-27T15:36:28","slug":"recursos-minerais","status":"publish","type":"page","link":"https:\/\/www.infraestruturameioambiente.sp.gov.br\/institutogeologico\/pesquisas-em-geociencias\/recursos-minerais\/","title":{"rendered":"Recursos Minerais"},"content":{"rendered":"<p style=\"text-align: justify\">O N\u00facleo de Recursos Minerais realiza pesquisas direcionadas \u00e0 caracteriza\u00e7\u00e3o e defini\u00e7\u00e3o de modelos gen\u00e9ticos de recursos minerais; \u00e0 elabora\u00e7\u00e3o e execu\u00e7\u00e3o de projetos de prospec\u00e7\u00e3o sistem\u00e1tica; ao aproveitamento econ\u00f4mico e avalia\u00e7\u00e3o dos impactos ambientais decorrentes da atividade extrativa associada; aos estudos sobre modelos de recupera\u00e7\u00e3o de \u00e1reas degradadas pela minera\u00e7\u00e3o, ao aprimoramento da legisla\u00e7\u00e3o ambiental vigente e \u00e0 formula\u00e7\u00e3o de pol\u00edticas p\u00fablicas de planejamento e ordenamento territorial que contemplem a potencialidade mineral.<\/p>\n<p style=\"text-align: center\">\n<p style=\"text-align: justify\"><strong>Linhas de Pesquisa:<\/strong> Prospec\u00e7\u00e3o sistem\u00e1tica de subst\u00e2ncias minerais; Caracteriza\u00e7\u00e3o e aproveitamento de recursos minerais; Modelos gen\u00e9ticos de dep\u00f3sitos minerais; Planejamento e gest\u00e3o dos recursos minerais; Minera\u00e7\u00e3o e os impactos ambientais associados; Recupera\u00e7\u00e3o de \u00e1reas degradadas pela minera\u00e7\u00e3o.<\/p>\n<p style=\"text-align: justify\"><strong>A\u00e7\u00f5es em andamento:<\/strong> regi\u00e3o do Vale do Para\u00edba \u2013 defini\u00e7\u00e3o de potencialidade de areia para revis\u00e3o do zoneamento ambiental miner\u00e1rio; regi\u00e3o do Vale do Ribeira e Litoral Sul &#8211; participa\u00e7\u00e3o no grupo setorial de gerenciamento do zoneamento ecol\u00f3gico-econ\u00f4mico; regi\u00e3o de Sorocaba \u2013 sistema de informa\u00e7\u00e3o georreferenciada da atividade miner\u00e1ria; revis\u00e3o de legisla\u00e7\u00f5es e normas e procedimentos de minera\u00e7\u00e3o na C\u00e2mara Ambiental de Minera\u00e7\u00e3o da CETESB.<\/p>\n","protected":false},"excerpt":{"rendered":"<p>O N\u00facleo de Recursos Minerais realiza pesquisas direcionadas \u00e0 caracteriza\u00e7\u00e3o e defini\u00e7\u00e3o de modelos gen\u00e9ticos de recursos minerais; \u00e0 elabora\u00e7\u00e3o e execu\u00e7\u00e3o de projetos de prospec\u00e7\u00e3o sistem\u00e1tica; ao aproveitamento econ\u00f4mico e avalia\u00e7\u00e3o dos impactos ambientais decorrentes da atividade extrativa associada; aos estudos sobre modelos de recupera\u00e7\u00e3o de \u00e1reas degradadas pela minera\u00e7\u00e3o, ao aprimoramento da legisla\u00e7\u00e3o [&hellip;]<\/p>\n","protected":false},"author":8,"featured_media":0,"parent":32,"menu_order":4,"comment_status":"open","ping_status":"open","template":"","meta":[],"_links":{"self":[{"href":"https:\/\/www.infraestruturameioambiente.sp.gov.br\/institutogeologico\/wp-json\/wp\/v2\/pages\/126"}],"collection":[{"href":"https:\/\/www.infraestruturameioambiente.sp.gov.br\/institutogeologico\/wp-json\/wp\/v2\/pages"}],"about":[{"href":"https:\/\/www.infraestruturameioambiente.sp.gov.br\/institutogeologico\/wp-json\/wp\/v2\/types\/page"}],"author":[{"embeddable":true,"href":"https:\/\/www.infraestruturameioambiente.sp.gov.br\/institutogeologico\/wp-json\/wp\/v2\/users\/8"}],"replies":[{"embeddable":true,"href":"https:\/\/www.infraestruturameioambiente.sp.gov.br\/institutogeologico\/wp-json\/wp\/v2\/comments?post=126"}],"version-history":[{"count":12,"href":"https:\/\/www.infraestruturameioambiente.sp.gov.br\/institutogeologico\/wp-json\/wp\/v2\/pages\/126\/revisions"}],"predecessor-version":[{"id":14055,"href":"https:\/\/www.infraestruturameioambiente.sp.gov.br\/institutogeologico\/wp-json\/wp\/v2\/pages\/126\/revisions\/14055"}],"up":[{"embeddable":true,"href":"https:\/\/www.infraestruturameioambiente.sp.gov.br\/institutogeologico\/wp-json\/wp\/v2\/pages\/32"}],"wp:attachment":[{"href":"https:\/\/www.infraestruturameioambiente.sp.gov.br\/institutogeologico\/wp-json\/wp\/v2\/media?parent=126"}],"curies":[{"name":"wp","href":"https:\/\/api.w.org\/{rel}","templated":true}]}}