{"id":12043,"date":"2018-03-26T16:43:34","date_gmt":"2018-03-26T19:43:34","guid":{"rendered":"https:\/\/www.infraestruturameioambiente.sp.gov.br\/institutogeologico\/?page_id=12043"},"modified":"2020-11-05T10:57:17","modified_gmt":"2020-11-05T12:57:17","slug":"relatorio-da-comissao-geografica-e-geologica","status":"publish","type":"page","link":"https:\/\/www.infraestruturameioambiente.sp.gov.br\/institutogeologico\/publicacoes\/relatorio-da-comissao-geografica-e-geologica\/","title":{"rendered":"Relat\u00f3rio da Comiss\u00e3o Geogr\u00e1fica  e Geol\u00f3gica"},"content":{"rendered":"<p style=\"text-align: justify\">O Relat\u00f3rio da Comiss\u00e3o Geographica e Geologica \u2013 CGG foi um peri\u00f3dico editado em fasc\u00edculos com designa\u00e7\u00e3o num\u00e9rica e\/ou cronol\u00f3gica, em intervalos pr\u00e9-fixados (periodicidade), por tempo determinado (1889-1930), com a colabora\u00e7\u00e3o de um ou mais autores, tratando de assuntos sobre Geoci\u00eancias e \u00e1reas correlatas. Foram publica\u00e7\u00f5es de conte\u00fado t\u00e9cnico-cient\u00edfico com informa\u00e7\u00f5es baseadas em resultados experimentais ou n\u00e3o, que podiam conter informa\u00e7\u00f5es e\/ou observa\u00e7\u00f5es de cunho cient\u00edfico ou de divulga\u00e7\u00e3o emitindo opini\u00f5es que se apresentam sob a forma de relat\u00f3rio.<\/p>\n<div class=\"wc-gallery\"><div id='gallery-1' data-gutter-width='5' data-columns='3' class='gallery wc-gallery-captions-onhover gallery-link-none gallery-grid galleryid-12043 gallery-columns-3 gallery-size-thumbnail wc-gallery-bottomspace-default wc-gallery-gutter-5 wc-gallery-clear'><div class='gallery-item-wrapper gallery-item-position-1 gallery-item-attachment-12584 gallery-item-column-1'><div class='gallery-item'>\n\t\t\t\t<div class='gallery-item-inner'>\n\t\t\t\t\t<div class='gallery-icon portrait'>\n\t\t\t\t\t\t<img width=\"150\" height=\"150\" src=\"https:\/\/www.infraestruturameioambiente.sp.gov.br\/institutogeologico\/wp-content\/uploads\/sites\/233\/2019\/03\/Relatorio_CGG_Commisao_Geographica_e_Geologica_de_Sao_Paulo-1892-150x150.jpg\" class=\"attachment-thumbnail size-thumbnail\" alt=\"\" decoding=\"async\" loading=\"lazy\" \/>\n\t\t\t\t\t<\/div>\n\t\t\t\t\t\t\t<div class='wp-caption-text gallery-caption'>\n\t\t\t\t\t\t\t\t<p>\n\t\t\t\t\t\t\t\t<a href=\"https:\/\/www.infraestruturameioambiente.sp.gov.br\/institutogeologico\/wp-content\/uploads\/sites\/233\/2019\/03\/Relatorio_CGG_Commisao_Geographica_e_Geologica_de_Sao_Paulo-1892.pdf\"> Rel\u00e1torio da Comiss\u00e3o Geogr\u00e1fica e Geol\u00f3gica de S\u00e3o Paulo &#8211; 1892 (PDF &#8211; 10.8 MB)<\/a>\n\t\t\t\t\t\t\t\t<\/p>\n\t\t\t\t\t\t\t<\/div><\/div><\/div><\/div><div class='gallery-item-wrapper gallery-item-position-2 gallery-item-attachment-12039 gallery-item-column-2'><div class='gallery-item'>\n\t\t\t\t<div class='gallery-item-inner'>\n\t\t\t\t\t<div class='gallery-icon portrait'>\n\t\t\t\t\t\t<img width=\"150\" height=\"150\" src=\"https:\/\/www.infraestruturameioambiente.sp.gov.br\/institutogeologico\/wp-content\/uploads\/sites\/233\/2018\/03\/CAPA_Relatorio_CGG_Exploracao_Dos_Rios_Paranapanema_e_Itapetininga-1889-150x150.jpg\" class=\"attachment-thumbnail size-thumbnail\" alt=\"\" decoding=\"async\" loading=\"lazy\" \/>\n\t\t\t\t\t<\/div>\n\t\t\t\t\t\t\t<div class='wp-caption-text gallery-caption'>\n\t\t\t\t\t\t\t\t<p>\n\t\t\t\t\t\t\t\t<a href=\"https:\/\/smastr16.blob.core.windows.net\/igeo\/2019\/05\/relatorio_cgg_exploracao_rios_paranapanema_e_itapetininga_1889.pdf\"> Relat\u00f3rio de Explora\u00e7\u00e3o dos Rios Paranapanema e Itapetininga &#8211; 1889 (PDF &#8211; 20.4 MB)<\/a>\n\t\t\t\t\t\t\t\t<\/p>\n\t\t\t\t\t\t\t<\/div><\/div><\/div><\/div><div class='gallery-item-wrapper gallery-item-position-3 gallery-item-attachment-12583 gallery-item-column-3 gallery-item-last-column'><div class='gallery-item'>\n\t\t\t\t<div class='gallery-item-inner'>\n\t\t\t\t\t<div class='gallery-icon portrait'>\n\t\t\t\t\t\t<img width=\"150\" height=\"150\" src=\"https:\/\/www.infraestruturameioambiente.sp.gov.br\/institutogeologico\/wp-content\/uploads\/sites\/233\/2019\/03\/Relatorio_CGG_Comissao_Geografica_e_Geologica-1906-150x150.jpg\" class=\"attachment-thumbnail size-thumbnail\" alt=\"\" decoding=\"async\" loading=\"lazy\" \/>\n\t\t\t\t\t<\/div>\n\t\t\t\t\t\t\t<div class='wp-caption-text gallery-caption'>\n\t\t\t\t\t\t\t\t<p>\n\t\t\t\t\t\t\t\t<a href=\"https:\/\/www.infraestruturameioambiente.sp.gov.br\/institutogeologico\/wp-content\/uploads\/sites\/233\/2019\/03\/Relatorio_CGG_Comissao_Geografica_e_Geologica-1906.pdf\"> Rel\u00e1torio da Comiss\u00e3o Geogr\u00e1fica e Geol\u00f3gica &#8211; 1906 (PDF &#8211; 6.5 MB)<\/a>\n\t\t\t\t\t\t\t\t<\/p>\n\t\t\t\t\t\t\t<\/div><\/div><\/div><\/div><div class='gallery-item-wrapper gallery-item-position-4 gallery-item-attachment-12038 gallery-item-column-1'><div class='gallery-item'>\n\t\t\t\t<div class='gallery-item-inner'>\n\t\t\t\t\t<div class='gallery-icon portrait'>\n\t\t\t\t\t\t<img width=\"150\" height=\"150\" src=\"https:\/\/www.infraestruturameioambiente.sp.gov.br\/institutogeologico\/wp-content\/uploads\/sites\/233\/2018\/03\/CAPA_Relatorio_CGG_Exploracao_Dos_Rios_Feio_e_Aguapehy-1905-150x150.jpg\" class=\"attachment-thumbnail size-thumbnail\" alt=\"\" decoding=\"async\" loading=\"lazy\" \/>\n\t\t\t\t\t<\/div>\n\t\t\t\t\t\t\t<div class='wp-caption-text gallery-caption'>\n\t\t\t\t\t\t\t\t<p>\n\t\t\t\t\t\t\t\t<a href=\"https:\/\/smastr16.blob.core.windows.net\/igeo\/2019\/05\/relatorio_cgg_exploracao_rios_feio_e_aguapehy_1905.pdf\"> Rel\u00e1torio de Explora\u00e7\u00e3o dos Rios Feio e Aguapehy &#8211; 1905 (PDF &#8211; 44.5 MB)<\/a>\n\t\t\t\t\t\t\t\t<\/p>\n\t\t\t\t\t\t\t<\/div><\/div><\/div><\/div><div class='gallery-item-wrapper gallery-item-position-5 gallery-item-attachment-12358 gallery-item-column-2'><div class='gallery-item'>\n\t\t\t\t<div class='gallery-item-inner'>\n\t\t\t\t\t<div class='gallery-icon portrait'>\n\t\t\t\t\t\t<img width=\"150\" height=\"150\" src=\"https:\/\/www.infraestruturameioambiente.sp.gov.br\/institutogeologico\/wp-content\/uploads\/sites\/233\/2019\/02\/Exploracao_do_Rio_do_Peixe-1913-150x150.jpg\" class=\"attachment-thumbnail size-thumbnail\" alt=\"\" decoding=\"async\" loading=\"lazy\" \/>\n\t\t\t\t\t<\/div>\n\t\t\t\t\t\t\t<div class='wp-caption-text gallery-caption'>\n\t\t\t\t\t\t\t\t<p>\n\t\t\t\t\t\t\t\t <a href=\"https:\/\/www.infraestruturameioambiente.sp.gov.br\/institutogeologico\/wp-content\/uploads\/sites\/233\/2019\/02\/Relatorio_CGG_Exploracao_do_Rio_do_Peixe-1913.pdf\">  Relat\u00f3rio de Explora\u00e7\u00e3o do Rio do Peixe &#8211; 1913 (PDF &#8211; 19.4 MB)<\/a>\n\t\t\t\t\t\t\t\t<\/p>\n\t\t\t\t\t\t\t<\/div><\/div><\/div><\/div><div class='gallery-item-wrapper gallery-item-position-6 gallery-item-attachment-12037 gallery-item-column-3 gallery-item-last-column'><div class='gallery-item'>\n\t\t\t\t<div class='gallery-item-inner'>\n\t\t\t\t\t<div class='gallery-icon portrait'>\n\t\t\t\t\t\t<img width=\"150\" height=\"150\" src=\"https:\/\/www.infraestruturameioambiente.sp.gov.br\/institutogeologico\/wp-content\/uploads\/sites\/233\/2018\/03\/CAPA_Relatorio_CGG_Exploracao_Do_Rio_Grande_e_Seus_Afluentes-1913-150x150.jpg\" class=\"attachment-thumbnail size-thumbnail\" alt=\"\" decoding=\"async\" loading=\"lazy\" \/>\n\t\t\t\t\t<\/div>\n\t\t\t\t\t\t\t<div class='wp-caption-text gallery-caption'>\n\t\t\t\t\t\t\t\t<p>\n\t\t\t\t\t\t\t\t<a href=\"https:\/\/smastr16.blob.core.windows.net\/igeo\/2019\/05\/relatorio_cgg_exploracao_rio_grande_e_afluentes_1913.pdf\"> Rel\u00e1torio de Explora\u00e7\u00e3o do Rio-Grande e Seus Afluentes &#8211; 1913 (PDF &#8211; 57.7 MB)<\/a>\n\t\t\t\t\t\t\t\t<\/p>\n\t\t\t\t\t\t\t<\/div><\/div><\/div><\/div><div class='gallery-item-wrapper gallery-item-position-7 gallery-item-attachment-12355 gallery-item-column-1'><div class='gallery-item'>\n\t\t\t\t<div class='gallery-item-inner'>\n\t\t\t\t\t<div class='gallery-icon portrait'>\n\t\t\t\t\t\t<img width=\"150\" height=\"150\" src=\"https:\/\/www.infraestruturameioambiente.sp.gov.br\/institutogeologico\/wp-content\/uploads\/sites\/233\/2019\/02\/Exploraca_do_Rio_Ribeira_de_Iguape-1914-150x150.jpg\" class=\"attachment-thumbnail size-thumbnail\" alt=\"\" decoding=\"async\" loading=\"lazy\" \/>\n\t\t\t\t\t<\/div>\n\t\t\t\t\t\t\t<div class='wp-caption-text gallery-caption'>\n\t\t\t\t\t\t\t\t<p>\n\t\t\t\t\t\t\t\t<a href=\"https:\/\/www.infraestruturameioambiente.sp.gov.br\/institutogeologico\/wp-content\/uploads\/sites\/233\/2019\/02\/Exploracao_do_Rio_Ribeira_de_Iguape_1914.pdf\"> Relat\u00f3rio de Explora\u00e7\u00e3o do Rio Ribeira de Iguape &#8211; 1914 (PDF &#8211; 32.9 MB)<\/a>\n\t\t\t\t\t\t\t\t<\/p>\n\t\t\t\t\t\t\t<\/div><\/div><\/div><\/div><div class='gallery-item-wrapper gallery-item-position-8 gallery-item-attachment-12356 gallery-item-column-2'><div class='gallery-item'>\n\t\t\t\t<div class='gallery-item-inner'>\n\t\t\t\t\t<div class='gallery-icon portrait'>\n\t\t\t\t\t\t<img width=\"150\" height=\"150\" src=\"https:\/\/www.infraestruturameioambiente.sp.gov.br\/institutogeologico\/wp-content\/uploads\/sites\/233\/2019\/02\/Exploracao_da_regiao_comprehendida_pelas_folhas_topographicas-1927-150x150.jpg\" class=\"attachment-thumbnail size-thumbnail\" alt=\"\" decoding=\"async\" loading=\"lazy\" \/>\n\t\t\t\t\t<\/div>\n\t\t\t\t\t\t\t<div class='wp-caption-text gallery-caption'>\n\t\t\t\t\t\t\t\t<p>\n\t\t\t\t\t\t\t\t<a href=\"https:\/\/www.infraestruturameioambiente.sp.gov.br\/institutogeologico\/wp-content\/uploads\/sites\/233\/2019\/02\/Relatorio_CGG_Exploracao_regiao_comprehendida_pelas_folhas_topographicas_Sorocaba_Itarare_part_1.pdf\"> Relat\u00f3rio de Explora\u00e7\u00e3o do Rio Ribeira de Iguape &#8211; 1914 (PDF &#8211; 32.9 MB)<\/a>\n\t\t\t\t\t\t\t\t<\/p>\n\t\t\t\t\t\t\t<\/div><\/div><\/div><\/div><div class='gallery-item-wrapper gallery-item-position-9 gallery-item-attachment-12363 gallery-item-column-3 gallery-item-last-column'><div class='gallery-item'>\n\t\t\t\t<div class='gallery-item-inner'>\n\t\t\t\t\t<div class='gallery-icon portrait'>\n\t\t\t\t\t\t<img width=\"150\" height=\"150\" src=\"https:\/\/www.infraestruturameioambiente.sp.gov.br\/institutogeologico\/wp-content\/uploads\/sites\/233\/2019\/02\/Exploracao_da_regiao_comprehendida_pelas_folhas_topographicas-1927_2-150x150.jpg\" class=\"attachment-thumbnail size-thumbnail\" alt=\"\" decoding=\"async\" loading=\"lazy\" \/>\n\t\t\t\t\t<\/div>\n\t\t\t\t\t\t\t<div class='wp-caption-text gallery-caption'>\n\t\t\t\t\t\t\t\t<p>\n\t\t\t\t\t\t\t\t<a href=\"https:\/\/www.infraestruturameioambiente.sp.gov.br\/institutogeologico\/wp-content\/uploads\/sites\/233\/2019\/02\/Relatorio_CGG_Exploracao_regiao_comprehendida_pelas_folhas_topographicas_Sorocaba_Itarare_part_2.pdf\"> Relat\u00f3rio de Explora\u00e7\u00e3o da regi\u00e3o comprehendida pelas folhas topographicas &#8211; Sorocaba, Itapetininga, Bury, Faxina, Itaporanga, Sete Barras, Cap\u00e3o Bonito, Ribeir\u00e3o Branco e Itarar\u00e9 &#8211; 1927 Parte II (PDF &#8211; 42.8 MB)<\/a>\n\t\t\t\t\t\t\t\t<\/p>\n\t\t\t\t\t\t\t<\/div><\/div><\/div><\/div><\/div>\n<\/div>\n<p>Caso tenha interesse em realizar uma pesquisa documental, acesse as <a href=\"https:\/\/www.infraestruturameioambiente.sp.gov.br\/institutogeologico\/mugeo\/acervo-historico\/normas-de-utilizacao-do-acervo-historico\/\">NORMAS DE UTILIZA\u00c7\u00c3O<\/a> e veja como solicitar.<\/p>\n","protected":false},"excerpt":{"rendered":"<p>O Relat\u00f3rio da Comiss\u00e3o Geographica e Geologica \u2013 CGG foi um peri\u00f3dico editado em fasc\u00edculos com designa\u00e7\u00e3o num\u00e9rica e\/ou cronol\u00f3gica, em intervalos pr\u00e9-fixados (periodicidade), por tempo determinado (1889-1930), com a colabora\u00e7\u00e3o de um ou mais autores, tratando de assuntos sobre Geoci\u00eancias e \u00e1reas correlatas. Foram publica\u00e7\u00f5es de conte\u00fado t\u00e9cnico-cient\u00edfico com informa\u00e7\u00f5es baseadas em resultados experimentais [&hellip;]<\/p>\n","protected":false},"author":96,"featured_media":0,"parent":41,"menu_order":0,"comment_status":"closed","ping_status":"closed","template":"","meta":[],"_links":{"self":[{"href":"https:\/\/www.infraestruturameioambiente.sp.gov.br\/institutogeologico\/wp-json\/wp\/v2\/pages\/12043"}],"collection":[{"href":"https:\/\/www.infraestruturameioambiente.sp.gov.br\/institutogeologico\/wp-json\/wp\/v2\/pages"}],"about":[{"href":"https:\/\/www.infraestruturameioambiente.sp.gov.br\/institutogeologico\/wp-json\/wp\/v2\/types\/page"}],"author":[{"embeddable":true,"href":"https:\/\/www.infraestruturameioambiente.sp.gov.br\/institutogeologico\/wp-json\/wp\/v2\/users\/96"}],"replies":[{"embeddable":true,"href":"https:\/\/www.infraestruturameioambiente.sp.gov.br\/institutogeologico\/wp-json\/wp\/v2\/comments?post=12043"}],"version-history":[{"count":11,"href":"https:\/\/www.infraestruturameioambiente.sp.gov.br\/institutogeologico\/wp-json\/wp\/v2\/pages\/12043\/revisions"}],"predecessor-version":[{"id":13634,"href":"https:\/\/www.infraestruturameioambiente.sp.gov.br\/institutogeologico\/wp-json\/wp\/v2\/pages\/12043\/revisions\/13634"}],"up":[{"embeddable":true,"href":"https:\/\/www.infraestruturameioambiente.sp.gov.br\/institutogeologico\/wp-json\/wp\/v2\/pages\/41"}],"wp:attachment":[{"href":"https:\/\/www.infraestruturameioambiente.sp.gov.br\/institutogeologico\/wp-json\/wp\/v2\/media?parent=12043"}],"curies":[{"name":"wp","href":"https:\/\/api.w.org\/{rel}","templated":true}]}}