{"id":12,"date":"2012-02-29T10:52:13","date_gmt":"2012-02-29T13:52:13","guid":{"rendered":"https:\/\/www.infraestruturameioambiente.sp.gov.br\/institutogeologico\/?page_id=12"},"modified":"2019-03-07T12:39:18","modified_gmt":"2019-03-07T15:39:18","slug":"quem-somos","status":"publish","type":"page","link":"https:\/\/www.infraestruturameioambiente.sp.gov.br\/institutogeologico\/instituto\/quem-somos\/","title":{"rendered":"Quem Somos"},"content":{"rendered":"<p style=\"text-align: justify\">O Instituto Geol\u00f3gico (IG) \u00e9 um \u00f3rg\u00e3o origin\u00e1rio da \u201cComiss\u00e3o Geogr\u00e1phica e Geol\u00f3gica da Prov\u00edncia de S\u00e3o Paulo &#8211; CGG\u201d, criada em 1886 com o objetivo de planejar e executar estudos e pesquisas para subsidiar a ocupa\u00e7\u00e3o do territ\u00f3rio paulista, representando o esfor\u00e7o mais antigo da pesquisa cient\u00edfica no Estado de S\u00e3o Paulo. Vinculado \u00e0 Secretaria de Infraestrutura e Meio Ambiente, atualmente \u00e9 uma Institui\u00e7\u00e3o de Pesquisa Cient\u00edfica caracterizada como um centro de refer\u00eancia em Geoci\u00eancias na resposta aos desafios da sociedade.<\/p>\n<p><a href=\"https:\/\/www.infraestruturameioambiente.sp.gov.br\/wp-content\/uploads\/sites\/233\/2012\/02\/fachada_VM_2014.jpg\"><img decoding=\"async\" loading=\"lazy\" class=\"aligncenter size-full wp-image-9339\" src=\"https:\/\/www.infraestruturameioambiente.sp.gov.br\/wp-content\/uploads\/sites\/233\/2012\/02\/fachada_VM_2014.jpg\" alt=\"fachada_VM_2014\" width=\"600\" height=\"363\" srcset=\"https:\/\/www.infraestruturameioambiente.sp.gov.br\/institutogeologico\/wp-content\/uploads\/sites\/233\/2012\/02\/fachada_VM_2014.jpg 600w, https:\/\/www.infraestruturameioambiente.sp.gov.br\/institutogeologico\/wp-content\/uploads\/sites\/233\/2012\/02\/fachada_VM_2014-300x181.jpg 300w, https:\/\/www.infraestruturameioambiente.sp.gov.br\/institutogeologico\/wp-content\/uploads\/sites\/233\/2012\/02\/fachada_VM_2014-446x270.jpg 446w, https:\/\/www.infraestruturameioambiente.sp.gov.br\/institutogeologico\/wp-content\/uploads\/sites\/233\/2012\/02\/fachada_VM_2014-256x155.jpg 256w, https:\/\/www.infraestruturameioambiente.sp.gov.br\/institutogeologico\/wp-content\/uploads\/sites\/233\/2012\/02\/fachada_VM_2014-160x97.jpg 160w, https:\/\/www.infraestruturameioambiente.sp.gov.br\/institutogeologico\/wp-content\/uploads\/sites\/233\/2012\/02\/fachada_VM_2014-68x41.jpg 68w, https:\/\/www.infraestruturameioambiente.sp.gov.br\/institutogeologico\/wp-content\/uploads\/sites\/233\/2012\/02\/fachada_VM_2014-129x78.jpg 129w, https:\/\/www.infraestruturameioambiente.sp.gov.br\/institutogeologico\/wp-content\/uploads\/sites\/233\/2012\/02\/fachada_VM_2014-163x99.jpg 163w, https:\/\/www.infraestruturameioambiente.sp.gov.br\/institutogeologico\/wp-content\/uploads\/sites\/233\/2012\/02\/fachada_VM_2014-70x42.jpg 70w, https:\/\/www.infraestruturameioambiente.sp.gov.br\/institutogeologico\/wp-content\/uploads\/sites\/233\/2012\/02\/fachada_VM_2014-330x199.jpg 330w, https:\/\/www.infraestruturameioambiente.sp.gov.br\/institutogeologico\/wp-content\/uploads\/sites\/233\/2012\/02\/fachada_VM_2014-69x41.jpg 69w\" sizes=\"(max-width: 600px) 100vw, 600px\" \/><\/a><a href=\"https:\/\/www.youtube.com\/watch?v=q2GV5V6q8LM\">CLIQUE AQUI<\/a> para ver o v\u00eddeo institucional<\/p>\n<p>&nbsp;<\/p>\n","protected":false},"excerpt":{"rendered":"<p>O Instituto Geol\u00f3gico (IG) \u00e9 um \u00f3rg\u00e3o origin\u00e1rio da \u201cComiss\u00e3o Geogr\u00e1phica e Geol\u00f3gica da Prov\u00edncia de S\u00e3o Paulo &#8211; CGG\u201d, criada em 1886 com o objetivo de planejar e executar estudos e pesquisas para subsidiar a ocupa\u00e7\u00e3o do territ\u00f3rio paulista, representando o esfor\u00e7o mais antigo da pesquisa cient\u00edfica no Estado de S\u00e3o Paulo. Vinculado \u00e0 [&hellip;]<\/p>\n","protected":false},"author":25,"featured_media":0,"parent":26,"menu_order":1,"comment_status":"open","ping_status":"closed","template":"","meta":[],"_links":{"self":[{"href":"https:\/\/www.infraestruturameioambiente.sp.gov.br\/institutogeologico\/wp-json\/wp\/v2\/pages\/12"}],"collection":[{"href":"https:\/\/www.infraestruturameioambiente.sp.gov.br\/institutogeologico\/wp-json\/wp\/v2\/pages"}],"about":[{"href":"https:\/\/www.infraestruturameioambiente.sp.gov.br\/institutogeologico\/wp-json\/wp\/v2\/types\/page"}],"author":[{"embeddable":true,"href":"https:\/\/www.infraestruturameioambiente.sp.gov.br\/institutogeologico\/wp-json\/wp\/v2\/users\/25"}],"replies":[{"embeddable":true,"href":"https:\/\/www.infraestruturameioambiente.sp.gov.br\/institutogeologico\/wp-json\/wp\/v2\/comments?post=12"}],"version-history":[{"count":28,"href":"https:\/\/www.infraestruturameioambiente.sp.gov.br\/institutogeologico\/wp-json\/wp\/v2\/pages\/12\/revisions"}],"predecessor-version":[{"id":12530,"href":"https:\/\/www.infraestruturameioambiente.sp.gov.br\/institutogeologico\/wp-json\/wp\/v2\/pages\/12\/revisions\/12530"}],"up":[{"embeddable":true,"href":"https:\/\/www.infraestruturameioambiente.sp.gov.br\/institutogeologico\/wp-json\/wp\/v2\/pages\/26"}],"wp:attachment":[{"href":"https:\/\/www.infraestruturameioambiente.sp.gov.br\/institutogeologico\/wp-json\/wp\/v2\/media?parent=12"}],"curies":[{"name":"wp","href":"https:\/\/api.w.org\/{rel}","templated":true}]}}