{"id":110,"date":"2012-02-29T11:54:01","date_gmt":"2012-02-29T14:54:01","guid":{"rendered":"https:\/\/www.infraestruturameioambiente.sp.gov.br\/institutogeologico\/?page_id=110"},"modified":"2020-09-22T16:27:06","modified_gmt":"2020-09-22T19:27:06","slug":"equipe","status":"publish","type":"page","link":"https:\/\/www.infraestruturameioambiente.sp.gov.br\/institutogeologico\/pesquisas-em-geociencias\/hidrogeologia\/equipe\/","title":{"rendered":"Equipe"},"content":{"rendered":"<p><a href=\"https:\/\/www.infraestruturameioambiente.sp.gov.br\/wp-content\/uploads\/sites\/233\/2012\/02\/foto-Amelia-3x4.jpg\"><img decoding=\"async\" loading=\"lazy\" class=\"alignleft size-thumbnail wp-image-520\" src=\"https:\/\/www.infraestruturameioambiente.sp.gov.br\/wp-content\/uploads\/sites\/233\/2012\/02\/foto-Amelia-3x4-150x150.jpg\" alt=\"\" width=\"150\" height=\"150\" \/><\/a><strong>Am\u00e9lia Jo\u00e3o Fernandes<\/strong>, Doutora, Pesquisadora Cient\u00edfica VI. Ge\u00f3loga. Mestre em Ci\u00eancias na \u00e1rea de Geoqu\u00edmica e Geotect\u00f4nica pelo Instituto de Geoci\u00eancias da Universidade de S\u00e3o Paulo (IGc\/USP). Doutora em Ci\u00eancias na \u00e1rea de Recursos Minerais e Hidrogeologia pelo IGc\/USP.<\/p>\n<ul>\n<li>Contato: <a href=\"mailto:amelia@sp.gov.br\">amelia@sp.gov.br<\/a><\/li>\n<li><a href=\"http:\/\/buscatextual.cnpq.br\/buscatextual\/visualizacv.do?id=K4760632H7\">Curriculo Lattes<\/a><\/li>\n<\/ul>\n<p><br class=\"clear\" \/><a href=\"https:\/\/www.infraestruturameioambiente.sp.gov.br\/wp-content\/uploads\/sites\/233\/2012\/02\/foto-Amelia-3x4.jpg\"><img decoding=\"async\" loading=\"lazy\" class=\"alignleft size-thumbnail wp-image-520\" src=\"https:\/\/www.infraestruturameioambiente.sp.gov.br\/wp-content\/uploads\/sites\/233\/2012\/02\/foto-Amelia-3x4-150x150.jpg\" alt=\"\" width=\"150\" height=\"150\" \/><\/a><strong>Claudia Luciana Varnier<\/strong>, Doutora, Pesquisadora Cient\u00edfica V. Ge\u00f3loga. Mestre e Doutora em Ci\u00eancias na \u00e1rea de Hidrogeologia pelo Instituto de Geoci\u00eancias da Universidade de S\u00e3o Paulo (IGc\/USP).<\/p>\n<ul>\n<li>Contato: <a href=\"mailto:claudia.varnier@sp.gov.br\">claudia.varnier@sp.gov.br<\/a><\/li>\n<li><a href=\"http:\/\/buscatextual.cnpq.br\/buscatextual\/visualizacv.do?id=K4139255P6\" target=\"blank\" rel=\"noopener noreferrer\">Curriculo Lattes<\/a><\/li>\n<\/ul>\n<p>&nbsp;<\/p>\n<p><a href=\"https:\/\/www.infraestruturameioambiente.sp.gov.br\/wp-content\/uploads\/sites\/233\/2012\/02\/foto-Amelia-3x4.jpg\"><img decoding=\"async\" loading=\"lazy\" class=\"alignleft size-thumbnail wp-image-520\" src=\"https:\/\/www.infraestruturameioambiente.sp.gov.br\/wp-content\/uploads\/sites\/233\/2012\/02\/foto-Amelia-3x4-150x150.jpg\" alt=\"\" width=\"150\" height=\"150\" \/><\/a><strong>Mara Akie Iritani<\/strong>, Doutora, Pesquisadora Cient\u00edfica VI. Ge\u00f3loga. Mestre e Doutora em Ci\u00eancias na \u00e1rea de Hidrogeologia pelo Instituto de Geoci\u00eancias da Universidade de S\u00e3o Paulo (IGc\/USP).<\/p>\n<ul>\n<li>Contato: <a href=\"mailto:mara.iritani@sp.gov.br\">mara.iritani@sp.gov.br<\/a><\/li>\n<li><a href=\"http:\/\/buscatextual.cnpq.br\/buscatextual\/visualizacv.do?id=K4784130E7\" target=\"blank\" rel=\"noopener noreferrer\">Curriculo Lattes<\/a><\/li>\n<\/ul>\n<p><br class=\"clear\" \/><a href=\"https:\/\/www.infraestruturameioambiente.sp.gov.br\/wp-content\/uploads\/sites\/233\/2012\/02\/Foto-Sibele-3x4.jpg\"><img decoding=\"async\" loading=\"lazy\" class=\"alignleft size-thumbnail wp-image-522\" src=\"https:\/\/www.infraestruturameioambiente.sp.gov.br\/wp-content\/uploads\/sites\/233\/2012\/02\/Foto-Sibele-3x4-150x150.jpg\" alt=\"Sibele Ezaki\" width=\"150\" height=\"150\" \/><\/a><strong>Sibele Ezaki<\/strong>, Doutora, Pesquisadora Cient\u00edfica IV. Ge\u00f3loga. Mestre e Doutora em Ci\u00eancias na \u00e1rea de Hidrogeologia pelo Instituto de Geoci\u00eancias da Universidade de S\u00e3o Paulo (IGc\/USP).<\/p>\n<ul>\n<li>Contato: <a href=\"mailto:sibezaki@sp.gov.br\">sibezaki@sp.gov.br<\/a><\/li>\n<li><a href=\"http:\/\/buscatextual.cnpq.br\/buscatextual\/visualizacv.do?id=K4772967A7\" target=\"blank\" rel=\"noopener noreferrer\">Curriculo Lattes<\/a><\/li>\n<\/ul>\n<div><\/div>\n","protected":false},"excerpt":{"rendered":"<p>Am\u00e9lia Jo\u00e3o Fernandes, Doutora, Pesquisadora Cient\u00edfica VI. Ge\u00f3loga. Mestre em Ci\u00eancias na \u00e1rea de Geoqu\u00edmica e Geotect\u00f4nica pelo Instituto de Geoci\u00eancias da Universidade de S\u00e3o Paulo (IGc\/USP). Doutora em Ci\u00eancias na \u00e1rea de Recursos Minerais e Hidrogeologia pelo IGc\/USP. Contato: amelia@sp.gov.br Curriculo Lattes Claudia Luciana Varnier, Doutora, Pesquisadora Cient\u00edfica V. Ge\u00f3loga. Mestre e Doutora em [&hellip;]<\/p>\n","protected":false},"author":96,"featured_media":0,"parent":108,"menu_order":1,"comment_status":"open","ping_status":"closed","template":"","meta":[],"_links":{"self":[{"href":"https:\/\/www.infraestruturameioambiente.sp.gov.br\/institutogeologico\/wp-json\/wp\/v2\/pages\/110"}],"collection":[{"href":"https:\/\/www.infraestruturameioambiente.sp.gov.br\/institutogeologico\/wp-json\/wp\/v2\/pages"}],"about":[{"href":"https:\/\/www.infraestruturameioambiente.sp.gov.br\/institutogeologico\/wp-json\/wp\/v2\/types\/page"}],"author":[{"embeddable":true,"href":"https:\/\/www.infraestruturameioambiente.sp.gov.br\/institutogeologico\/wp-json\/wp\/v2\/users\/96"}],"replies":[{"embeddable":true,"href":"https:\/\/www.infraestruturameioambiente.sp.gov.br\/institutogeologico\/wp-json\/wp\/v2\/comments?post=110"}],"version-history":[{"count":23,"href":"https:\/\/www.infraestruturameioambiente.sp.gov.br\/institutogeologico\/wp-json\/wp\/v2\/pages\/110\/revisions"}],"predecessor-version":[{"id":13580,"href":"https:\/\/www.infraestruturameioambiente.sp.gov.br\/institutogeologico\/wp-json\/wp\/v2\/pages\/110\/revisions\/13580"}],"up":[{"embeddable":true,"href":"https:\/\/www.infraestruturameioambiente.sp.gov.br\/institutogeologico\/wp-json\/wp\/v2\/pages\/108"}],"wp:attachment":[{"href":"https:\/\/www.infraestruturameioambiente.sp.gov.br\/institutogeologico\/wp-json\/wp\/v2\/media?parent=110"}],"curies":[{"name":"wp","href":"https:\/\/api.w.org\/{rel}","templated":true}]}}