{"id":102,"date":"2012-02-29T11:40:59","date_gmt":"2012-02-29T14:40:59","guid":{"rendered":"https:\/\/www.infraestruturameioambiente.sp.gov.br\/institutogeologico\/?page_id=102"},"modified":"2020-09-22T16:25:20","modified_gmt":"2020-09-22T19:25:20","slug":"equipe","status":"publish","type":"page","link":"https:\/\/www.infraestruturameioambiente.sp.gov.br\/institutogeologico\/pesquisas-em-geociencias\/geologia-de-engenharia-e-ambiental\/equipe\/","title":{"rendered":"Equipe"},"content":{"rendered":"<p><a href=\"https:\/\/www.infraestruturameioambiente.sp.gov.br\/wp-content\/uploads\/sites\/233\/2012\/02\/foto-Celia-3x4.jpg\"><img decoding=\"async\" loading=\"lazy\" class=\"alignleft size-thumbnail wp-image-507\" src=\"https:\/\/www.infraestruturameioambiente.sp.gov.br\/wp-content\/uploads\/sites\/233\/2012\/02\/foto-Celia-3x4-150x150.jpg\" alt=\"\" width=\"150\" height=\"150\" \/><\/a><strong>C\u00e9lia Regina de Gouveia Souza<\/strong>, Doutora, Pesquisadora Cient\u00edfica VI. Ge\u00f3loga. Mestre em Oceanografia Geol\u00f3gica pelo Instituto Oceanogr\u00e1fico da Universidade de S\u00e3o Paulo (IO\/USP). Doutora em Ci\u00eancias na \u00e1rea de Geologia Sedimentar pelo Instituto de Geoci\u00eancias da Universidade de S\u00e3o Paulo (IGc\/USP).<\/p>\n<ul>\n<li>Contato: <a href=\"mailto:celia@sp.gov.br\">celia@sp.gov.br<\/a><\/li>\n<li><a href=\"http:\/\/buscatextual.cnpq.br\/buscatextual\/visualizacv.do?id=K4786455P1\" target=\"blank\" rel=\"noopener noreferrer\">Curriculo Lattes<\/a><\/li>\n<\/ul>\n<p><br class=\"clear\" \/><a href=\"https:\/\/www.infraestruturameioambiente.sp.gov.br\/wp-content\/uploads\/sites\/233\/2012\/02\/foto-Claudio-3x4.jpg.jpg\"><img decoding=\"async\" loading=\"lazy\" class=\"alignleft size-thumbnail wp-image-508\" src=\"https:\/\/www.infraestruturameioambiente.sp.gov.br\/wp-content\/uploads\/sites\/233\/2012\/02\/foto-Claudio-3x4.jpg-150x150.jpg\" alt=\"\" width=\"150\" height=\"150\" \/><\/a><strong>Cl\u00e1udio Jos\u00e9 Ferreira<\/strong>, Doutor, Pesquisador Cient\u00edfico VI. Ge\u00f3logo. Mestre e Doutor em Geoci\u00eancias na \u00e1rea de Geologia Regional pelo Instituto de Geoci\u00eancias e Ci\u00eancias Exatas da Universidade Estadual Paulista (UNESP\/Rio Claro). P\u00f3s Doutorado pela University of Sheffield (Reino Unido).<\/p>\n<ul>\n<li>Contato: <a href=\"mailto:cferreira@sp.gov.br\">cferreira@sp.gov.br<\/a><\/li>\n<li><a href=\"http:\/\/buscatextual.cnpq.br\/buscatextual\/visualizacv.do?id=K4782196Y3\" target=\"blank\" rel=\"noopener noreferrer\">Curriculo Lattes<\/a><\/li>\n<\/ul>\n<p><br class=\"clear\" \/><a href=\"https:\/\/www.infraestruturameioambiente.sp.gov.br\/wp-content\/uploads\/sites\/233\/2012\/02\/foto-Eduardo-de-Andrade-3x4.jpg\"><img decoding=\"async\" loading=\"lazy\" class=\"alignleft size-thumbnail wp-image-510\" src=\"https:\/\/www.infraestruturameioambiente.sp.gov.br\/wp-content\/uploads\/sites\/233\/2012\/02\/foto-Eduardo-de-Andrade-3x4-150x150.jpg\" alt=\"\" width=\"150\" height=\"150\" \/><\/a><strong>Eduardo de Andrade<\/strong>, Graduado, Especialista Ambiental I. Tecn\u00f3logo em Constru\u00e7\u00e3o Civil pela FATEC-SP.<\/p>\n<ul>\n<li>Contato: <a href=\"mailto:eduardo@sp.gov.br\">eduardo@sp.gov.br<\/a><\/li>\n<li><a href=\"http:\/\/buscatextual.cnpq.br\/buscatextual\/visualizacv.do?id=K4320906A9\">Curriculo Lattes<\/a><\/li>\n<\/ul>\n<p>&nbsp;<\/p>\n<p><br class=\"clear\" \/><a href=\"https:\/\/www.infraestruturameioambiente.sp.gov.br\/wp-content\/uploads\/sites\/233\/2013\/05\/foto-edu-3x4.jpg\"><img decoding=\"async\" loading=\"lazy\" class=\"alignleft size-thumbnail wp-image-510\" src=\"https:\/\/www.infraestruturameioambiente.sp.gov.br\/wp-content\/uploads\/sites\/233\/2013\/05\/foto-edu-3x4-150x150.jpg\" alt=\"\" width=\"150\" height=\"150\" \/><\/a><strong>Eduardo Schmid Braga<\/strong>, Graduado, Assistente T\u00e9cnico de Pesquisa Cient\u00edfica e Tecnol\u00f3gica I. Ge\u00f3grafo. Bacharel e Licenciado pela Faculdade de Filosofia Ci\u00eancias e Letras do Centro Universit\u00e1rio Funda\u00e7\u00e3o Santo Andr\u00e9;<\/p>\n<ul>\n<li>Contato: <a href=\"mailto:edubraga@sp.gov.br\">edubraga@sp.gov.br<\/a><\/li>\n<li><a href=\"http:\/\/buscatextual.cnpq.br\/buscatextual\/visualizacv.do?id=K4311904E5\">Curriculo Lattes<\/a><\/li>\n<\/ul>\n<p><br class=\"clear\" \/><a href=\"https:\/\/www.infraestruturameioambiente.sp.gov.br\/wp-content\/uploads\/sites\/233\/2012\/02\/foto-Jair-3x4.jpg\"><img decoding=\"async\" loading=\"lazy\" class=\"alignleft size-thumbnail wp-image-3230\" src=\"https:\/\/www.infraestruturameioambiente.sp.gov.br\/wp-content\/uploads\/sites\/233\/2012\/02\/foto-Jair-3x4-150x150.jpg\" alt=\"\" width=\"150\" height=\"150\" \/><\/a><strong>Jair Santoro<\/strong>, Doutor, Pesquisador Cient\u00edfico VI. Ge\u00f3logo. Mestre e Doutor em Geoci\u00eancias na \u00e1rea de Geoci\u00eancias e Meio Ambiente pelo Instituto de Geoci\u00eancias e Ci\u00eancias Exatas da Universidade Estadual Paulista (UNESP\/Rio Claro).<\/p>\n<ul>\n<li>Contato: <a href=\"mailto:jsantoro@sp.gov.br\">jsantoro@sp.gov.br<\/a><\/li>\n<li><a href=\"http:\/\/buscatextual.cnpq.br\/buscatextual\/visualizacv.do?id=K4760636P2\" target=\"blank\" rel=\"noopener noreferrer\">Curriculo Lattes<\/a><\/li>\n<\/ul>\n<p><br class=\"clear\" \/><a href=\"https:\/\/www.infraestruturameioambiente.sp.gov.br\/wp-content\/uploads\/sites\/233\/2012\/02\/foto-Lidia-3x4.jpg\"><img decoding=\"async\" loading=\"lazy\" class=\"alignleft size-thumbnail wp-image-511\" src=\"https:\/\/www.infraestruturameioambiente.sp.gov.br\/wp-content\/uploads\/sites\/233\/2012\/02\/foto-Lidia-3x4-150x150.jpg\" alt=\"\" width=\"150\" height=\"150\" \/><\/a><strong>L\u00eddia Keiko Tominaga<\/strong>, Doutora, Pesquisadora Cient\u00edfica VI. Ge\u00f3loga. Mestre e Doutora em Ci\u00eancias na \u00e1rea de Geografia F\u00edsica &#8211; Geomorfologia pela Faculdade de Filosofia, Letras e Ci\u00eancias Humanas da Universidade de S\u00e3o Paulo (FFLCH\/USP).<\/p>\n<ul>\n<li>Contato: <a href=\"mailto:tominaga@sp.gov.br\">tominaga@sp.gov.br<\/a><\/li>\n<li><a href=\"http:\/\/buscatextual.cnpq.br\/buscatextual\/visualizacv.do?id=K4217846J5\">Curriculo Lattes<\/a><\/li>\n<\/ul>\n<p><br class=\"clear\" \/><a href=\"https:\/\/www.infraestruturameioambiente.sp.gov.br\/wp-content\/uploads\/sites\/233\/2012\/02\/foto-Maria-Jos\u00e9-3x4.jpg\"><img decoding=\"async\" loading=\"lazy\" class=\"alignleft size-thumbnail wp-image-512\" src=\"https:\/\/www.infraestruturameioambiente.sp.gov.br\/wp-content\/uploads\/sites\/233\/2012\/02\/foto-Maria-Jos\u00e9-3x4-150x150.jpg\" alt=\"\" width=\"150\" height=\"150\" \/><\/a><strong>Maria Jos\u00e9 Brollo<\/strong>, Doutora, Pesquisadora Cient\u00edfica VI. Ge\u00f3loga. Mestre em Engenharia na \u00e1rea de Geotecnia pela Escola de Engenharia de S\u00e3o Carlos (EESC\/USP). Doutora em Sa\u00fade P\u00fablica na \u00e1rea de Sa\u00fade Ambiental pela Faculdade de Sa\u00fade P\u00fablica da Universidade de S\u00e3o Paulo (FSP\/USP).<\/p>\n<ul>\n<li>Contato: <a href=\"mailto:mbrollo@sp.gov.br\">mbrollo@sp.gov.br<\/a><\/li>\n<li><a href=\"http:\/\/buscatextual.cnpq.br\/buscatextual\/visualizacv.do?id=K4784813H0\">Curriculo Lattes<\/a><\/li>\n<\/ul>\n<p><br class=\"clear\" \/><a href=\"https:\/\/www.infraestruturameioambiente.sp.gov.br\/wp-content\/uploads\/sites\/233\/2012\/02\/foto-Paulo-C\u00e9sar-3x4.jpg\"><img decoding=\"async\" loading=\"lazy\" class=\"alignleft size-thumbnail wp-image-513\" src=\"https:\/\/www.infraestruturameioambiente.sp.gov.br\/wp-content\/uploads\/sites\/233\/2012\/02\/foto-Paulo-C\u00e9sar-3x4-150x150.jpg\" alt=\"\" width=\"150\" height=\"150\" \/><\/a><strong>Paulo C\u00e9sar Fernandes da Silva<\/strong>, Doutor, Pesquisador Cient\u00edfico VI. Ge\u00f3logo. Especialista em Geologia Econ\u00f4mica pela Universidade Federal do Rio de Janeiro. Especialista em Geologia e Geof\u00edsica Marinha pela Universidade Federal Fluminense (UFF). Mestre em Geologia Sedimentar pelo Instituto de Geoci\u00eancias da Universidade de S\u00e3o Paulo (IGc\/USP). Doutor em Engenharia Sanit\u00e1ria e Ambiental pela University of Sheffield (Reino Unido).<\/p>\n<ul>\n<li>Contato: <a href=\"mailto:pcfsilva@sp.gov.br\">pcfsilva@sp.gov.br<\/a><\/li>\n<li><a href=\"http:\/\/buscatextual.cnpq.br\/buscatextual\/visualizacv.do?id=K4785490T0\" target=\"blank\" rel=\"noopener noreferrer\">Curriculo Lattes<\/a><\/li>\n<\/ul>\n<p><br class=\"clear\" \/><a href=\"https:\/\/www.infraestruturameioambiente.sp.gov.br\/wp-content\/uploads\/sites\/233\/2012\/02\/foto-Ricardo-Vedovello-3x4.jpg\"><img decoding=\"async\" loading=\"lazy\" class=\"alignleft size-thumbnail wp-image-514\" src=\"https:\/\/www.infraestruturameioambiente.sp.gov.br\/wp-content\/uploads\/sites\/233\/2012\/02\/foto-Ricardo-Vedovello-3x4-150x150.jpg\" alt=\"\" width=\"150\" height=\"150\" \/><\/a><strong>Ricardo Vedovello<\/strong>, Doutor, Pesquisador Cient\u00edfico VI. Ge\u00f3logo. Mestre em Sensoriamento Remoto pelo Instituto Nacional de Pesquisas Espaciais (INPE). Doutor em Geoci\u00eancias na \u00e1rea de Geoci\u00eancias e Meio Ambiente pelo Instituto de Geoci\u00eancias e Ci\u00eancias Exatas da Universidade Estadual Paulista (UNESP\/Rio Claro).<\/p>\n<ul>\n<li>Contato: <a href=\"mailto:vedovello@sp.gov.br\">vedovello@sp.gov.br<\/a><\/li>\n<li><a href=\"http:\/\/buscatextual.cnpq.br\/buscatextual\/visualizacv.do?id=K4723058J4\">Curriculo Lattes<\/a><\/li>\n<\/ul>\n<p><a href=\"https:\/\/www.infraestruturameioambiente.sp.gov.br\/wp-content\/uploads\/sites\/233\/2012\/03\/ABA-3D-LABORAT\u00d3RIOS-E-GEOTECNOLOGIA-GEOPROCESSAMENTO-Foto-Pedro-3x4.jpg\"><img decoding=\"async\" loading=\"lazy\" class=\"alignleft size-thumbnail wp-image-6866\" title=\"ABA 3D LABORAT\u00d3RIOS E GEOTECNOLOGIA - GEOPROCESSAMENTO Foto Pedro 3x4\" src=\"https:\/\/www.infraestruturameioambiente.sp.gov.br\/wp-content\/uploads\/sites\/233\/2012\/03\/ABA-3D-LABORAT\u00d3RIOS-E-GEOTECNOLOGIA-GEOPROCESSAMENTO-Foto-Pedro-3x4-150x150.jpg\" alt=\"\" width=\"150\" height=\"150\" \/><\/a><strong>Pedro Carignato Basilio Leal<\/strong>, p\u00f3s-graduando, Assistente T\u00e9cnico de Pesquisa Cient\u00edfica e Tecnol\u00f3gica. Graduado em Geografia pela Universidade Federal de Uberl\u00e2ndia (UFU\/Uberl\u00e2ndia). Mestrando em Ci\u00eancias na \u00e1rea de Geografia F\u00edsica &#8211; Geomorfologia pela Faculdade de Filosofia, Letras e Ci\u00eancias Humanas da Universidade de S\u00e3o Paulo (FFLCH\/USP).<\/p>\n<ul>\n<li>Contato: <a href=\"mailto:pedro.leal@sp.gov.br\">pedro.leal@sp.gov.br<\/a><\/li>\n<li><a href=\"http:\/\/buscatextual.cnpq.br\/buscatextual\/visualizacv.do?id=K4212667A1\" target=\"blank\" rel=\"noopener noreferrer\">Curriculo Lattes<\/a><\/li>\n<\/ul>\n","protected":false},"excerpt":{"rendered":"<p>C\u00e9lia Regina de Gouveia Souza, Doutora, Pesquisadora Cient\u00edfica VI. Ge\u00f3loga. Mestre em Oceanografia Geol\u00f3gica pelo Instituto Oceanogr\u00e1fico da Universidade de S\u00e3o Paulo (IO\/USP). Doutora em Ci\u00eancias na \u00e1rea de Geologia Sedimentar pelo Instituto de Geoci\u00eancias da Universidade de S\u00e3o Paulo (IGc\/USP). Contato: celia@sp.gov.br Curriculo Lattes Cl\u00e1udio Jos\u00e9 Ferreira, Doutor, Pesquisador Cient\u00edfico VI. Ge\u00f3logo. Mestre e [&hellip;]<\/p>\n","protected":false},"author":8,"featured_media":0,"parent":100,"menu_order":1,"comment_status":"open","ping_status":"closed","template":"","meta":[],"_links":{"self":[{"href":"https:\/\/www.infraestruturameioambiente.sp.gov.br\/institutogeologico\/wp-json\/wp\/v2\/pages\/102"}],"collection":[{"href":"https:\/\/www.infraestruturameioambiente.sp.gov.br\/institutogeologico\/wp-json\/wp\/v2\/pages"}],"about":[{"href":"https:\/\/www.infraestruturameioambiente.sp.gov.br\/institutogeologico\/wp-json\/wp\/v2\/types\/page"}],"author":[{"embeddable":true,"href":"https:\/\/www.infraestruturameioambiente.sp.gov.br\/institutogeologico\/wp-json\/wp\/v2\/users\/8"}],"replies":[{"embeddable":true,"href":"https:\/\/www.infraestruturameioambiente.sp.gov.br\/institutogeologico\/wp-json\/wp\/v2\/comments?post=102"}],"version-history":[{"count":34,"href":"https:\/\/www.infraestruturameioambiente.sp.gov.br\/institutogeologico\/wp-json\/wp\/v2\/pages\/102\/revisions"}],"predecessor-version":[{"id":13579,"href":"https:\/\/www.infraestruturameioambiente.sp.gov.br\/institutogeologico\/wp-json\/wp\/v2\/pages\/102\/revisions\/13579"}],"up":[{"embeddable":true,"href":"https:\/\/www.infraestruturameioambiente.sp.gov.br\/institutogeologico\/wp-json\/wp\/v2\/pages\/100"}],"wp:attachment":[{"href":"https:\/\/www.infraestruturameioambiente.sp.gov.br\/institutogeologico\/wp-json\/wp\/v2\/media?parent=102"}],"curies":[{"name":"wp","href":"https:\/\/api.w.org\/{rel}","templated":true}]}}