{"id":10124,"date":"2016-04-27T11:40:31","date_gmt":"2016-04-27T14:40:31","guid":{"rendered":"https:\/\/www.infraestruturameioambiente.sp.gov.br\/institutogeologico\/?page_id=10124"},"modified":"2023-04-27T12:25:17","modified_gmt":"2023-04-27T15:25:17","slug":"nucleo-de-biblioteca-e-mapoteca","status":"publish","type":"page","link":"https:\/\/www.infraestruturameioambiente.sp.gov.br\/institutogeologico\/instituto\/administrativo\/nucleo-de-biblioteca-e-mapoteca\/","title":{"rendered":"N\u00facleo de Biblioteca e Mapoteca"},"content":{"rendered":"<p><strong>O N\u00facleo de Biblioteca e Mapoteca tem as seguintes atribui\u00e7\u00f5es:<\/strong><\/p>\n<p>I &#8211; organizar e preservar os acervos bibliogr\u00e1fico,\u00a0cartogr\u00e1fico e document\u00e1rio do Instituto Geol\u00f3gico, compostos por livros, monografias,\u00a0teses, peri\u00f3dicos, mapas, fotos, ilustra\u00e7\u00f5es, discos, v\u00eddeos, filmes e outros suportes;<\/p>\n<p>II &#8211; manter atualizados cat\u00e1logos e bancos de dados relativos aos acervos de que trata\u00a0o inciso I deste artigo;<\/p>\n<p>III &#8211; organizar e manter servi\u00e7o de empr\u00e9stimos de publica\u00e7\u00f5es, bem como prestar\u00a0apoio aos usu\u00e1rios na pesquisa bibliogr\u00e1fica e na normatiza\u00e7\u00e3o da documenta\u00e7\u00e3o\u00a0cient\u00edfica;<\/p>\n<p>IV &#8211; proceder, em coopera\u00e7\u00e3o com servidores das \u00e1reas t\u00e9cnicas do Instituto, ao\u00a0levantamento de informa\u00e7\u00f5es para aquisi\u00e7\u00e3o de novos t\u00edtulos e itens para os acervos\u00a0bibliogr\u00e1fico, cartogr\u00e1fico e document\u00e1rio do Instituto;<\/p>\n<p>V &#8211; providenciar a exposi\u00e7\u00e3o e divulga\u00e7\u00e3o do material adquirido;<\/p>\n<p>VI &#8211; administrar, sob a supervis\u00e3o do Corpo T\u00e9cnico do Centro, o uso de imagens e\u00a0ilustra\u00e7\u00f5es de propriedade do Instituto, ou que se encontrem sob sua\u00a0responsabilidade;<\/p>\n<p>VII &#8211; selecionar e preparar os itens dos acervos bibliogr\u00e1fico, cartogr\u00e1fico e\u00a0document\u00e1rio, para restaura\u00e7\u00e3o, reforma, limpeza, encaderna\u00e7\u00e3o ou outras\u00a0provid\u00eancias voltadas \u00e0 sua preserva\u00e7\u00e3o, bem como adotar as medidas necess\u00e1rias\u00a0para a conserva\u00e7\u00e3o das instala\u00e7\u00f5es e dos equipamentos sob responsabilidade do\u00a0N\u00facleo;<\/p>\n<p>VIII &#8211; administrar e acompanhar o sistema de interc\u00e2mbio entre bibliotecas;<\/p>\n<p>IX &#8211; propor normas relativas ao uso das depend\u00eancias do N\u00facleo e dos acervos sob\u00a0sua guarda.<\/p>\n","protected":false},"excerpt":{"rendered":"<p>O N\u00facleo de Biblioteca e Mapoteca tem as seguintes atribui\u00e7\u00f5es: I &#8211; organizar e preservar os acervos bibliogr\u00e1fico,\u00a0cartogr\u00e1fico e document\u00e1rio do Instituto Geol\u00f3gico, compostos por livros, monografias,\u00a0teses, peri\u00f3dicos, mapas, fotos, ilustra\u00e7\u00f5es, discos, v\u00eddeos, filmes e outros suportes; II &#8211; manter atualizados cat\u00e1logos e bancos de dados relativos aos acervos de que trata\u00a0o inciso I deste [&hellip;]<\/p>\n","protected":false},"author":96,"featured_media":0,"parent":59,"menu_order":0,"comment_status":"closed","ping_status":"open","template":"","meta":[],"_links":{"self":[{"href":"https:\/\/www.infraestruturameioambiente.sp.gov.br\/institutogeologico\/wp-json\/wp\/v2\/pages\/10124"}],"collection":[{"href":"https:\/\/www.infraestruturameioambiente.sp.gov.br\/institutogeologico\/wp-json\/wp\/v2\/pages"}],"about":[{"href":"https:\/\/www.infraestruturameioambiente.sp.gov.br\/institutogeologico\/wp-json\/wp\/v2\/types\/page"}],"author":[{"embeddable":true,"href":"https:\/\/www.infraestruturameioambiente.sp.gov.br\/institutogeologico\/wp-json\/wp\/v2\/users\/96"}],"replies":[{"embeddable":true,"href":"https:\/\/www.infraestruturameioambiente.sp.gov.br\/institutogeologico\/wp-json\/wp\/v2\/comments?post=10124"}],"version-history":[{"count":4,"href":"https:\/\/www.infraestruturameioambiente.sp.gov.br\/institutogeologico\/wp-json\/wp\/v2\/pages\/10124\/revisions"}],"predecessor-version":[{"id":14042,"href":"https:\/\/www.infraestruturameioambiente.sp.gov.br\/institutogeologico\/wp-json\/wp\/v2\/pages\/10124\/revisions\/14042"}],"up":[{"embeddable":true,"href":"https:\/\/www.infraestruturameioambiente.sp.gov.br\/institutogeologico\/wp-json\/wp\/v2\/pages\/59"}],"wp:attachment":[{"href":"https:\/\/www.infraestruturameioambiente.sp.gov.br\/institutogeologico\/wp-json\/wp\/v2\/media?parent=10124"}],"curies":[{"name":"wp","href":"https:\/\/api.w.org\/{rel}","templated":true}]}}