{"id":10121,"date":"2016-04-27T11:33:28","date_gmt":"2016-04-27T14:33:28","guid":{"rendered":"https:\/\/www.infraestruturameioambiente.sp.gov.br\/institutogeologico\/?page_id=10121"},"modified":"2016-04-27T11:33:28","modified_gmt":"2016-04-27T14:33:28","slug":"conselho-tecnico-administrativo","status":"publish","type":"page","link":"https:\/\/www.infraestruturameioambiente.sp.gov.br\/institutogeologico\/instituto\/administrativo\/conselho-tecnico-administrativo\/","title":{"rendered":"Conselho T\u00e9cnico-Administrativo"},"content":{"rendered":"<p><strong>O Conselho T\u00e9cnico-Administrativo tem as seguintes atribui\u00e7\u00f5es:<\/strong><\/p>\n<p>I &#8211; subsidiar o Diretor do Instituto Geol\u00f3gico nas tomadas de decis\u00e3o, especialmente\u00a0no que se refere \u00e0 programa\u00e7\u00e3o das atividades da institui\u00e7\u00e3o;<\/p>\n<p>II &#8211; propor diretrizes, realizar o acompanhamento e avaliar as atividades desenvolvidas\u00a0pelo Instituto;<\/p>\n<p>III &#8211; opinar sobre:<\/p>\n<p>a) elabora\u00e7\u00e3o da proposta or\u00e7ament\u00e1ria e distribui\u00e7\u00e3o dos respectivos recursos,\u00a0observadas a programa\u00e7\u00e3o e as prioridades estabelecidas;<\/p>\n<p>b) propostas de:<\/p>\n<p>1. conv\u00eanios e outros ajustes a serem firmados com entidades p\u00fablicas ou privadas;<\/p>\n<p>2. altera\u00e7\u00e3o na organiza\u00e7\u00e3o do Instituto;<\/p>\n<p>IV &#8211; elaborar seu regimento interno.<\/p>\n<p>Artigo 54 &#8211; Comp\u00f5em o Conselho T\u00e9cnico-Administrativo:<\/p>\n<p>I &#8211; o Diretor do Instituto Geol\u00f3gico, que ser\u00e1 seu presidente;<\/p>\n<p>II &#8211; os Diretores das seguintes unidades:<\/p>\n<p>a) Centro de Geologia e Meio Ambiente;<\/p>\n<p>b) Centro de Estudos Geogr\u00e1ficos da Paisagem;<\/p>\n<p>c) Museu Geol\u00f3gico;<\/p>\n<p>d) Centro de Atividades Tecnol\u00f3gicas e Laboratoriais;<\/p>\n<p>e) Centro de Comunica\u00e7\u00f5es T\u00e9cnico-Cient\u00edficas em Geoci\u00eancias;<\/p>\n<p>f) Centro Administrativo;<\/p>\n<p>III &#8211; 1 (um) servidor integrante da Assist\u00eancia T\u00e9cnica;<\/p>\n<p>IV &#8211; 1 (um) representante dos servidores integrantes\u00a0da carreira de Pesquisador Cient\u00edfico;<\/p>\n<p>V &#8211; 1 (um) representante dos servidores integrantes das classes de apoio \u00e0 pesquisa\u00a0cient\u00edfica e tecnol\u00f3gica.<\/p>\n","protected":false},"excerpt":{"rendered":"<p>O Conselho T\u00e9cnico-Administrativo tem as seguintes atribui\u00e7\u00f5es: I &#8211; subsidiar o Diretor do Instituto Geol\u00f3gico nas tomadas de decis\u00e3o, especialmente\u00a0no que se refere \u00e0 programa\u00e7\u00e3o das atividades da institui\u00e7\u00e3o; II &#8211; propor diretrizes, realizar o acompanhamento e avaliar as atividades desenvolvidas\u00a0pelo Instituto; III &#8211; opinar sobre: a) elabora\u00e7\u00e3o da proposta or\u00e7ament\u00e1ria e distribui\u00e7\u00e3o dos respectivos [&hellip;]<\/p>\n","protected":false},"author":25,"featured_media":0,"parent":59,"menu_order":0,"comment_status":"closed","ping_status":"open","template":"","meta":[],"_links":{"self":[{"href":"https:\/\/www.infraestruturameioambiente.sp.gov.br\/institutogeologico\/wp-json\/wp\/v2\/pages\/10121"}],"collection":[{"href":"https:\/\/www.infraestruturameioambiente.sp.gov.br\/institutogeologico\/wp-json\/wp\/v2\/pages"}],"about":[{"href":"https:\/\/www.infraestruturameioambiente.sp.gov.br\/institutogeologico\/wp-json\/wp\/v2\/types\/page"}],"author":[{"embeddable":true,"href":"https:\/\/www.infraestruturameioambiente.sp.gov.br\/institutogeologico\/wp-json\/wp\/v2\/users\/25"}],"replies":[{"embeddable":true,"href":"https:\/\/www.infraestruturameioambiente.sp.gov.br\/institutogeologico\/wp-json\/wp\/v2\/comments?post=10121"}],"version-history":[{"count":1,"href":"https:\/\/www.infraestruturameioambiente.sp.gov.br\/institutogeologico\/wp-json\/wp\/v2\/pages\/10121\/revisions"}],"predecessor-version":[{"id":10122,"href":"https:\/\/www.infraestruturameioambiente.sp.gov.br\/institutogeologico\/wp-json\/wp\/v2\/pages\/10121\/revisions\/10122"}],"up":[{"embeddable":true,"href":"https:\/\/www.infraestruturameioambiente.sp.gov.br\/institutogeologico\/wp-json\/wp\/v2\/pages\/59"}],"wp:attachment":[{"href":"https:\/\/www.infraestruturameioambiente.sp.gov.br\/institutogeologico\/wp-json\/wp\/v2\/media?parent=10121"}],"curies":[{"name":"wp","href":"https:\/\/api.w.org\/{rel}","templated":true}]}}