{"id":10118,"date":"2016-04-27T11:26:46","date_gmt":"2016-04-27T14:26:46","guid":{"rendered":"https:\/\/www.infraestruturameioambiente.sp.gov.br\/institutogeologico\/?page_id=10118"},"modified":"2016-04-27T11:28:54","modified_gmt":"2016-04-27T14:28:54","slug":"assistencia-tecnica","status":"publish","type":"page","link":"https:\/\/www.infraestruturameioambiente.sp.gov.br\/institutogeologico\/instituto\/administrativo\/assistencia-tecnica\/","title":{"rendered":"Assist\u00eancia T\u00e9cnica"},"content":{"rendered":"<p><strong>A Assist\u00eancia T\u00e9cnica tem as seguintes atribui\u00e7\u00f5es:<\/strong><\/p>\n<p>I &#8211; assistir o Diretor do Instituto Geol\u00f3gico no desempenho de suas fun\u00e7\u00f5es;<\/p>\n<p>II &#8211; preparar, acompanhar e avaliar atividades, programas e projetos solicitados pelo dirigente;<\/p>\n<p>III &#8211; instruir e informar processos e expedientes que lhe forem encaminhados;<\/p>\n<p>IV &#8211; realizar estudos, elaborar relat\u00f3rios e emitir pareceres sobre assuntos que lhe forem submetidos;<\/p>\n<p>V &#8211; produzir informa\u00e7\u00f5es gerenciais para subsidiar as decis\u00f5es do dirigente da unidade;<\/p>\n<p>VI &#8211; controlar e acompanhar as atividades decorrentes de conv\u00eanios, contratos,\u00a0acordos e outros ajustes;<\/p>\n<p>VII &#8211; elaborar e implantar sistema de acompanhamento e controle das atividades\u00a0desenvolvidas;<\/p>\n<p>VIII &#8211; propor a elabora\u00e7\u00e3o de normas e manuais de procedimentos;<\/p>\n<p>IX &#8211; orientar as unidades integrantes da estrutura organizacional do Instituto na elabora\u00e7\u00e3o de projetos e na implementa\u00e7\u00e3o de fluxogramas, procedimentos, normas e instru\u00e7\u00f5es;<\/p>\n<p>X &#8211; administrar banco de dados e participar do preparo de relat\u00f3rios sobre as\u00a0atividades da institui\u00e7\u00e3o;<\/p>\n<p>XI &#8211; auxiliar na elabora\u00e7\u00e3o e no acompanhamento da execu\u00e7\u00e3o do or\u00e7amento;<\/p>\n<p>XII &#8211; prestar suporte aos pesquisadores cient\u00edficos nas quest\u00f5es relativas a registros de patente e propriedade intelectual.<\/p>\n","protected":false},"excerpt":{"rendered":"<p>A Assist\u00eancia T\u00e9cnica tem as seguintes atribui\u00e7\u00f5es: I &#8211; assistir o Diretor do Instituto Geol\u00f3gico no desempenho de suas fun\u00e7\u00f5es; II &#8211; preparar, acompanhar e avaliar atividades, programas e projetos solicitados pelo dirigente; III &#8211; instruir e informar processos e expedientes que lhe forem encaminhados; IV &#8211; realizar estudos, elaborar relat\u00f3rios e emitir pareceres sobre [&hellip;]<\/p>\n","protected":false},"author":25,"featured_media":0,"parent":59,"menu_order":0,"comment_status":"closed","ping_status":"open","template":"","meta":[],"_links":{"self":[{"href":"https:\/\/www.infraestruturameioambiente.sp.gov.br\/institutogeologico\/wp-json\/wp\/v2\/pages\/10118"}],"collection":[{"href":"https:\/\/www.infraestruturameioambiente.sp.gov.br\/institutogeologico\/wp-json\/wp\/v2\/pages"}],"about":[{"href":"https:\/\/www.infraestruturameioambiente.sp.gov.br\/institutogeologico\/wp-json\/wp\/v2\/types\/page"}],"author":[{"embeddable":true,"href":"https:\/\/www.infraestruturameioambiente.sp.gov.br\/institutogeologico\/wp-json\/wp\/v2\/users\/25"}],"replies":[{"embeddable":true,"href":"https:\/\/www.infraestruturameioambiente.sp.gov.br\/institutogeologico\/wp-json\/wp\/v2\/comments?post=10118"}],"version-history":[{"count":1,"href":"https:\/\/www.infraestruturameioambiente.sp.gov.br\/institutogeologico\/wp-json\/wp\/v2\/pages\/10118\/revisions"}],"predecessor-version":[{"id":10119,"href":"https:\/\/www.infraestruturameioambiente.sp.gov.br\/institutogeologico\/wp-json\/wp\/v2\/pages\/10118\/revisions\/10119"}],"up":[{"embeddable":true,"href":"https:\/\/www.infraestruturameioambiente.sp.gov.br\/institutogeologico\/wp-json\/wp\/v2\/pages\/59"}],"wp:attachment":[{"href":"https:\/\/www.infraestruturameioambiente.sp.gov.br\/institutogeologico\/wp-json\/wp\/v2\/media?parent=10118"}],"curies":[{"name":"wp","href":"https:\/\/api.w.org\/{rel}","templated":true}]}}