{"id":10104,"date":"2016-04-27T10:51:06","date_gmt":"2016-04-27T13:51:06","guid":{"rendered":"https:\/\/www.infraestruturameioambiente.sp.gov.br\/institutogeologico\/?page_id=10104"},"modified":"2023-04-27T12:25:29","modified_gmt":"2023-04-27T15:25:29","slug":"nucleo-de-publicacoes-e-divulgacao-em-geociencias-npdg","status":"publish","type":"page","link":"https:\/\/www.infraestruturameioambiente.sp.gov.br\/institutogeologico\/instituto\/administrativo\/nucleo-de-publicacoes-e-divulgacao-em-geociencias-npdg\/","title":{"rendered":"N\u00facleo de Publica\u00e7\u00f5es e Divulga\u00e7\u00e3o em Geoci\u00eancias &#8211; NPDG"},"content":{"rendered":"<div>\n<p><span style=\"font-size: small\"><strong>O N\u00facleo de Publica\u00e7\u00f5es e Divulga\u00e7\u00e3o em Geoci\u00eancias tem\u00a0as seguintes atribui\u00e7\u00f5es:<\/strong><\/span><\/p>\n<p><span style=\"font-size: small\">I &#8211; em rela\u00e7\u00e3o a mapas, publica\u00e7\u00f5es e material de divulga\u00e7\u00e3o do Instituto Geol\u00f3gico:<\/span><\/p>\n<\/div>\n<div><span style=\"font-size: small\">a) manter e controlar os estoques, registrando a entrada e a sa\u00edda de material\u00a0produzido e\/ou editado pelo Instituto;<\/span><\/div>\n<div><span style=\"font-size: small\">b) atualizar o arquivo de controle de duplicatas de mapas e publica\u00e7\u00f5es para fins de\u00a0reprodu\u00e7\u00e3o;<\/span><\/div>\n<div><span style=\"font-size: small\">c) elaborar balancetes mensais e invent\u00e1rio anual dos itens em estoque;<\/span><\/div>\n<div><span style=\"font-size: small\">d) atender aos pedidos de informa\u00e7\u00f5es e de interc\u00e2mbio de publica\u00e7\u00f5es, material\u00a0cartogr\u00e1fico e demais itens produzidos ou editados pela institui\u00e7\u00e3o;<\/span><\/div>\n<div><span style=\"font-size: small\">e) promover o atendimento de pedidos de doa\u00e7\u00e3o, permuta e venda de itens em\u00a0estoque, providenciando o preparo e acondicionamento dos volumes e as respectivas\u00a0entregas, quando for o caso;<\/span><\/div>\n<div><span style=\"font-size: small\">f) elaborar relat\u00f3rios referentes \u00e0s vendas realizadas e \u00e0 arrecada\u00e7\u00e3o resultante;<\/span><\/div>\n<div><\/div>\n<div><span style=\"font-size: small\">II &#8211; participar das exposi\u00e7\u00f5es destinadas \u00e0 promo\u00e7\u00e3o das publica\u00e7\u00f5es do Instituto;<\/span><\/div>\n<div><\/div>\n<div><span style=\"font-size: small\">III &#8211; providenciar:<\/span><\/div>\n<div><span style=\"font-size: small\">a) a prepara\u00e7\u00e3o dos materiais did\u00e1ticos e de divulga\u00e7\u00e3o das atividades da institui\u00e7\u00e3o,\u00a0para fins de publica\u00e7\u00e3o;<\/span><\/div>\n<div><span style=\"font-size: small\">b) a confec\u00e7\u00e3o e a expedi\u00e7\u00e3o de peri\u00f3dico oficial informativo, boletins, relat\u00f3rios e\u00a0outras publica\u00e7\u00f5es t\u00e9cnicas do Instituto;<\/span><\/div>\n<div><span style=\"font-size: small\">c) a execu\u00e7\u00e3o de servi\u00e7os fotogr\u00e1ficos, cinematogr\u00e1ficos e assemelhados;<\/span><\/div>\n<div><\/div>\n<div><span style=\"font-size: small\">IV &#8211; manter arquivo dos trabalhos executados e da documenta\u00e7\u00e3o audiovisual\u00a0produzida;<\/span><\/div>\n<div><\/div>\n<div><span style=\"font-size: small\">V &#8211; coordenar a cria\u00e7\u00e3o de projetos gr\u00e1ficos e a confec\u00e7\u00e3o de desenhos t\u00e9cnicos em\u00a0geral, promovendo a padroniza\u00e7\u00e3o visual de materiais gr\u00e1ficos referentes a\u00a0pesquisas geocient\u00edficas e divulga\u00e7\u00e3o.<\/span><\/div>\n<div><\/div>\n<div><\/div>\n<div><\/div>\n<div><\/div>\n","protected":false},"excerpt":{"rendered":"<p>O N\u00facleo de Publica\u00e7\u00f5es e Divulga\u00e7\u00e3o em Geoci\u00eancias tem\u00a0as seguintes atribui\u00e7\u00f5es: I &#8211; em rela\u00e7\u00e3o a mapas, publica\u00e7\u00f5es e material de divulga\u00e7\u00e3o do Instituto Geol\u00f3gico: a) manter e controlar os estoques, registrando a entrada e a sa\u00edda de material\u00a0produzido e\/ou editado pelo Instituto; b) atualizar o arquivo de controle de duplicatas de mapas e publica\u00e7\u00f5es [&hellip;]<\/p>\n","protected":false},"author":96,"featured_media":0,"parent":59,"menu_order":0,"comment_status":"closed","ping_status":"open","template":"","meta":[],"_links":{"self":[{"href":"https:\/\/www.infraestruturameioambiente.sp.gov.br\/institutogeologico\/wp-json\/wp\/v2\/pages\/10104"}],"collection":[{"href":"https:\/\/www.infraestruturameioambiente.sp.gov.br\/institutogeologico\/wp-json\/wp\/v2\/pages"}],"about":[{"href":"https:\/\/www.infraestruturameioambiente.sp.gov.br\/institutogeologico\/wp-json\/wp\/v2\/types\/page"}],"author":[{"embeddable":true,"href":"https:\/\/www.infraestruturameioambiente.sp.gov.br\/institutogeologico\/wp-json\/wp\/v2\/users\/96"}],"replies":[{"embeddable":true,"href":"https:\/\/www.infraestruturameioambiente.sp.gov.br\/institutogeologico\/wp-json\/wp\/v2\/comments?post=10104"}],"version-history":[{"count":5,"href":"https:\/\/www.infraestruturameioambiente.sp.gov.br\/institutogeologico\/wp-json\/wp\/v2\/pages\/10104\/revisions"}],"predecessor-version":[{"id":14043,"href":"https:\/\/www.infraestruturameioambiente.sp.gov.br\/institutogeologico\/wp-json\/wp\/v2\/pages\/10104\/revisions\/14043"}],"up":[{"embeddable":true,"href":"https:\/\/www.infraestruturameioambiente.sp.gov.br\/institutogeologico\/wp-json\/wp\/v2\/pages\/59"}],"wp:attachment":[{"href":"https:\/\/www.infraestruturameioambiente.sp.gov.br\/institutogeologico\/wp-json\/wp\/v2\/media?parent=10104"}],"curies":[{"name":"wp","href":"https:\/\/api.w.org\/{rel}","templated":true}]}}